{"id":93,"date":"2016-03-12T21:39:24","date_gmt":"2016-03-12T20:39:24","guid":{"rendered":"http:\/\/www.franchouille.fr\/shadowrun\/?page_id=93"},"modified":"2016-03-12T21:39:24","modified_gmt":"2016-03-12T20:39:24","slug":"colophon","status":"publish","type":"page","link":"http:\/\/www.franchouille.fr\/testsr\/a-propos\/colophon\/","title":{"rendered":"Colophon"},"content":{"rendered":"<p>Ce site et les serveurs qui permettent sont fonctionnement utilisent des logiciels libres, pour leur puissance, leur co\u00fbt minime, leur efficacit\u00e9 ; tout cela d\u00e9coulant de leur statut de logiciels \u00ab\u00a0_libres_\u00a0\u00bb:http:\/\/fr.wikipedia.org\/wiki\/Logiciel_libre.<\/p>\n<p>p=. &lt;img src=\u00a0\u00bb\/images\/15.png\u00a0\u00bb class=\u00a0\u00bbimgNorm\u00a0\u00bb alt=\u00a0\u00bbUtilise Linux\u00a0\u00bb \/&gt;<\/p>\n<p>p=.\u00a0 L&rsquo;infrastructure globale, les serveurs web et d&#8217;emails tournent sous \u00ab\u00a0Linux\u00a0\u00bb:http:\/\/www.linux.org\/.<\/p>\n<p>p=. &lt;img src=\u00a0\u00bb\/images\/12.png\u00a0\u00bb class=\u00a0\u00bbimgNorm\u00a0\u00bb alt=\u00a0\u00bbUtilise Apache\u00a0\u00bb \/&gt;<\/p>\n<p>p=. Toutes les pages web sont servies par \u00ab\u00a0Lighttpd\u00a0\u00bb:http:\/\/www.lighttpd.net\/ et \u00ab\u00a0Apache\u00a0\u00bb:http:\/\/www.apache.org\/.<\/p>\n<p>p=. &lt;img src=\u00a0\u00bb\/images\/17.png\u00a0\u00bb class=\u00a0\u00bbimgNorm\u00a0\u00bb alt=\u00a0\u00bbUtilise Textpattern\u00a0\u00bb \/&gt;<\/p>\n<p>p=. Le \u00ab\u00a0c\u0153ur du site web\u00a0\u00bb:http:\/\/shadowrun.fr\/ est g\u00e9r\u00e9 et propuls\u00e9 par \u00ab\u00a0Textpattern\u00a0\u00bb:http:\/\/www.textpattern.com\/.<\/p>\n<p>p=. &lt;img src=\u00a0\u00bb\/images\/19.jpg\u00a0\u00bb class=\u00a0\u00bbimgNorm\u00a0\u00bb alt=\u00a0\u00bbUtilise PunBB\u00a0\u00bb \/&gt;<\/p>\n<p>p=. Les \u00ab\u00a0forums\u00a0\u00bb:http:\/\/shadowrun.fr\/forums\/ sont propuls\u00e9s par \u00ab\u00a0PunBB\u00a0\u00bb:http:\/\/www.punbb.org\/.<\/p>\n<p>p=. &lt;img src=\u00a0\u00bb\/images\/16.png\u00a0\u00bb class=\u00a0\u00bbimgNorm\u00a0\u00bb alt=\u00a0\u00bbUtilise MediaWiki\u00a0\u00bb \/&gt;<\/p>\n<p>p=. Le \u00ab\u00a0wiki Shadowrun\u00a0\u00bb:http:\/\/shadowrun.fr\/wiki\/Accueil est g\u00e9r\u00e9 et propuls\u00e9 par \u00ab\u00a0MediaWiki\u00a0\u00bb:http:\/\/wikipedia.sourceforge.net\/.<\/p>\n<p>p=. &lt;img src=\u00a0\u00bb\/images\/18.png\u00a0\u00bb class=\u00a0\u00bbimgNorm\u00a0\u00bb alt=\u00a0\u00bbUtilise The Gimp\u00a0\u00bb \/&gt;<\/p>\n<p>p=. Les images du site ont \u00e9t\u00e9 retouch\u00e9es avec \u00ab\u00a0The Gimp\u00a0\u00bb:http:\/\/www.gimp.org\/.<\/p>\n<p>h4. Et vous de votre cot\u00e9 ?<\/p>\n<p>!\/images\/13.jpg (Utilise Firefox)! Pour la s\u00e9curit\u00e9 de votre ordinateur, votre confort d&rsquo;utilisation du web aussi bien sur ce site que sur tous les autres, nous vous conseillons vivement d&rsquo;utiliser \u00ab\u00a0Firefox\u00a0\u00bb:http:\/\/www.mozilla-europe.org\/fr\/products\/firefox\/ comme navigateur web ; et \u00ab\u00a0Thunderbird\u00a0\u00bb:http:\/\/www.mozilla-europe.org\/fr\/products\/thunderbird\/ comme logiciel d&#8217;email. Ils sont libres, gratuits, en fran\u00e7ais, et plus s\u00fbrs que la plupart de leurs \u00e9quivalents comme Internet Explorer ou Outlook.<\/p>\n<p>p(aConclusion). Apr\u00e8s tout, quoi de mieux qu&rsquo;un monde d&rsquo;informatique et d&rsquo;internet libre pour parler d&rsquo;un Sixi\u00e8me Monde sombre et glauque ?<\/p>\n","protected":false},"excerpt":{"rendered":"<p>Ce site et les serveurs qui permettent sont fonctionnement utilisent des logiciels libres, pour leur puissance, leur co\u00fbt minime, leur efficacit\u00e9 ; tout cela d\u00e9coulant de leur statut de logiciels \u00ab\u00a0_libres_\u00a0\u00bb:http:\/\/fr.wikipedia.org\/wiki\/Logiciel_libre. p=. &lt;img src=\u00a0\u00bb\/images\/15.png\u00a0\u00bb class=\u00a0\u00bbimgNorm\u00a0\u00bb alt=\u00a0\u00bbUtilise Linux\u00a0\u00bb \/&gt; p=.\u00a0 L&rsquo;infrastructure globale, les serveurs web et d&#8217;emails tournent sous \u00ab\u00a0Linux\u00a0\u00bb:http:\/\/www.linux.org\/. p=. &lt;img src=\u00a0\u00bb\/images\/12.png\u00a0\u00bb class=\u00a0\u00bbimgNorm\u00a0\u00bb alt=\u00a0\u00bbUtilise Apache\u00a0\u00bb [&hellip;]<\/p>\n","protected":false},"author":1,"featured_media":0,"parent":82,"menu_order":0,"comment_status":"closed","ping_status":"closed","template":"","meta":{"footnotes":""},"class_list":["post-93","page","type-page","status-publish","hentry"],"_links":{"self":[{"href":"http:\/\/www.franchouille.fr\/testsr\/wp-json\/wp\/v2\/pages\/93","targetHints":{"allow":["GET"]}}],"collection":[{"href":"http:\/\/www.franchouille.fr\/testsr\/wp-json\/wp\/v2\/pages"}],"about":[{"href":"http:\/\/www.franchouille.fr\/testsr\/wp-json\/wp\/v2\/types\/page"}],"author":[{"embeddable":true,"href":"http:\/\/www.franchouille.fr\/testsr\/wp-json\/wp\/v2\/users\/1"}],"replies":[{"embeddable":true,"href":"http:\/\/www.franchouille.fr\/testsr\/wp-json\/wp\/v2\/comments?post=93"}],"version-history":[{"count":0,"href":"http:\/\/www.franchouille.fr\/testsr\/wp-json\/wp\/v2\/pages\/93\/revisions"}],"up":[{"embeddable":true,"href":"http:\/\/www.franchouille.fr\/testsr\/wp-json\/wp\/v2\/pages\/82"}],"wp:attachment":[{"href":"http:\/\/www.franchouille.fr\/testsr\/wp-json\/wp\/v2\/media?parent=93"}],"curies":[{"name":"wp","href":"https:\/\/api.w.org\/{rel}","templated":true}]}}