{"id":89,"date":"2016-03-12T18:10:41","date_gmt":"2016-03-12T17:10:41","guid":{"rendered":"http:\/\/www.franchouille.fr\/shadowrun\/?page_id=89"},"modified":"2016-03-12T18:10:41","modified_gmt":"2016-03-12T17:10:41","slug":"charte-de-publication","status":"publish","type":"page","link":"http:\/\/www.franchouille.fr\/testsr\/a-propos\/charte-de-publication\/","title":{"rendered":"Charte de publication"},"content":{"rendered":"<p>Shadowrun.fr, son \u00ab\u00a0propri\u00e9taire\u00a0\u00bb et son \u00e9quipe ne sont qu&rsquo;un interm\u00e9diaire technique entre un auteur-contributeur et son public. Chaque contenu produit et publi\u00e9 par un auteur-contributeur sur le site web shadowrun.fr (par exemple &#8211; mais non limit\u00e9 \u00e0 &#8211; : article, document, texte, image, ressource, programme, application) est sous l&rsquo;enti\u00e8re et unique responsabilit\u00e9 de l&rsquo;auteur-contributeur. Shadowrun.fr n&rsquo;est qu&rsquo;un h\u00e9bergeur de ces contenus.<\/p>\n<p>Lorsqu&rsquo;un auteur-contributeur utilise le site shadowrun.fr, ses outils et ressources, pour publier du contenu &#8211; et cela comprend \u00e9galement les commentaires aux articles et les messages sur les forums &#8211; il s&rsquo;engage \u00e0 ce que ce contenu respecte la l\u00e9gislation en vigueur, et ne nuise pas au site shadowrun.fr en aucune mani\u00e8re.<\/p>\n<p>Le site shadowrun.fr s&rsquo;autorise \u00e0 modifier voir supprimer tout contenu qu&rsquo;il jugerait litigieux, sans avertissement pr\u00e9alable. De plus, si il est inform\u00e9 par un tiers[1] d&rsquo;un contenu litigieux, il appliquera la l\u00e9gislation en vigueur, supprimera ce contenu ou le rendra inaccessible, et sur demande d&rsquo;une autorit\u00e9 comp\u00e9tente transmettra les adresses IP enregistr\u00e9es permettant l&rsquo;identification du contrevenant.<\/p>\n<p>Une \u00ab\u00a0validation\u00a0\u00bb peut \u00eatre effectu\u00e9e des articles publi\u00e9s par un auteur-contributeur, cette validation n&rsquo;est qu&rsquo;une v\u00e9rification sommaire et superficielle du contenu _technique_ et de la mise en forme de l&rsquo;article, et ne s&rsquo;aurait s&rsquo;op\u00e9rer sur le fond ; elle n&rsquo;implique donc aucunement un statut d&rsquo;\u00e9diteur de la part de l&rsquo;\u00e9quipe du site shadowrun.fr<\/p>\n<p>Toute publication de contenu sur le site shadowrun.fr entraine l&rsquo;automatique et pleine acceptation de la pr\u00e9sente charte.<\/p>\n<p>Pour plus d&rsquo;informations l\u00e9gales sur ce site, voir \u00e9galement M<a href=\"http:\/\/www.franchouille.fr\/shadowrun\/a-propos\/mentions-legales-copyright\/\">entions l\u00e9gale et copyright<\/a>.<\/p>\n<p>fn1. Tel que d\u00e9fini dans l&rsquo;article 6, alin\u00e9a 5 de la loi du 21 juin 2004 pour la confiance dans l&rsquo;\u00e9conomie num\u00e9rique.<\/p>\n","protected":false},"excerpt":{"rendered":"<p>Shadowrun.fr, son \u00ab\u00a0propri\u00e9taire\u00a0\u00bb et son \u00e9quipe ne sont qu&rsquo;un interm\u00e9diaire technique entre un auteur-contributeur et son public. Chaque contenu produit et publi\u00e9 par un auteur-contributeur sur le site web shadowrun.fr (par exemple &#8211; mais non limit\u00e9 \u00e0 &#8211; : article, document, texte, image, ressource, programme, application) est sous l&rsquo;enti\u00e8re et unique responsabilit\u00e9 de l&rsquo;auteur-contributeur. Shadowrun.fr [&hellip;]<\/p>\n","protected":false},"author":1,"featured_media":0,"parent":82,"menu_order":0,"comment_status":"closed","ping_status":"closed","template":"","meta":{"footnotes":""},"class_list":["post-89","page","type-page","status-publish","hentry"],"_links":{"self":[{"href":"http:\/\/www.franchouille.fr\/testsr\/wp-json\/wp\/v2\/pages\/89","targetHints":{"allow":["GET"]}}],"collection":[{"href":"http:\/\/www.franchouille.fr\/testsr\/wp-json\/wp\/v2\/pages"}],"about":[{"href":"http:\/\/www.franchouille.fr\/testsr\/wp-json\/wp\/v2\/types\/page"}],"author":[{"embeddable":true,"href":"http:\/\/www.franchouille.fr\/testsr\/wp-json\/wp\/v2\/users\/1"}],"replies":[{"embeddable":true,"href":"http:\/\/www.franchouille.fr\/testsr\/wp-json\/wp\/v2\/comments?post=89"}],"version-history":[{"count":0,"href":"http:\/\/www.franchouille.fr\/testsr\/wp-json\/wp\/v2\/pages\/89\/revisions"}],"up":[{"embeddable":true,"href":"http:\/\/www.franchouille.fr\/testsr\/wp-json\/wp\/v2\/pages\/82"}],"wp:attachment":[{"href":"http:\/\/www.franchouille.fr\/testsr\/wp-json\/wp\/v2\/media?parent=89"}],"curies":[{"name":"wp","href":"https:\/\/api.w.org\/{rel}","templated":true}]}}