{"id":881,"date":"2005-04-20T23:17:47","date_gmt":"2005-04-20T22:17:47","guid":{"rendered":"http:\/\/www.franchouille.fr\/shadowrun\/?page_id=881"},"modified":"2005-04-20T23:17:47","modified_gmt":"2005-04-20T22:17:47","slug":"humans-and-the-cycle-of-magic-the-humans-are-confused-this-is-their-normal-state-of-being-their-lives-are-so-short-they-never-have-time-to-think-things-through-i-know-this-is-a-gross-over-simpli","status":"publish","type":"page","link":"http:\/\/www.franchouille.fr\/testsr\/sr-inspi\/nouvelles\/humains_et_cycles_de_magie\/humans-and-the-cycle-of-magic-the-humans-are-confused-this-is-their-normal-state-of-being-their-lives-are-so-short-they-never-have-time-to-think-things-through-i-know-this-is-a-gross-over-simpli\/","title":{"rendered":"Humans and the Cycle of Magic"},"content":{"rendered":"<div><\/div>\n<p lang=\"en\">The Humans are confused.<\/p>\n<p lang=\"en\">This is their normal state of being. Their lives are so short, they never have time to think things through. I know this is a gross over-simplification, that there have been many brilliant Human scholars throughout the ages. Even the Da Vincis and the Einsteins, while brilliant enough to see a glimpse of the larger pattern, and imaginative enough to visualize a complex and interconnected world, still did not have the time to analyze their own thoughts. In my conversations with Da Vinci, I saw the glint of perception in his eyes but he never could express or believe what he had visualized. It takes years, sometimes hundreds of years, to get the correct perspective on ideas, even your own ideas. Humans just do not have the luxury of that time. They are also limited by their devout belief in not believing. Since the earliest recorded Human history they have had stories of magic, great unexplained ancient civilizations, and other mysteries. The Humans chose not to believe these and thus, when the mother returned the magic to us, they became disoriented and confused, their normal state of being.<\/p>\n<p lang=\"en\">What I am about to tell you must remain an elven secret. I know that the Humans will eventually discover it, but it should be delayed as long as possible.<\/p>\n<p lang=\"en\">All things that the great mother gives us, she also takes away. Nature, as the Humans call it, moves in cycles: the rising and setting of the sun, the seasons of the year, the flowing of the tide, it is always a cycle. Magic also runs in a cycle, it comes and goes from the earth, as does the warmth of the summer sun. Its cycle is measured not in hours, as the sun\u2019s is, but in thousands of years.<\/p>\n<p lang=\"en\">From a scientific viewpoint, magic, when charted, is a semi-regular wave form moving through the history of the earth. There are slight fluctuations throughout the wave, and the wave itself is not completely uniform.<\/p>\n<p lang=\"en\">The point in the cycle at which the world becomes magically alive or magic falls dormant is called the Threshold Level. Every magical race and, in some cases, each individual within a race, has its own specific magical trigger point for metamorphosis to occur, thus the transformation of the world takes place over a period of time. Traditionally, the Threshold Level has been set as the date of the awakening of the first Great Dragon on the upswing and the hibernation of the last Great Dragon on the downswing. The average time between Threshold Levels is approximately 5,200 years.<\/p>\n<p lang=\"en\">As the last age of magic came to a close, Atlantis was readying itself for disaster. The Atlantean culture was a Human\/Elven hybrid that had achieved both scientific and magical wonders, but in its later years, it turned against itself by fighting nature to maintain the island. As the end came near, a migration of technology and culture spread from the isle to the rest of the world. This is the reason mankind\u2019s ancient calendars all start within 100 years of each other. The Hebrew, Egyptian, Chinese, and most importantly, Mayan calendars all show the direct influence of Atlantean culture.<\/p>\n<p lang=\"en\">The Mayan calendar is the most amazing, as it contains a complete description of the magic cycles, including this current crossing of the Threshold. The Mayans described the cycles as \u00ab\u00a0worlds\u00a0\u00bb, and stated that only certain life forms made the transition from one world to the next. The calendar, written over 5,000 years ago, predicted the exact day the Threshold Level would be passed. Converting the Mayan dates to the current Christian calendar, it correctly states that the Threshold would be passed on December 24, 2011. On that day, the first Great Dragon was seen in Japan. The precision is amazing. When I advised The Pharaoh in creating the Egyptian calendar, I thought I had been as precise as possible, yet my calendar missed the Threshold date by over two years.<\/p>\n<p lang=\"en\">Atlantis sank on August 12, 3113 BC, thus marking the end of the Fourth World and the beginning of the Fifth. The Sixth World has begun, and will end, according to the Mayan calendar, on April 4, 7137 AD.<\/p>\n<p lang=\"en\">We have the intervening time to enjoy what the Great Mother gives us. We must use both the energy of nature and the power of technology to try to fix the damage done by our short-lived relatives.<\/p>\n<p lang=\"en\">Speech given by Keynote speaker, Ehran \u00ab\u00a0The Scribe\u00a0\u00bb at the YET (Young Elven Technologists) dinner in the 2050.<\/p>\n<p class=\"aConclusion\">C\u2019est de ce discours dont on fait parfois mention dans plusieurs sourcebook de Shadowrun, qui aurait \u00e9t\u00e9 pirat\u00e9 lors de cette soir\u00e9e puis diffus\u00e9 sur Shadowland. C\u2019est ce texte qui est \u00e0 l\u2019origine de la connaissance des cycles de mana et du 6<sup>e<\/sup> Monde dans l\u2019univers des Ombres et de la rue. \u00c0 noter que la campagne Harlequin montre que les <acronym title=\"Young Elven Technologist\">YET<\/acronym> font aussi du vol informatique et du d\u00e9tournement de fonds, en utilisant Sylvan Information Corporation, un petit \u00e9diteur de livres de Seattle qui se trouve \u00eatre celui d\u2019Ehran.<\/p>\n<p class=\"aConclusion\">Il est int\u00e9ressant que de voir que suite \u00e0 ce texte de nombreuses personnes estiment qu\u2019Ehran a des tendances racistes, voire des d\u00e9sirs de domination des mortels en particulier les non elfiques. Basiquement, depuis 12 ans, beaucoup de joueurs le prennent pour un salaud. Et encore une fois, comme souvent pour les personnages non-joueurs (en particulier les immortels) la v\u00e9rit\u00e9 est nettement plus complexe\u00a0: lisez le texte d\u2019Ehran au monde \u00e0 propos de la SURGE (GRIME en fran\u00e7ais) dans le suppl\u00e9ment l\u2019<cite>Ann\u00e9e de la Com\u00e8te<\/cite>, c\u2019est intelligent, r\u00e9v\u00e9lateur, anti-discriminatoire, et il tranche avec celui-ci.<\/p>\n<p class=\"aConclusion\">Ni l\u2019un ni l\u2019autre ne refl\u00e8tent l\u2019enti\u00e8re v\u00e9rit\u00e9 de qui est Ehran, de la m\u00eame mani\u00e8re que quelques lignes ne pourraient d\u00e9finir votre personnalit\u00e9 ou la mienne.<\/p>\n<hr \/>\n<p class=\"articleInfos\">Document cr\u00e9\u00e9 \u00e0 l&rsquo;origine par <strong>Jordan Weisman<\/strong> et publi\u00e9 sur <a href=\"http:\/\/shadowrun.fr\">shadowrun.fr<\/a> le mercredi 20 avril 2005 par <strong>J\u00e9r\u00e9mie Bouillon<\/strong>.<\/p>\n<p class=\"articleInfos\">Article mis \u00e0 disposition sous licence <em>Copyright FASA<\/em>.<\/p>\n<p class=\"articleInfos\">L&rsquo;article est d\u00e9clar\u00e9 comme <em>officiel et canon<\/em>, cela veut dire qu&rsquo;il a \u00e9t\u00e9 \u00e9crit, valid\u00e9 et g\u00e9n\u00e9ralement publi\u00e9 par un auteur et l&rsquo;\u00e9diteur officiel de Shadowrun. Attention toutefois, si il est traduit, la <em>traduction<\/em> en elle-m\u00eame n&rsquo;est pas forc\u00e9ment officielle.<\/p>\n","protected":false},"excerpt":{"rendered":"<p>The Humans are confused. This is their normal state of being. Their lives are so short, they never have time to think things through. I know this is a gross over-simplification, that there have been many brilliant Human scholars throughout the ages. Even the Da Vincis and the Einsteins, while brilliant enough to see a [&hellip;]<\/p>\n","protected":false},"author":1,"featured_media":0,"parent":847,"menu_order":0,"comment_status":"closed","ping_status":"closed","template":"","meta":{"footnotes":""},"class_list":["post-881","page","type-page","status-publish","hentry"],"_links":{"self":[{"href":"http:\/\/www.franchouille.fr\/testsr\/wp-json\/wp\/v2\/pages\/881","targetHints":{"allow":["GET"]}}],"collection":[{"href":"http:\/\/www.franchouille.fr\/testsr\/wp-json\/wp\/v2\/pages"}],"about":[{"href":"http:\/\/www.franchouille.fr\/testsr\/wp-json\/wp\/v2\/types\/page"}],"author":[{"embeddable":true,"href":"http:\/\/www.franchouille.fr\/testsr\/wp-json\/wp\/v2\/users\/1"}],"replies":[{"embeddable":true,"href":"http:\/\/www.franchouille.fr\/testsr\/wp-json\/wp\/v2\/comments?post=881"}],"version-history":[{"count":0,"href":"http:\/\/www.franchouille.fr\/testsr\/wp-json\/wp\/v2\/pages\/881\/revisions"}],"up":[{"embeddable":true,"href":"http:\/\/www.franchouille.fr\/testsr\/wp-json\/wp\/v2\/pages\/847"}],"wp:attachment":[{"href":"http:\/\/www.franchouille.fr\/testsr\/wp-json\/wp\/v2\/media?parent=881"}],"curies":[{"name":"wp","href":"https:\/\/api.w.org\/{rel}","templated":true}]}}