{"id":856,"date":"2005-04-22T23:03:52","date_gmt":"2005-04-22T22:03:52","guid":{"rendered":"http:\/\/www.franchouille.fr\/shadowrun\/?page_id=856"},"modified":"2005-04-22T23:03:52","modified_gmt":"2005-04-22T22:03:52","slug":"earthdawn-dragons-sourcebook","status":"publish","type":"page","link":"http:\/\/www.franchouille.fr\/testsr\/sr-saga\/gammes-v-1-a-4\/earthdawn-dragons-sourcebook\/","title":{"rendered":"Earthdawn Dragons sourcebook"},"content":{"rendered":"<p>Vieux suppl\u00e9ment Earthdawn sur les dragons de cet univers qui avait \u00e9t\u00e9 \u00e9crit, mis en page, mais lors des phases finales d&rsquo;\u00e9dition avait \u00e9t\u00e9 abandonn\u00e9 avec le reste de la gamme d&rsquo;Earthdawn par FASA.<\/p>\n<p>L&rsquo;\u00e9diteur am\u00e9ricain l&rsquo;avait alors librement diffus\u00e9 sur l&rsquo;internet.<\/p>\n<p><a href=\"http:\/\/www.franchouille.fr\/testsr\/files\/2016\/04\/Earthdawn-Dragons.jpg\" rel=\"attachment wp-att-858\"><img loading=\"lazy\" decoding=\"async\" class=\"aligncenter wp-image-858 size-medium\" src=\"http:\/\/www.franchouille.fr\/testsr\/files\/2016\/04\/Earthdawn-Dragons-295x300.jpg\" alt=\"Earthdawn - Dragons\" width=\"295\" height=\"300\" srcset=\"http:\/\/www.franchouille.fr\/testsr\/files\/2016\/04\/Earthdawn-Dragons-295x300.jpg 295w, http:\/\/www.franchouille.fr\/testsr\/files\/2016\/04\/Earthdawn-Dragons.jpg 534w\" sizes=\"auto, (max-width: 295px) 100vw, 295px\" \/><\/a><\/p>\n<p>&nbsp;<\/p>\n<p>&nbsp;<\/p>\n<p>&nbsp;<\/p>\n<p style=\"text-align: center\">\n","protected":false},"excerpt":{"rendered":"<p>Vieux suppl\u00e9ment Earthdawn sur les dragons de cet univers qui avait \u00e9t\u00e9 \u00e9crit, mis en page, mais lors des phases finales d&rsquo;\u00e9dition avait \u00e9t\u00e9 abandonn\u00e9 avec le reste de la gamme d&rsquo;Earthdawn par FASA. L&rsquo;\u00e9diteur am\u00e9ricain l&rsquo;avait alors librement diffus\u00e9 sur l&rsquo;internet. &nbsp; &nbsp; &nbsp;<\/p>\n","protected":false},"author":1,"featured_media":0,"parent":233,"menu_order":0,"comment_status":"closed","ping_status":"closed","template":"","meta":{"footnotes":""},"class_list":["post-856","page","type-page","status-publish","hentry"],"_links":{"self":[{"href":"http:\/\/www.franchouille.fr\/testsr\/wp-json\/wp\/v2\/pages\/856","targetHints":{"allow":["GET"]}}],"collection":[{"href":"http:\/\/www.franchouille.fr\/testsr\/wp-json\/wp\/v2\/pages"}],"about":[{"href":"http:\/\/www.franchouille.fr\/testsr\/wp-json\/wp\/v2\/types\/page"}],"author":[{"embeddable":true,"href":"http:\/\/www.franchouille.fr\/testsr\/wp-json\/wp\/v2\/users\/1"}],"replies":[{"embeddable":true,"href":"http:\/\/www.franchouille.fr\/testsr\/wp-json\/wp\/v2\/comments?post=856"}],"version-history":[{"count":0,"href":"http:\/\/www.franchouille.fr\/testsr\/wp-json\/wp\/v2\/pages\/856\/revisions"}],"up":[{"embeddable":true,"href":"http:\/\/www.franchouille.fr\/testsr\/wp-json\/wp\/v2\/pages\/233"}],"wp:attachment":[{"href":"http:\/\/www.franchouille.fr\/testsr\/wp-json\/wp\/v2\/media?parent=856"}],"curies":[{"name":"wp","href":"https:\/\/api.w.org\/{rel}","templated":true}]}}