{"id":817,"date":"2005-04-26T14:56:05","date_gmt":"2005-04-26T13:56:05","guid":{"rendered":"http:\/\/www.franchouille.fr\/shadowrun\/?page_id=817"},"modified":"2005-04-26T14:56:05","modified_gmt":"2005-04-26T13:56:05","slug":"post-mortem","status":"publish","type":"page","link":"http:\/\/www.franchouille.fr\/testsr\/sr-inspi\/nouvelles\/post-mortem\/","title":{"rendered":"Post Mortem"},"content":{"rendered":"<div><\/div>\n<p class=\"aIntroduction\">Cette nouvelle \u00e0 \u00e9t\u00e9 \u00e9crite par Tom Dowd en 1997. Elle fait suite aux \u00e9venements d\u00e9crit dans <cite>Harlequin<\/cite> et surtout la trilogie du <cite>Coeur de Dragon\/Dragon\u2019s Heart Saga<\/cite> ainsi que <cite lang=\"en\">Portfolio of a Dragon<\/cite>. Retrouvez \u00e9galement <a href=\"http:\/\/shadowrun.fr\/article\/post-mortem-original\">la version originale de ce texte<\/a>, publi\u00e9e par J\u00e9r\u00e9mie Bouillon, sur <a href=\"http:\/\/shadowrun.fr\">shadowrun.fr<\/a>.<\/p>\n<p>Ils s\u2019assoient et un silence g\u00eanant s\u2019installe pendant quelques minutes. Autour d\u2019eux, ceux qui ont choisi de visiter le parc d\u00e9ambulent, sans remarquer les deux personnes sur le banc. Toutes autres r\u00e9actions \u00e9tonneraient fortement les deux tant ils semblent r\u00e9ellement inappropri\u00e9s. Aujourd\u2019hui, ils ressemblent \u00e0 deux clochards, un ork et un nain, ce qui est tr\u00e8s loin de la v\u00e9rit\u00e9.<\/p>\n<p>L\u2019ork \u00e2g\u00e9 \u00e0 la peau fonc\u00e9e, se d\u00e9cide enfin \u00e0 tourner l\u00e9g\u00e8rement la t\u00eate et regarde l\u2019autre au travers de ce qui semble \u00eatre le brouillard d\u2019une cataracte naissante. Le nain \u00e0 la peau claire et qui ne s\u2019est pas ras\u00e9 depuis fort longtemps ne fait pas un geste, fixant l\u2019\u00e9tang stagnant auquel ils font face.<\/p>\n<p>\u00ab\u00a0Alors,\u00a0\u00bb dit finalement l\u2019ork d\u2019une voix basse et prudente, \u00ab\u00a0l\u2019as-tu tu\u00e9\u00a0?\u00a0\u00bb<\/p>\n<p>Le nain d\u00e9place son regard jusqu\u2019\u00e0 rencontrer celui de l\u2019autre. Il secoue la t\u00eate. \u00ab\u00a0Non. Et toi\u00a0?\u00a0\u00bb<\/p>\n<p>\u00ab\u00a0Non.\u00a0\u00bb L\u2019ork soupire.<\/p>\n<p>L\u2019autre hoche la t\u00eate. \u00ab\u00a0Je n\u2019arrivais pas \u00e0 me convaincre, d\u2019une fa\u00e7on ou d\u2019une autre, de ta culpabilit\u00e9.\u00a0\u00bb<\/p>\n<p>\u00ab\u00a0Moi non plus.\u00a0\u00bb<\/p>\n<p>Le nain soul\u00e8ve un sourcil broussailleux. \u00ab\u00a0Habituellement, je ne partage pas tes penchants.\u00a0\u00bb<\/p>\n<p>L\u2019autre acquiesce \u00e0 nouveau. \u00ab\u00a0Exactement.\u00a0\u00bb r\u00e9pond-t-il. \u00ab\u00a0Ce que je veux dire, c\u2019est qu\u2019il a eu des moments o\u00f9 j\u2019ai du d\u00e9lib\u00e9r\u00e9ment r\u00e9fl\u00e9chir si je devais le tuer moi-m\u00eame ou m\u2019arranger pour que cela soit fait. Mais je ne l\u2019ai pas fait, m\u00eame si j\u2019aurais pu, et peut-\u00eatre m\u00eame si j\u2019aurais du, d\u2019o\u00f9 mon trouble.\u00a0\u00bb<\/p>\n<p>\u00ab\u00a0Beaucoup pensent que tu es derri\u00e8re tout \u00e7a.\u00a0\u00bb<\/p>\n<p>\u00ab\u00a0Bien s\u00fbr qu\u2019ils le pensent. Laisse les.\u00a0\u00bb dit l\u2019Ork. \u00ab\u00a0J\u2019ai fait quelque chose de sombre et de terrible.\u00a0\u00bb ajoute-t-il en riant dans sa barbe.<\/p>\n<p>\u00ab\u00a0Alors qui\u00a0?\u00a0\u00bb<\/p>\n<p>Un long silence s\u2019installe.<\/p>\n<p>\u00ab\u00a0Du sang et des larmes,\u00a0\u00bb dit finalement, \u00ab\u00a0la liste est terriblement courte.\u00a0\u00bb<\/p>\n<p>L\u2019autre acquiesce. \u00ab\u00a0Les ann\u00e9es passent sur nous comme une l\u00e9g\u00e8re brise, emportant indiff\u00e9remment nos amis et ennemis, nous laissant la seule rumeur de leur passage.\u00a0\u00bb<\/p>\n<p>L\u2019ork grogne, d\u00e9tourne les yeux et regarde fixement l\u2019\u00e9tang. \u00ab\u00a0Tu es mieux plac\u00e9 pour savoir\u00a0; quelqu\u2019un d\u2019autre s\u2019est-il fait remarquer\u00a0?\u00a0\u00bb<\/p>\n<p>Tout en secouant la t\u00eate, le nain dit\u00a0: \u00ab\u00a0Non. Bien s\u00fbr, il y a toujours des rumeurs. Mais aucune ne s\u2019est r\u00e9v\u00e9l\u00e9e juste.\u00a0\u00bb<\/p>\n<p>\u00ab\u00a0J\u2019ai parfois l\u2019\u00e9trange sensation qu\u2019il y en a d\u2019autres autour de nous, mais c\u2019est le premier Eveil que je vois. C\u2019est peut-\u00eatre normal.\u00a0\u00bb lui r\u00e9pond l\u2019ork.<\/p>\n<p>\u00ab\u00a0Peut-\u00eatre.\u00a0\u00bb Le nain observe une pause de quelques instants, puis se d\u00e9cide. \u00ab\u00a0Lofwyr a dit \u00eatre quasiment certain que c\u2019est un autre dragon.\u00a0\u00bb<\/p>\n<p>L\u2019ork penche l\u00e9g\u00e8rement la t\u00eate. \u00ab\u00a0Vraiment\u00a0? Un indice\u00a0?\u00a0\u00bb<\/p>\n<p>\u00ab\u00a0Non. Peut-\u00eatre parlait-il d\u2019Alamais revenu des morts, mais quelque part, j\u2019en doute.\u00a0\u00bb<\/p>\n<p>L\u2019ork incline \u00e0 nouveau la t\u00eate.<\/p>\n<p>\u00ab\u00a0J\u2019aurais cru plus vraisemblable que plusieurs de ceux qui ont surv\u00e9cu viennent te parler avant n\u2019importe lequel de la Court,\u00a0\u00bb dit le nain.<\/p>\n<p>L\u2019ork hausse les \u00e9paules. \u00ab\u00a0Peut-\u00eatre.\u00a0\u00bb<\/p>\n<p>\u00ab\u00a0Donc, tu m\u2019affirmes que tu n\u2019en connais aucun autre que je ne connais d\u00e9j\u00e0.\u00a0\u00bb<\/p>\n<p>L\u2019ork tourne la t\u00eate et l\u2019un de ses sourcils se l\u00e8ve l\u00e9g\u00e8rement. \u00ab\u00a0Comment veux-tu que je sorte un truc pareil\u00a0? Mais puisque tu insistes, je dirais que, pour ce que j\u2019en sais, je n\u2019en connais pas d\u2019autre que tu ne connais pas.\u00a0\u00bb<\/p>\n<p>Regardant ailleurs, le nain acquiesce puis reste un moment sans parler.<\/p>\n<p>\u00ab\u00a0Bon, puisque nous sommes ici,\u00a0\u00bb demande enfin le nain, gardant un ton aussi neutre que possible, \u00ab\u00a0comment va ma fille\u00a0?\u00a0\u00bb<\/p>\n<p>Sans avertissement, l\u2019apparence de l\u2019ork \u00e0 la peau sombre change soudainement, r\u00e9v\u00e9lant des t\u00e2ches de couleur, tandis qu\u2019il \u00e9carquille les yeux de surprise. Il tourne lentement la t\u00eate tout en reprenant contenance. \u00ab\u00a0Pardon\u00a0?\u00a0\u00bb<\/p>\n<p>Un l\u00e9ger sourire, \u00e0 peine visible \u00e0 travers l\u2019\u00e9pais amas de nattes blanches, anime les traits du nain. \u00ab\u00a0Bien s\u00fbr que je suis au courant, sombre idiot. Je ne suis pas aussi absorb\u00e9 que tu te plais \u00e0 le croire.\u00a0\u00bb<\/p>\n<p>\u00ab\u00a0Non, je supposais que tu ne\u2026\u00a0\u00bb<\/p>\n<p>\u00ab\u00a0Comment est-elle\u00a0? Je pr\u00e9sume que tu l\u2019entra\u00eenes\u00a0? Apprend-t-elle vite\u00a0?\u00a0\u00bb Un empressement surprenant se lit dans ses yeux.<\/p>\n<p>\u00ab\u00a0Oui, oui plut\u00f4t. Je n\u2019en \u00e9tais pas s\u00fbr au d\u00e9but, mais elle apprend vite.\u00a0\u00bb lui dit l\u2019autre. \u00ab\u00a0Sa fa\u00e7on de percevoir les choses est fascinante. Tant\u00f4t, cela constitue un \u00e9norme obstacle, mais \u00e0 d\u2019autres moments, c\u2019est terriblement efficace.\u00a0\u00bb<\/p>\n<p>\u00ab\u00a0Bien.\u00a0\u00bb Il y a \u00e0 nouveau une longue pause. \u00ab\u00a0Est-elle au courant\u00a0?\u00a0\u00bb<\/p>\n<p>\u00ab\u00a0Au courant de quoi\u00a0?\u00a0\u00bb demande l\u2019ork aussi innocemment que possible.<\/p>\n<p>\u00ab\u00a0Tu sais tr\u00e8s bien de quoi je parle esp\u00e8ce de vieille ch\u00e8vre ironique\u00a0!\u00a0\u00bb<\/p>\n<p>Cette fois-ci, l\u2019ork sourit. \u00ab\u00a0Non. Elle ne sait pas.\u00a0\u00bb<\/p>\n<p>\u00ab\u00a0Bien.\u00a0\u00bb<\/p>\n<p>\u00ab\u00a0Bien\u00a0? Bien\u00a0? Il n\u2019y a pas si longtemps que \u00e7a, tu m\u2019aurais forc\u00e9 \u00e0 bouffer des os de vers pour moins que \u00e7a\u00a0!\u00a0\u00bb<\/p>\n<p>\u00ab\u00a0C\u2019est vrai, mais elle doit trouver sa propre voie.\u00a0\u00bb dit le nain. \u00ab\u00a0Bien qu\u2019elle descende de moi, elle n\u2019est pas moi. La garder \u00e0 mes c\u00f4t\u00e9s la forcerait \u00e0 \u00eatre quelque chose qui n\u2019est pas elle.\u00a0\u00bb<\/p>\n<p>\u00ab\u00a0Ouaips,\u00a0\u00bb dit l\u2019ork, \u00ab\u00a0Glasgian est vraiment un connard, n\u2019est-ce pas\u00a0?\u00a0\u00bb<\/p>\n<p>\u00ab\u00a0Ce n\u2019est pas ce que j\u2019ai dit.\u00a0\u00bb r\u00e9torque le nain. \u00ab\u00a0Mais, c\u2019est effectivement la preuve de ce que je voulais dire.\u00a0\u00bb<\/p>\n<p>L\u2019ork acquiesce \u00e0 nouveau. \u00ab\u00a0En tout cas, je dois dire que je suis \u00e9tonn\u00e9 que tu n\u2019en ais pas ras le bol de moi. Je ne savais pas si tu demandais ce face \u00e0 face pour parler de ta fille ou du dragon.\u00a0\u00bb<\/p>\n<p>\u00ab\u00a0Qu\u2019est-ce qui t\u2019inqui\u00e9tait le plus\u00a0?\u00a0\u00bb<\/p>\n<p>\u00ab\u00a0Ta fille.\u00a0\u00bb Apr\u00e8s un moment, l\u2019ork lui dit. \u00ab\u00a0Tu n\u2019as jamais \u00e9t\u00e9 vraiment un fan du dragon.\u00a0\u00bb<\/p>\n<p>\u00ab\u00a0Je n\u2019ai jamais eu de querelle avec le dragon. Mais je pensais que nous nous serions tr\u00e8s bien pass\u00e9s de ses babillages.\u00a0\u00bb<\/p>\n<p>\u00ab\u00a0Sur ce point, je suis d\u2019accord avec toi.\u00a0\u00bb<\/p>\n<p>\u00ab\u00a0C\u2019est comme pour ma fille,\u00a0\u00bb dit lentement le nain, \u00ab\u00a0nous ne nous sommes pas parl\u00e9s en face depuis un certain temps. Moi non plus, je n\u2019imaginais pas que cela puisse arriver.\u00a0\u00bb<\/p>\n<p>\u00ab\u00a0Nous sommes d\u2019accord en ce qui concerne le dragon\u00a0\u00bb.<\/p>\n<p>\u00ab\u00a0Un point c\u2019est tout. Et si tu me laisses continuer, bien que nous soyons en d\u00e9saccord, et bien qu\u2019\u00e0 l\u2019avenir, comme par le pass\u00e9, je continuerai \u00e0 te consid\u00e9rer comme irrationnel, irr\u00e9fl\u00e9chi, d\u00e9sagr\u00e9able, pinailleur, n\u00e9glig\u00e9-\u00a0\u00bb<\/p>\n<p>\u00ab\u00a0N\u00e9glig\u00e9\u00a0?\u00a0\u00bb<\/p>\n<p>\u00ab-Silence. C\u2019est le seul mot qui m\u2019est venu \u2013 et qui se cache commod\u00e9ment derri\u00e8re un masque bien trop litt\u00e9ral, j\u2019ai, contrairement \u00e0 certains, bonne m\u00e9moire.\u00a0\u00bb<\/p>\n<p>L\u2019ork d\u00e9tourne le regard \u00e0 nouveau.<\/p>\n<p>\u00ab\u00a0Je n\u2019ai aucune inqui\u00e9tude quant au bien \u00eatre de ma fille tant qu\u2019elle sera sous ta tutelle ou ta protection.\u00a0\u00bb conclue le nain, avant de laisser s\u2019\u00e9couler un long moment. \u00ab\u00a0Pour en revenir au dragon\u00a0: as-tu d\u00e9j\u00e0 trouv\u00e9 Excalibur\u00a0?\u00a0\u00bb continue-t-il.<\/p>\n<p>Tout en grognant, l\u2019ork se tourne vers lui. \u00ab\u00a0Tu sais bien mieux que moi qu\u2019une telle chose n\u2019existe pas.\u00a0\u00bb<\/p>\n<p>\u00ab\u00a0Litt\u00e9ralement, non. Mais avec le temps qui passe, le sens premier est de moins en moins pertinent. Et nous savons tous deux ce qu\u2019il a voulu dire.\u00a0\u00bb<\/p>\n<p>L\u2019ork acquiesce \u00e0 nouveau. \u00ab\u00a0L\u2019armure est toujours \u00e0 ma taille.\u00a0\u00bb<\/p>\n<p>Cette fois-ci, le nain rit tout bas. \u00ab\u00a0C\u2019est scandaleux.\u00a0\u00bb dit-il, puis il se l\u00e8ve. \u00ab\u00a0Je dois partir. Le Conseil se r\u00e9unit ce soir et je ne peux pas rater \u00e7a.\u00a0\u00bb<\/p>\n<p>\u00ab\u00a0Ne t\u2019en fait pas, je suis certain qu\u2019ils t\u2019accueilleront quel que soit le moment o\u00f9 tu arriveras.\u00a0\u00bb<\/p>\n<p>Le nain grogne et se tourne pour s\u2019\u00e9loigner.<\/p>\n<p>\u00ab\u00a0Mais tu sais,\u00a0\u00bb dit l\u2019ork, l\u2019autre s\u2019arr\u00eatant pour l\u2019\u00e9couter, \u00ab\u00a0nous n\u2019avons pas tranch\u00e9 sur qui a tu\u00e9 le dragon.\u00a0\u00bb<\/p>\n<p>Le nain acquiesce. \u00ab\u00a0Non, effectivement,\u00a0\u00bb dit-il. \u00ab\u00a0Et si tu te rappelles encore comment faire, je te sugg\u00e8re de prier pour qu\u2019il s\u2019agisse de quelqu\u2019un ou de quelque chose que nous connaissons.\u00a0\u00bb Il se retourne, fait quelques pas et commence \u00e0 dispara\u00eetre comme s\u2019il \u00e9tait engloutit par le brouillard. \u00ab\u00a0Car si ce n\u2019est pas le cas\u2026\u00a0\u00bb Et il dispara\u00eet.<br \/>\nL\u2019ork est assis sur le banc tandis que la faible lumi\u00e8re dans le parc s\u2019amenuise lentement. De temps \u00e0 autre, il boit une gorg\u00e9e de la bouteille ambr\u00e9e qu\u2019il conserve dans la poche de son manteau, emball\u00e9e dans un sac en papier marron. Le go\u00fbt est amer.<\/p>\n<p>Personne ne lui pr\u00eate attention. Il sait que \u00e7a ne durera pas.<\/p>\n<blockquote>\n<p class=\"aConclusion\">Ehran et Harlequin se rencontrent donc en terrain neutre, sans rapport de force puisque le dernier d\u00e9fi s\u2019est sold\u00e9 par un pat (bien qu\u2019Harlequin ait gagn\u00e9 la fille d\u2019Ehran, le d\u00e9fi s\u2019est sold\u00e9 par un r\u00e9sultat neutre selon les r\u00e8gles). Ils ne r\u00e9solvent pas la question du moment (\u00ab\u00a0qui a tu\u00e9 Dunkelzahn\u00a0?\u00a0\u00bb) mais la nouvelle nous informe sur leur \u00e9tat d\u2019esprit, ainsi que le type de psycholologie et de sociabilit\u00e9 que l\u2019on peut supposer un minimum g\u00e9n\u00e9rique aux elfes immortels.<\/p>\n<p class=\"aConclusion\">Commentaire r\u00e9dig\u00e9 par J\u00e9r\u00e9mie Bouillon.<\/p>\n<\/blockquote>\n<hr class=\"fin-flotte-vu\" \/>\n<p class=\"articleInfos\">Document cr\u00e9\u00e9 \u00e0 l&rsquo;origine par <strong>Tom Dowd<\/strong> et publi\u00e9 sur <a href=\"http:\/\/shadowrun.fr\">shadowrun.fr<\/a> le mercredi 27 avril 2005 par <strong>Julien Le Marinier<\/strong>.<\/p>\n<p class=\"articleInfos\">Article mis \u00e0 disposition sous licence <em>Copyright FanPro<\/em>.<\/p>\n","protected":false},"excerpt":{"rendered":"<p>Cette nouvelle \u00e0 \u00e9t\u00e9 \u00e9crite par Tom Dowd en 1997. Elle fait suite aux \u00e9venements d\u00e9crit dans Harlequin et surtout la trilogie du Coeur de Dragon\/Dragon\u2019s Heart Saga ainsi que Portfolio of a Dragon. Retrouvez \u00e9galement la version originale de ce texte, publi\u00e9e par J\u00e9r\u00e9mie Bouillon, sur shadowrun.fr. Ils s\u2019assoient et un silence g\u00eanant s\u2019installe [&hellip;]<\/p>\n","protected":false},"author":1,"featured_media":0,"parent":198,"menu_order":0,"comment_status":"closed","ping_status":"closed","template":"","meta":{"footnotes":""},"class_list":["post-817","page","type-page","status-publish","hentry"],"_links":{"self":[{"href":"http:\/\/www.franchouille.fr\/testsr\/wp-json\/wp\/v2\/pages\/817","targetHints":{"allow":["GET"]}}],"collection":[{"href":"http:\/\/www.franchouille.fr\/testsr\/wp-json\/wp\/v2\/pages"}],"about":[{"href":"http:\/\/www.franchouille.fr\/testsr\/wp-json\/wp\/v2\/types\/page"}],"author":[{"embeddable":true,"href":"http:\/\/www.franchouille.fr\/testsr\/wp-json\/wp\/v2\/users\/1"}],"replies":[{"embeddable":true,"href":"http:\/\/www.franchouille.fr\/testsr\/wp-json\/wp\/v2\/comments?post=817"}],"version-history":[{"count":0,"href":"http:\/\/www.franchouille.fr\/testsr\/wp-json\/wp\/v2\/pages\/817\/revisions"}],"up":[{"embeddable":true,"href":"http:\/\/www.franchouille.fr\/testsr\/wp-json\/wp\/v2\/pages\/198"}],"wp:attachment":[{"href":"http:\/\/www.franchouille.fr\/testsr\/wp-json\/wp\/v2\/media?parent=817"}],"curies":[{"name":"wp","href":"https:\/\/api.w.org\/{rel}","templated":true}]}}