{"id":813,"date":"2005-04-30T14:52:10","date_gmt":"2005-04-30T13:52:10","guid":{"rendered":"http:\/\/www.franchouille.fr\/shadowrun\/?page_id=813"},"modified":"2005-04-30T14:52:10","modified_gmt":"2005-04-30T13:52:10","slug":"mission-improbable-2-2","status":"publish","type":"page","link":"http:\/\/www.franchouille.fr\/testsr\/sr-inspi\/nouvelles\/mission-improbable-2-2\/","title":{"rendered":"Mission improbable"},"content":{"rendered":"<p class=\"aIntroduction\">Cette nouvelle a \u00e9t\u00e9 \u00e9crite en 1997 par Diane Piron-Gelman et Robert Cruz. Elle fut publi\u00e9e dans le suppl\u00e9ment <cite>Rigger 2<\/cite> puis mise \u00e0 disposition sur le site officiel de Shadowrun sous le titre <cite>Mission improbable<\/cite>.<\/p>\n<p class=\"aIntroduction\"><strong>L\u2019histoire<\/strong>\u00a0: Un interfac\u00e9 est embauch\u00e9 pour r\u00e9cup\u00e9rer un paquet sur une \u00eele des Salish Shides. A priori, il s\u2019agit d\u2019une mission simple. Mais rapidement, le pilote s\u2019aper\u00e7oit que ce run lui r\u00e9serve quelques surprises.<\/p>\n<p>\u00c7a avait commenc\u00e9 par un simple job. (Combien de fois n\u2019avez-vous pas entendu \u00e7a dans votre vie\u00a0!) J\u2019aurais du me m\u00e9fier\u00a0; peu de choses dans ma vie ont \u00e9t\u00e9 simples, mais il faut s\u2019y attendre quand on est un contrebandier et parfois un runner, cherchant \u00e0 d\u00e9jouer les puissants de ce monde. Un Johnson m\u2019avait embauch\u00e9 pour r\u00e9cup\u00e9rer un paquet sur une \u00eele situ\u00e9e en territoire Salish, ce qui rendait l\u2019envoi d\u2019une \u00e9quipe terrestre difficile. Vous voyez le topo\u00a0: travers\u00e9es de fronti\u00e8res, contrefa\u00e7on de donn\u00e9es \u00e9lectroniques et tout ce qui va avec \u2013 et mieux valait que le boulot sur les donn\u00e9es \u00e9lectroniques soit de qualit\u00e9 au cas o\u00f9 les autorit\u00e9s Salish d\u00e9cideraient d\u2019\u00eatre tatillonnes avec un intrus des UCAS. Bien entendu, la qualit\u00e9 a un prix. Mais malgr\u00e9 des tarifs \u00e9lev\u00e9s, j\u2019\u00e9tais moins co\u00fbteux qu\u2019une \u00e9quipe de runners. Le Johnson et son cr\u00e9ditube pouvaient r\u00e9gler la note, alors j\u2019avais accept\u00e9 le job. Vol de routine jusqu\u2019\u00e0 l\u2019\u00eele, rapide entr\u00e9e-sortie, vol retour et livraison du colis \u2013 de l\u2019argent facilement gagn\u00e9, enfin c\u2019est ce que je pensais.<\/p>\n<p>Je pris ma voiture pr\u00e9f\u00e9r\u00e9e pour me rendre jusqu\u2019\u00e0 l\u2019endroit o\u00f9 mon h\u00e9lico \u00e9tait planqu\u00e9. Cet Airstar est ma fiert\u00e9, mon jouet \u2013 un bon v\u00e9hicule, vigoureux et robuste, truff\u00e9 de modifications maison. N\u2019importe quel interfac\u00e9, du moins, c\u2019est mon avis, devrait \u00eatre \u00e0 moiti\u00e9 m\u00e9cano \u2013 surtout ceux qui comme moi ne peuvent pas toujours compter sur un m\u00e9cano talentueux et discret quand une mission tourne mal.<\/p>\n<p>Je saluai l\u2019\u00e9quipe de maintenance, sans prendre le temps de discuter plus longuement. Pas le temps de parler quand une affaire est sur le feu. Ils m\u2019indiqu\u00e8rent que tous les syst\u00e8mes de contr\u00f4le \u00e9taient OK et je n\u2019avais pas besoin d\u2019en entendre plus. Je me dirigeai rapidement jusqu\u2019\u00e0 l\u2019Airstar pour v\u00e9rifier que mes armes ne manqueraient pas de munitions, puis je me hissai jusqu\u2019\u00e0 mon si\u00e8ge dans le poste de pilotage.<\/p>\n<p>Je me connectai \u00e0 l\u2019interface de l\u2019h\u00e9licopt\u00e8re et \u00e0 ses commandes virtuelles \u2013 jauges et indicateurs de vol se mirent \u00e0 \u00e9clore devant mes yeux. Je fus pris d\u2019un l\u00e9ger vertige le temps que mon cerveau s\u2019ajuste et dissipe le brouillard masquant les \u00e9crans qui s\u2019\u00e9taient d\u00e9ploy\u00e9s devant moi telles les dizaines de facettes d\u2019un diamant. Les \u00e9crans pr\u00e9sentaient diff\u00e9rentes vues sous plusieurs angles ainsi que des donn\u00e9es num\u00e9riques. A cet instant, l\u2019\u00e9cran le plus large, clairement positionn\u00e9 au centre, affichait les statuts de l\u2019Airstar tandis qu\u2019il chauffait.<\/p>\n<p>Alors que j\u2019\u00e9veillais l\u2019h\u00e9licopt\u00e8re de son sommeil, je pouvais sentir le grondement des turbines Pratt &amp; Whitney dans ma poitrine. La rotation des pales semblait \u00eatre synchrone avec les pulsations du sang dans mes organes. Je basculai alors en mode de visualisation avanc\u00e9\u00a0; un petit ic\u00f4ne clignota dans un coin de l\u2019\u00e9cran principal, m\u2019indiquant que la porte du hangar \u00e9tait ouverte. J\u2019\u00e9tais pr\u00eat pour le d\u00e9collage.<\/p>\n<p>Je ramassai mes jambes vers moi. En r\u00e9ponse, les pales en rotation pouss\u00e8rent un rugissement. Je me redressai et l\u2019h\u00e9licopt\u00e8re s\u2019\u00e9leva, lentement mais s\u00fbrement, jusqu\u2019\u00e0 passer le toit grand ouvert. Apr\u00e8s m\u2019\u00eatre \u00e9lev\u00e9 plusieurs dizaines de m\u00e8tres au-dessus du toit du hangar, j\u2019ordonnai \u00e0 l\u2019h\u00e9lico de maintenir une position stationnaire tandis que je scannais le sprawl de Seattle loin sous mes pieds. Le faible niveau des \u00e9manations thermiques et \u00e9lectromagn\u00e9tiques en provenance de la ville m\u2019apparut sur un afficheur telle une terne lueur rouge et verte. Je ne remarquai aucune source active de rayonnement, ce qui signifiait que personne n\u2019observait \u00e0 cet instant.<\/p>\n<p>Je reportai mon attention sur l\u2019\u00e9cran de navigation. Ma destination y apparaissait sous la forme d\u2019un point rouge, une minuscule \u00eele brillant sur le fond bleu et froid de l\u2019oc\u00e9an Pacifique. D\u2019une autre impulsion mentale, je commandai \u00e0 l\u2019\u00e9cran d\u2019afficher les positions connues des senseurs de surveillances. Des ic\u00f4nes en forme de radars \u00e9mettant de petites ondes blanches firent leur apparition.<\/p>\n<p>J\u2019\u00e9tablis rapidement un plan de vol \u00e9vitant la majorit\u00e9 des points de contr\u00f4le, puis j\u2019\u00e9tirai mes bras au-dessus de moi, tournai mon corps vers le Puget Sound, et ramenai mes bras vers le bas dans cette direction. L\u2019Airstar pivota et prit de la vitesse en se dirigeant vers le reflet brillant de la lune sur le Sound.<\/p>\n<p>\u00c7a allait \u00eatre une promenade de sant\u00e9. Aller discr\u00e8tement jusqu\u2019\u00e0 la cible, r\u00e9cup\u00e9rer le paquet et revenir \u00e0 la maison. Je serais de retour \u00e0 temps pour l\u2019happy hour au Shack \u2013 et cette fois-ci, j\u2019aurais de quoi payer mon ardoise et peut-\u00eatre m\u00eame de quoi m\u2019offrir quelques bons moments avec une charmante jeune femme que j\u2019avais rep\u00e9r\u00e9 ces derniers jours. Ouaips, c\u2019\u00e9tait exactement le genre de job que j\u2019aimais\u2026<\/p>\n<p>Soudain, les alarmes de l\u2019h\u00e9lico se mirent \u00e0 hurler. Je tournai la t\u00eate et mon afficheur visuel pivota jusqu\u2019\u00e0 ce qu\u2019une vue de l\u2019arri\u00e8re occupe l\u2019\u00e9cran central. Je pu ainsi distinguer deux taches noires se d\u00e9marquant sur le ciel gris-rose qui pr\u00e9c\u00e8de l\u2019aurore. Le transpondeur de l\u2019Airstar identifia les appareils comme \u00e9tant deux intercepteurs F-B Eagle du 5\u00e8me escadron de l\u2019UCASAF bas\u00e9 \u00e0 McChord.<\/p>\n<p>Avant m\u00eame que je n\u2019ai eu le temps d\u2019amorcer un mouvement, de brillantes \u00e9tincelles thermographiques orang\u00e9es apparurent sous les ailes des deux intercepteurs et l\u2019alarme d\u2019acquisition de cible se mit \u00e0 raisonner. Un message d\u2019avertissement apparu rapidement devant mes yeux m\u2019indiquant que les deux intercepteurs avaient verrouill\u00e9 l\u2019Airstar et lanc\u00e9 deux missiles air-air.<\/p>\n<p>Instinctivement, je cambrai mon corps vers la c\u00f4te, mouvement qui fit pivoter l\u2019h\u00e9licopt\u00e8re. Simultan\u00e9ment, je commen\u00e7ai \u00e0 battre des jambes tel un nageur olympique, propulsant l\u2019h\u00e9lico vers le sol dans un puissant hurlement. Mais ma man\u0153uvre de d\u00e9gagement ne dupa pas les senseurs de d\u00e9tection de cible des missiles. Les projectiles mortels vir\u00e8rent et plong\u00e8rent \u00e0 ma poursuite.<\/p>\n<p>Il \u00e9tait temps de passer au plan B et je concentrai mon esprit sur la commande appropri\u00e9e, faisant ainsi se mat\u00e9rialiser un \u00e9norme bouton rouge marqu\u00e9 \u00ab PANIC \u00bb sous ma main gauche. Je frappai violement le bouton. Des charges explosives strat\u00e9giquement dispos\u00e9es le long du fuselage de l\u2019h\u00e9lico explos\u00e8rent, d\u00e9truisant les attaches qui maintenaient en place la coque externe de l\u2019Airstar. En se d\u00e9tachant, celle-ci r\u00e9v\u00e9la une seconde peau dot\u00e9e d\u2019un rev\u00eatement anti-radar.<\/p>\n<p>Je savais que je n\u2019\u00e9tais pas tir\u00e9 d\u2019affaire pour autant. Je tournai mon corps vers le sol tel un plongeur, et l\u2019h\u00e9licopt\u00e8re laissa s\u2019\u00e9chapper cinq petits parachutes alors qu\u2019il plongeait. Des fus\u00e9es thermiques se balan\u00e7aient sous deux des parachutes, tandis que des bandes d\u2019aluminium s\u2019\u00e9tiraient entre les deux autres. Le dernier parachute portait une petite roquette, tout juste assez grosse pour trouer un avion en papier, mais contenant un transpondeur coupl\u00e9 \u00e0 une fus\u00e9e pouvant imiter les signatures thermiques et \u00e9lectroniques de l\u2019Airstar. Le rev\u00eatement anti-radar masquerait la signature de l\u2019h\u00e9lico tandis que l\u2019aluminium et les fus\u00e9es brouilleraient le syst\u00e8me d\u2019acquisition de cible des missiles, qui se verrouillerait sur le leurre.<\/p>\n<p>C\u2019est ce que j\u2019esp\u00e9rais.<\/p>\n<p>Trop peu de secondes apr\u00e8s avoir pouss\u00e9 le bouton PANIC, je sentis mon corps virtuel se convulser alors que l\u2019h\u00e9lico \u00e9tait frapp\u00e9 par l\u2019onde de choc de l\u2019explosion des deux missiles. Je fis volte face, afin de faire pointer l\u2019h\u00e9lico dans la direction de mes deux attaquants \u2013 la fen\u00eatre d\u2019acquisition de cible apparue sur l\u2019\u00e9cran principal. Je s\u00e9lectionnai deux missiles anti-rayonnement<sup><a href=\"http:\/\/shadowrun.fr\/article\/mission-improbable#fn1\">1<\/a><\/sup>, puis les larguai d\u00e9s que le double signal sonore de verrouillage se fit entendre. Les MAR fil\u00e8rent dans le ciel \u00e0 la rencontre du puissant signal de mes deux foutus poursuivants tels deux \u00e9clairs. Une demi seconde plus tard, l\u2019alarme d\u2019acquisition de cible de l\u2019h\u00e9lico se tut, m\u2019informant ainsi que les senseurs de vis\u00e9 des F-B Eagle avaient \u00e9t\u00e9 d\u00e9truits. (Que Dieu b\u00e9nisse les MAR. Ils se verrouillent sur les \u00e9missions de la cible, donc plus les senseurs de l\u2019adversaire sont puissants, plus les MAR ont de chances de toucher au but. Les syst\u00e8mes CME des F-B auraient brouill\u00e9 n\u2019importe laquelle de mes armes si ces types avaient eu le temps de les utiliser. Mais les MAR s\u2019\u00e9taient dirig\u00e9s tout droit vers le signal et m\u2019avaient sauv\u00e9 la mise.)<\/p>\n<p>Mes deux poursuivants vacill\u00e8rent pendant une poign\u00e9e de secondes lorsque de petites explosions firent irruption devant leur nez, l\u00e0 o\u00f9 se trouvaient leurs senseurs. Les pilotes pivot\u00e8rent et me d\u00e9pass\u00e8rent \u00e0 grande vitesse, mitraillant l\u2019Airstar \u00e0 l\u2019aide de leurs miniguns. Je continuai de plonger vers le rivage\u00a0; je pouvais sentir mes poils se h\u00e9risser tandis que je poussais l\u2019Airstar au-del\u00e0 de ses limites, sa structure se d\u00e9formant sous les tensions exerc\u00e9es.<\/p>\n<p>Avant qu\u2019ils puissent virer pour faire un second passage, la grille verte des radars Salish apparut sur mon \u00e9cran. Je venais d\u2019entrer dans l\u2019espace a\u00e9rien du Salish-Shide \u2013 un lieu s\u00fbr tout du moins en ce qui concernait mes deux chasseurs. (Mais pas vraiment s\u00fbr pour autant\u2026). Les pilotes en herbe abandonn\u00e8rent la poursuite, pr\u00e9f\u00e9rant semblait-il ne pas risquer un incident international pour un simple h\u00e9licopt\u00e8re. Au bout de quelques secondes, je laissai \u00e9chapper un soupir de soulagement. Je n\u2019avais entendu aucun avertissement de la part des contr\u00f4leurs a\u00e9riens Salish, ce qui signifiait qu\u2019ils ne m\u2019avaient pas d\u00e9tect\u00e9.<\/p>\n<p>Je fis descendre l\u2019Airstar le plus bas possible jusqu\u2019\u00e0 fr\u00f4ler la cime des arbres \u2013 rien de tel pour \u00e9viter les mauvaises rencontres \u2013 tandis que la m\u00eame question tournait en boucle dans ma t\u00eate. Pourquoi ces deux abrutis avaient-ils essay\u00e9 de me descendre sans aucune sommation\u00a0? J\u2019avais eu un paquet de confrontations avec des pilotes Salishs ou des UCAS lors de runs, mais jamais ils n\u2019avaient ouvert le feu sans sommations ou sans une quelconque forme de menace. Cette connerie de tirer-d\u2019abord-poser-les-questions-ensuite, c\u2019\u00e9tait un truc de la Lone Star. Pas le genre de choses que des pilotes se font entre-eux, m\u00eame si eux sont du c\u00f4t\u00e9 de la loi et moi pas.<\/p>\n<p>Je faisais face au brillant orbe orang\u00e9 du soleil se levant \u00e0 l\u2019horizon, et les ombres et l\u2019obscurit\u00e9 qui couvraient le sol se dissipaient progressivement. Malheureusement, ceci ne jeta aucune lumi\u00e8re sur la r\u00e9ponse \u00e0 ma question. Je d\u00e9cidai d\u2019oublier cette mauvaise rencontre pour le moment, mais je ne pourrais pas fuir \u00e9ternellement. T\u00f4t ou tard, il faudrait que je me pose, et \u00e0 ce moment l\u00e0, ils me trouveraient.<\/p>\n<p>Enfin quoi, quelle importance. Peut-\u00eatre que j\u2019arriverais \u00e0 faire ce pour quoi j\u2019\u00e9tais pay\u00e9 avant que la cavalerie ne d\u00e9barque.<\/p>\n<p>Je fis atterrir l\u2019Airstar \u00e0 l\u2019endroit exact o\u00f9 le Johnson me l\u2019avait indiqu\u00e9, puis sortis mon Ingram et me mis en route pour r\u00e9cup\u00e9rer le paquet. Je me demandai bri\u00e8vement ce qu\u2019il pouvait bien contenir \u2013 de quoi lancer les justiciers du ciel aux trousses d\u2019un h\u00e9lico solitaire peut-\u00eatre\u00a0? Comment pouvaient-ils savoir qui j\u2019\u00e9tais\u00a0? \u2013 puis renon\u00e7ai rapidement \u00e0 ces infructueuses sp\u00e9culations. Les contrebandiers qui vivent suffisamment longtemps pour d\u00e9penser leurs gains apprennent \u00e0 ne pas poser des questions inutiles.<\/p>\n<p>La silhouette mena\u00e7ante du p\u00e9nitencier de l\u2019\u00eele McNeil me faisait face. Le complexe \u00e9tait abandonn\u00e9 depuis des ann\u00e9es, mais Johnson m\u2019avait averti que des \u00ab individus mal intentionn\u00e9s \u00bb \u00e9taient susceptibles de surveiller les lieux. La perspective d\u2019une entr\u00e9e peu orthodoxe ne m\u2019emballait pas franchement. Une fois le point d\u2019entr\u00e9e atteint, je pris une grande inspiration, me pr\u00e9parai mentalement, et descendis dans les \u00e9gouts qui me m\u00e8neraient jusqu\u2019au c\u0153ur du b\u00e2timent.<\/p>\n<p>Apr\u00e8s avoir pataug\u00e9 dans des immondices inidentifiables et puants pendant ce qui me parut des heures, j\u2019arrivai finalement au passage tout juste assez grand pour un homme que je cherchais. Je me tassai contre le mur, me poussai vers le haut, me faufilant \u00e0 travers l\u2019\u00e9troite ouverture, maudissant le manque de place tout au long de l\u2019op\u00e9ration. Puis, m\u2019accroupissant sur la dalle de b\u00e9ton humide du sol situ\u00e9e sous une lourde grille, je d\u00e9cidai d\u2019observer les alentours aussi bien que me le permettrait la faible luminosit\u00e9 ambiante.<\/p>\n<p>J\u2019avais atteint un boyau de maintenance situ\u00e9 sous le sol du b\u00e2timent principal. Je pouvais distinguer la forme des c\u00e2bles \u00e9lectriques et des tubes de la tuyauterie\u00a0; l\u2019endroit sentait la rouille et la moisissure. A travers la grille, je distinguais plusieurs turbines gigantesques plong\u00e9es dans les t\u00e9n\u00e8bres, ce qui signifiait que je devais s\u00fbrement me trouver sous la centrale \u00e9lectrique.<\/p>\n<p>J\u2019\u00e9tais en train de me hisser pour atteindre la grille et la soulever lorsqu\u2019un crissement discret me figea sur place. Puis j\u2019entendis le g\u00e9missement caract\u00e9ristique d\u2019un moteur \u00e0 combustion dont le volume augmentait progressivement \u00e0 mesure qu\u2019il se rapprochait de moi. En tordant le cou, j\u2019aper\u00e7us tout juste une ombre grondante. Je retirais mes doigts de la grille \u00e0 l\u2019instant o\u00f9 la chose roula dessus, marquant un arr\u00eat imm\u00e9diatement au-dessus de ma t\u00eate.<\/p>\n<p>Je reconnus un drone de patrouille FMC Sentinel. A peine plus gros qu\u2019une voiture pour enfant, il \u00e9tait \u00e9quip\u00e9 de chenilles pour se d\u00e9placer sur des terrains accident\u00e9s, et poss\u00e9dait une puissance de feu suffisante pour ruiner la carri\u00e8re de n\u2019importe quel shadowrunner. S\u2019il me d\u00e9tectait, il ruinerait probablement la mienne.<\/p>\n<p>Sans un bruit, je d\u00e9sengageai le chargeur de mon Ingram, et glissai ma main dans la poche de mon sac pour en sortir un chargeur rempli de 30 balles perce blindage en uranium appauvri dot\u00e9es d\u2019un rev\u00eatement en silicone. J\u2019ins\u00e9rai le chargeur aussi silencieusement que je le pu, puis basculai le s\u00e9lecteur de mode de tir sur AUTO, avant de glisser le canon entre les barreaux de la grille.<\/p>\n<p>Pour la premi\u00e8re fois de la nuit, j\u2019\u00e9tais heureux de m\u2019\u00eatre faufil\u00e9 par les \u00e9gouts. Si j\u2019avais crois\u00e9 le Sentinel en surface, je n\u2019aurais eu aucune chance de le d\u00e9truire avant qu\u2019il ne me rep\u00e8re. Mais comme la majorit\u00e9 des drones con\u00e7us pour des t\u00e2ches de s\u00e9curit\u00e9 et de surveillance de p\u00e9rim\u00e8tre, le ventre du Sentinel n\u2019\u00e9tait \u00e9quip\u00e9 que d\u2019un blindage l\u00e9ger. Apr\u00e8s tout, personne n\u2019avait pr\u00e9vu que le drone aille rouler sur une mine anti-char. L\u2019Ingram cracha plusieurs balles qui travers\u00e8rent la fine peau du Sentinel en projetant quelques \u00e9tincelles. Les courts-circuits provoquaient par les projectiles firent na\u00eetre de petites flammes et le drone se mit \u00e0 cr\u00e9piter et \u00e0 tressauter. Une forte explosion due \u00e0 une balle qui s\u2019\u00e9tait \u00e9gar\u00e9e jusqu\u2019au r\u00e9servoir me projeta en arri\u00e8re. Je m\u2019\u00e9loignai pr\u00e9cipitamment tandis qu\u2019une pluie de carburant enflamm\u00e9 se d\u00e9versait dans le boyau.<\/p>\n<p>Dans les minutes qui suivirent, l\u2019endroit se mit \u00e0 grouiller de drones. Il me fallu balancer le reste de mes pr\u00e9cieuses munitions ainsi qu\u2019une grenade thermique avant de trouver un conduit de ventilation o\u00f9 me cacher. Il me fallu ensuite plus de deux heures pour rejoindre le dernier \u00e9tage en rampant \u00e0 travers le r\u00e9seau de ventilation. Emergeant enfin d\u2019un \u00e9troit conduit, j\u2019atterri maladroitement dans un vestibule plong\u00e9 dans l\u2019obscurit\u00e9. Sur ma droite se trouvait une porte de s\u00e9curit\u00e9 dot\u00e9e d\u2019un clavier \u00e9lectronique directement au-dessus de la poign\u00e9e. En admettant que malgr\u00e9 toutes mes contorsions dans le r\u00e9seau de ventilation, j\u2019avais correctement gard\u00e9 en t\u00eate le plan que j\u2019avais m\u00e9moris\u00e9, le paquet devait se trouver de l\u2019autre c\u00f4t\u00e9 de cette porte.<\/p>\n<p>J\u2019enclenchai un nouveau chargeur dans l\u2019Ingram avant de le vider dans le verrou et de pousser la porte d\u2019un violent coup de pied. Apr\u00e8s avoir rapidement recharg\u00e9, j\u2019inspectai la pi\u00e8ce avec pr\u00e9caution. Fut un temps, \u00e7a avait \u00e9t\u00e9 un bureau, semblable \u00e0 des milliers d\u2019autres bureaux. Un terminal informatique tr\u00f4nait sur un bureau bon march\u00e9 en plastibois, le tout recouvert d\u2019une \u00e9paisse couche de poussi\u00e8re.<\/p>\n<p>Je me dirigeai jusqu\u2019au terminal. Une puce \u00e9tait enfich\u00e9e dans l\u2019une des fentes pr\u00e9vues \u00e0 cet effet. J\u2019ouvris le tiroir du bureau \u2013 comme je m\u2019y attendais, quelques punaises y \u00e9taient diss\u00e9min\u00e9es \u00e7a et l\u00e0. J\u2019en pris une, introduisis la pointe dans la fente et commen\u00e7ai \u00e0 la remuer autour de la puce jusqu\u2019\u00e0 ce que celle-ci s\u2019\u00e9jecte de son support. Paquet r\u00e9cup\u00e9r\u00e9.<\/p>\n<p>C\u2019est non sans peine que je me redressai lorsque les sir\u00e8nes d\u2019alarmes se mirent \u00e0 beugler. Un bruit de cavalcade en provenance du couloir m\u2019indiqua qu\u2019il n\u2019y avait pas d\u2019issue possible de ce c\u00f4t\u00e9. Rapidement, je me tournai vers l\u2019unique fen\u00eatre du bureau, juste \u00e0 temps pour voir un fin rideau m\u00e9tallique finir de la bloquer. Le bruit mat de la porte heurtant le mur me fit faire volte face, Ingram lev\u00e9, pour me retrouver nez-\u00e0-nez avec mes nouveaux ennemies \u2013 quatre gardes de s\u00e9curit\u00e9 en armure sigl\u00e9es d\u2019un logo que je ne connaissais pas. Leurs armes \u00e9taient toutes braqu\u00e9es sur moi.<\/p>\n<p>Pendant une poign\u00e9e de secondes, personne ne fit un mouvement. Puis j\u2019entendis une voix famili\u00e8re en provenance du couloir.<\/p>\n<p>\u00ab Merci Messieurs, \u00bb s\u2019exclama mon Johnson en entrant dans la pi\u00e8ce. \u00ab Vous pouvez baisser vos armes \u00e0 pr\u00e9sent. \u00bb<\/p>\n<p>Tandis que les gars de la s\u00e9curit\u00e9 ob\u00e9issaient, le Johnson me lan\u00e7a un magnifique sourire. \u00ab F\u00e9licitations Roy, \u00bb dit-elle. \u00ab Vous avez r\u00e9ussi \u00bb.<\/p>\n<p>Je rel\u00e2chai ma prise sur l\u2019Ingram l\u2019espace d\u2019un instant\u2026 seulement un instant. \u00ab C\u2019\u00e9tait un test\u00a0? Juste un test\u00a0? \u00bb<\/p>\n<p>\u00ab J\u2019avais besoin de savoir si vous \u00e9tiez \u00e0 la hauteur de votre r\u00e9putation, \u00bb me r\u00e9pondit-elle. \u00ab Et il semble que vous le soyez. Vous vous \u00eates montr\u00e9 plein de ressources. Je ne peux pas me permettre moins \u2013 en tout cas, pas pour le boulot auquel je pense. \u00bb<\/p>\n<p>\u00ab Et la puce\u00a0? \u00bb La curiosit\u00e9 et la col\u00e8re m\u2019envahissaient tour \u00e0 tour. Je d\u00e9cidai que \u00e7a ne pouvait pas me faire de mal de laisser gagner la curiosit\u00e9. \u00ab A-t-elle de la valeur ou s\u2019agit-il d\u2019une connerie sans int\u00e9r\u00eat\u00a0? \u00bb<\/p>\n<p>\u00ab Oh, disons qu\u2019elle a une certaine valeur \u00bb. Johnson rit doucement. \u00ab Gardez la en guise de paiement pour aujourd\u2019hui, tout du moins, si vous d\u00e9cidez que participer \u00e0 la vraie mission n\u2019en vaut pas la peine. \u00bb Elle me jaugea du regard puis continua. \u00ab Cela vous int\u00e9resse-t-il d\u2019en savoir plus \u00e0 ce sujet\u00a0? \u00bb<\/p>\n<p>\u00ab Vous me laisseriez vraiment partir\u00a0? Comme \u00e7a\u00a0? \u00bb<\/p>\n<p>\u00ab Comme \u00e7a oui. J\u2019ai besoin de volontaires Roy, pas seulement de flingues \u00e0 louer qui pourraient d\u00e9cider de plier bagages lorsque les choses deviennent plus dangereuses que ce qu\u2019ils avaient n\u00e9goci\u00e9. De ce que j\u2019ai entendu dire sur vous avant d\u2019organiser cette petite excursion, je dirais que vous pourriez \u00eatre volontaire \u2013 une fois que vous saurez tout. Mais avant cela\u2026 \u00bb Elle me jaugea \u00e0 nouveau du regard. \u00ab Dites-moi quels sont vos sentiments envers la Fondation Draco. \u00bb<\/p>\n<p>Je faillis en l\u00e2cher mon Ingram de surprise. \u00ab Je ne peux pas dire que j\u2019en ai, dans un sens ou dans l\u2019autre, \u00bb Apr\u00e8s un moment, je r\u00e9ussis \u00e0 dire\u00a0: \u00ab Pourquoi\u00a0? Vous travaillez pour ou contre elle\u00a0? \u00bb<\/p>\n<p>\u00ab Pour. \u00bb A nouveau son rire l\u00e9ger. \u201cOh, absolument pour. Je vous en apporterai la preuve si vous souhaitez en savoir plus sur le job. Autour d\u2019un d\u00eener. Je vous laisse le choix du restaurant \u2013 quoique je doive avouer que ma pr\u00e9f\u00e9rence irait \u00e0 un Tha\u00ef. \u00bb<\/p>\n<p>Je rangeai l\u2019Ingram \u00e0 sa place. \u00ab Je connais un endroit dans Tacoma. Roong Petch. C\u2019est un peu d\u00e9cr\u00e9pi mais ils y servent le meilleur curry en ville. \u00bb<\/p>\n<p>\u00ab Vous pourrez toujours changer d\u2019avis apr\u00e8s le d\u00eener, \u00bb dit-elle. \u00ab Je vous en dirai assez pour que vous ayez une id\u00e9e de ce qui vous attend, mais sans que cela vous mette en danger si vous refusez. Comme je vous l\u2019ai dit, j\u2019ai besoin de bien plus que de simples flingues \u00e0 louer. \u00bb<\/p>\n<p>Je fis un mouvement de la t\u00eate en direction de la porte. \u00ab Nous perdons du temps ma p\u2019tite dame \u2013 et je commence \u00e0 avoir faim. \u00bb<\/p>\n<p>Cela la fit sourire \u2013 un sourire chaud qui fit briller ses yeux bleus. J\u2019eus le sentiment que je l\u2019avais d\u00e9j\u00e0 vu quelque part \u2013 et pas seulement dans le cadre de ce boulot\u2013 mais je mis \u00e7a sur le compte de la parano\u00efa commune \u00e0 tous les contrebandiers. En la suivant, elle et ses hommes, hors de la pi\u00e8ce, je me demandai dans quel p\u00e9trin je venais de me mettre. Vous connaissez le dicton \u2013 ne traitez jamais avec un dragon, ni avec l\u2019employ\u00e9e d\u2019un dragon\u2026<\/p>\n<p id=\"fn1\"><sup>1<\/sup> (NdT) En anglais\u00a0: Anti-Radiation Missile (ARM).<\/p>\n<hr class=\"fin-flotte-vu\" \/>\n<p class=\"articleInfos\">Document cr\u00e9\u00e9 \u00e0 l&rsquo;origine par <strong>Diane Piron-Gelman et Robert Cruz<\/strong> et publi\u00e9 sur <a href=\"http:\/\/shadowrun.fr\">shadowrun.fr<\/a> le jeudi 21 avril 2005 par <strong>Julien Le Marinier<\/strong>.<\/p>\n<p class=\"articleInfos\">Article mis \u00e0 disposition sous licence <em>Copyright FASA<\/em>.<\/p>\n","protected":false},"excerpt":{"rendered":"<p>Cette nouvelle a \u00e9t\u00e9 \u00e9crite en 1997 par Diane Piron-Gelman et Robert Cruz. Elle fut publi\u00e9e dans le suppl\u00e9ment Rigger 2 puis mise \u00e0 disposition sur le site officiel de Shadowrun sous le titre Mission improbable. L\u2019histoire\u00a0: Un interfac\u00e9 est embauch\u00e9 pour r\u00e9cup\u00e9rer un paquet sur une \u00eele des Salish Shides. A priori, il s\u2019agit [&hellip;]<\/p>\n","protected":false},"author":1,"featured_media":0,"parent":198,"menu_order":0,"comment_status":"closed","ping_status":"closed","template":"","meta":{"footnotes":""},"class_list":["post-813","page","type-page","status-publish","hentry"],"_links":{"self":[{"href":"http:\/\/www.franchouille.fr\/testsr\/wp-json\/wp\/v2\/pages\/813","targetHints":{"allow":["GET"]}}],"collection":[{"href":"http:\/\/www.franchouille.fr\/testsr\/wp-json\/wp\/v2\/pages"}],"about":[{"href":"http:\/\/www.franchouille.fr\/testsr\/wp-json\/wp\/v2\/types\/page"}],"author":[{"embeddable":true,"href":"http:\/\/www.franchouille.fr\/testsr\/wp-json\/wp\/v2\/users\/1"}],"replies":[{"embeddable":true,"href":"http:\/\/www.franchouille.fr\/testsr\/wp-json\/wp\/v2\/comments?post=813"}],"version-history":[{"count":0,"href":"http:\/\/www.franchouille.fr\/testsr\/wp-json\/wp\/v2\/pages\/813\/revisions"}],"up":[{"embeddable":true,"href":"http:\/\/www.franchouille.fr\/testsr\/wp-json\/wp\/v2\/pages\/198"}],"wp:attachment":[{"href":"http:\/\/www.franchouille.fr\/testsr\/wp-json\/wp\/v2\/media?parent=813"}],"curies":[{"name":"wp","href":"https:\/\/api.w.org\/{rel}","templated":true}]}}