{"id":782,"date":"2005-05-10T22:59:28","date_gmt":"2005-05-10T21:59:28","guid":{"rendered":"http:\/\/www.franchouille.fr\/shadowrun\/?page_id=782"},"modified":"2005-05-10T22:59:28","modified_gmt":"2005-05-10T21:59:28","slug":"infectes-the-infected","status":"publish","type":"page","link":"http:\/\/www.franchouille.fr\/testsr\/aides-de-jeu\/monde-de-shadowrun\/infectes-the-infected\/","title":{"rendered":"Les Infect\u00e9s (The Infected)"},"content":{"rendered":"<p>Tout au long de l\u2019histoire, il y a des traces des vampires et de cr\u00e9atures apparent\u00e9es. Avant l\u2019\u00c9veil, exist\u00e9 le <acronym title=\"Virus Vampirique Humain Meta-Humain\">VVHMH<\/acronym>, un simple r\u00e9trovirus, qui a atteint sa v\u00e9ritable puissance et virulence lors de la mont\u00e9e du niveau de mana.<\/p>\n<p>Cette \u00ab\u00a0peste\u00a0\u00bb retravaille l\u2019ADN de n\u2019importe quel m\u00e9ta-humain dans lequel il se trouve en quantit\u00e9 suffisante, faisant de lui un Infect\u00e9. Les changements physiques des Goules ont d\u2019abord \u00e9t\u00e9 interpr\u00e9t\u00e9s comme une forme de gobelinisation, avant que l\u2019on se rende compte que leur apparence et leur app\u00e9tit pouvait \u00eatre transmis par l\u2019entr\u00e9e en contact avec des fluides corporels.<\/p>\n<p>Il est \u00e0 noter que l\u2019origine du VVHMH reste floue, quoique de nombreux traits du vampirisme soient li\u00e9s \u00e0 des horreurs et \u00e0 certains meurtres \u00e9tranges commis dans les \u00ab\u00a0bois de sang\u00a0\u00bb par une elfe \u00e0 la peau laiteuse.<br \/>\nLe VVHMH peut \u00eatre d\u00e9tect\u00e9 via la s\u00e9rie de test sanguin Harz-Greenbaum. En Afrique, une nation de Sasabonsam, appel\u00e9e Asamando, s\u2019est cr\u00e9\u00e9e. En Europe, les Nains, qui r\u00e9sistaient au VVHMH commencent \u00e0 \u00eatre touch\u00e9s eux aussi et \u00e0 des taux incroyables.<\/p>\n<p>Au Royaume-Uni, l\u2019ordre vampirique Ordo Maximus traite avec Fuchi pour leur vendre leur cybermancie et pour alt\u00e9rer g\u00e9n\u00e9tiquement le virus \u00e0 leurs propres besoins.<\/p>\n<h1>Mode de fonctionnement<\/h1>\n<p>Un r\u00e9trovirus peut \u00eatre infectieux via les fluides corporels, le VVHMH peut et est activement combattu par le syst\u00e8me immunitaire. Cependant, s\u2019il passe les d\u00e9fenses, le virus r\u00e9\u00e9crit de grandes parties de l\u2019ADN du sujet. Les sections r\u00e9\u00e9crites apparaissent sous la forme d\u2019ombres astrales, et lorsque l\u2019environnement fournis un taux de mana suffisant, change la nature physique de la victime, lui conf\u00e9rant des capacit\u00e9s et un app\u00e9tit paranormal.<\/p>\n<p>La perte d\u2019essence exp\u00e9riment\u00e9e par beaucoup d\u2019infect\u00e9s est curieuse, et on pense qu\u2019elle est le r\u00e9sultat du processus d\u2019alt\u00e9ration g\u00e9n\u00e9tique qui modifie le corps, le rendant tr\u00e8s diff\u00e9rent de ce qu\u2019il \u00e9tait \u00e0 l\u2019origine. Cela explique la capacit\u00e9 de beaucoup d\u2019Infect\u00e9s pour drainer l\u2019essence dans le but d\u2019accro\u00eetre la leur.<\/p>\n<p>On a suppos\u00e9 qu\u2019un \u00e9l\u00e9ment surnaturel du virus octroy\u00e9 cette capacit\u00e9, cela n\u2019a cependant pu \u00eatre ni confirm\u00e9 ni infirm\u00e9 \u00e0 cette heure.<\/p>\n<p>On a \u00e9galement remarqu\u00e9 que le VVHMH est le r\u00e9sultat d\u2019une utilisation particuli\u00e8rement malveillante de magie du sang, dont la perte d\u2019essence repr\u00e9sente la consommation d\u2019\u00e9nergie caus\u00e9e par l\u2019utilisation des capacit\u00e9s d\u2019Infect\u00e9, cela n\u2019explique cependant pas les variantes de VVHMH qui ne subissent pas de perte d\u2019essence.<\/p>\n<p>Quelques animaux sont de m\u00eame susceptibles d\u2019\u00eatre infect\u00e9s par des souches sp\u00e9cifiques du VVHMH.<\/p>\n<h1>Quelques mots sur la famille du Virus Vampirique Humain M\u00e9ta-Humain (VVHMH)<\/h1>\n<p>L\u2019int\u00e9r\u00eat de cette famille de virus est qu\u2019ils alt\u00e8rent la structure g\u00e9n\u00e9tique d\u2019un individu infect\u00e9, lui fournissant des caract\u00e9ristiques et des capacit\u00e9s surnaturelles. Habituellement il change aussi les exigences nutritionnelles, cr\u00e9e des allergies et r\u00e9duit la fertilit\u00e9.<\/p>\n<p>En r\u00e9alit\u00e9, les r\u00e9trovirus tel que le VVHMH alt\u00e8rent l\u2019ADN de la victime\u00a0: cette alt\u00e9ration pouvant \u00eatre transmise \u00e0 sa descendance.<\/p>\n<p>Les Orks, les Elfes et les Humains conservent leur intelligence apr\u00e8s l\u2019infection, les Nains et les Trolls, non.<\/p>\n<h2>Virus Vampirique Humain M\u00e9ta-Humain (VVMHM)<\/h2>\n<p>La souche originelle, ce r\u00e9trovirus dont des preuves montrent qu\u2019il \u00e9tait actif avant l\u2019\u00c9veil ne pouvait apparemment atteindre sa pleine virulence qu\u2019avec la mont\u00e9e du mana. Bien que le virus puisse infecter toutes les esp\u00e8ces connues de m\u00e9ta-humain, seul les Vampires et les Wendigos peuvent propager le virus. Les Nains dont la r\u00e9sistance pathog\u00e8ne les avaient prot\u00e9g\u00e9s pendant bien plus d\u2019ann\u00e9es que le reste de la m\u00e9ta-humanit\u00e9, ont finalement succomb\u00e9 \u00e0 une souche sp\u00e9cifique en 2046.<\/p>\n<p>Des s\u00e9ides vampiriques peuvent \u00eatre cr\u00e9\u00e9s \u00e0 partir de tous les m\u00e9ta-types gr\u00e2ce \u00e0 l\u2019utilisation de certaines m\u00e9thodes par les Vampires et les Nosferatus.<\/p>\n<p>Vampires et Nosferatus sont \u00ab\u00a0natifs\u00a0\u00bb d\u2019Europe et d\u2019Am\u00e9rique du nord, une variante du virus dans les Cara\u00efbes cr\u00e9e les Sukuyan, en Afrique occidentale, l\u2019Amalanhig, l\u2019Abat, le Baruka et le Mangalok.<\/p>\n<h2>La souche de Jarka-Criscione (VVHMH-II)<\/h2>\n<p>Cette souche n\u2019attribue pas les capacit\u00e9s vampiriques du premier et les moyens d\u2019infection sont inconnus, comme il ne peut pas \u00eatre transmis \u00e0 quelqu\u2019un, il doit \u00eatre transmis \u00e0 la descendance.<\/p>\n<p>Le VVHMH-II peut infecter les Sasquatch, les transformant en Bandersnatch. On ne sait pas pourquoi le virus accroit la fertilit\u00e9 du Bandersnatch alors qu\u2019il rend les Loups-Garous, des Humains infect\u00e9s, st\u00e9riles.<\/p>\n<h2>La souche Krieger<\/h2>\n<p>Cette souche est une maladie du sang contagieuse qui conduit \u00e0 la transformation en Goule. Cette souche est unique car elle peut avoir des effets partiels et ne n\u00e9cessite aucun drain d\u2019essence pour que l\u2019infection se produise. Les Goules ont tout d\u2019abord \u00e9t\u00e9 consid\u00e9r\u00e9es comme une race gobelinis\u00e9e, mais ce n\u2019est pas le cas. Les enfants de goules naissent habituellement Goules, bien qu\u2019il y est des exceptions. Ils peuvent \u00e9galement \u00eatre infect\u00e9s peu apr\u00e8s leur naissance. Le virus peut se propager via le contact avec des liquides corporels.<\/p>\n<p>En Afrique de l\u2019ouest, une variante locale de cette maladie cr\u00e9e le Busaw, tandis que la souche Krieger-Laluah cr\u00e9e les Sasabonsam \u00e0 longs membres d\u2019Asamando.<\/p>\n<h2>La souche Bruckner-Langer<\/h2>\n<p>Cette souche isol\u00e9e en 2046, mais beaucoup plus ancienne, tue les sous-esp\u00e8ces de m\u00e9ta-humains except\u00e9 les Humains, qui deviennent des Nosferatus. De rares Elfes disposent des bons g\u00e8nes et peuvent \u00e9galement \u00eatre infect\u00e9s, mais ils auront des besoins nutritionnels tr\u00e8s sp\u00e9cifiques pour pouvoir survivre\u00a0: un groupe sanguin tr\u00e8s rare qui peut \u00eatre li\u00e9 \u00e0 un potentiel magique et qui n\u2019est pr\u00e9sent que chez les Humains et les Elfes (le facteur mortalit\u00e9 in-vitro pour les foetus d\u2019autres m\u00e9ta-types \u00e9tant critique).<\/p>\n<h2>La souche de l\u2019Ours Volant<\/h2>\n<p>Le koala d\u2019Australie peut apparemment \u00eatre infect\u00e9 par un virus similaire au VVHMH qui le fait s\u2019\u00e9veiller en Ours Volant. Il n\u2019en r\u00e9sulte aucune tendance vampirique.<\/p>\n<h2>Chupacabra<\/h2>\n<p>Le Goat-Sucker m\u00e9rite une mention sp\u00e9ciale. Cette cr\u00e9ature qui montre le sch\u00e9ma du VVHMH dans ses tissus, n\u2019est actuellement pas porteuse du virus. Il est fortement suspect\u00e9 qu\u2019il s\u2019agit du fruit d\u2019une manipulation g\u00e9n\u00e9tique du VVHMH, tel que l\u2019Ordo Maximus et le Terminus Project. Ma th\u00e9orie personnelle soutient qu\u2019il s\u2019agit d\u2019un l\u00e9murien \u00e9veill\u00e9, certainement modifi\u00e9 par le g\u00e9nie g\u00e9n\u00e9tique.<\/p>\n<h1>Les infect\u00e9s<\/h1>\n<p>Voici une liste des diff\u00e9rentes transformations par virus et par m\u00e9ta-type.<\/p>\n<h2>les Nains<\/h2>\n<ul>\n<li>Gobelins (VVHMH)<\/li>\n<li>Goules\/Busaw (Krieger)<\/li>\n<li>Sasobosam (Krieger-Laluah)<\/li>\n<\/ul>\n<h2>les Elfes<\/h2>\n<ul>\n<li>Banshees (VVHMH)<\/li>\n<li>Nosferatu (Bruckner-Langer) &lt; tr\u00e8s rare &gt;<\/li>\n<li>Goules\/Busaw (Krieger)<\/li>\n<li>Sasobosam (Krieger-Laluah)<\/li>\n<\/ul>\n<h2>les Humains<\/h2>\n<ul>\n<li>Vampires\/Sukuyan\/Abat\/Alamanhig\/Baroka\/Mangalock (VVHMH)<\/li>\n<li>Nosferatu (Bruckner-Langer)<\/li>\n<li>Goules\/Busaw (Krieger et variantes regionales)<\/li>\n<li>Sasobosam (Krieger-Laluah)<\/li>\n<li>Loup-Garou (VVHMH-II)<\/li>\n<\/ul>\n<h2>les Orks<\/h2>\n<ul>\n<li>Wendigo (VVHMH)<\/li>\n<li>Goules\/Busaw (Krieger)<\/li>\n<li>Sasobosam (Krieger-Laluah)<\/li>\n<\/ul>\n<h2>les Trolls<\/h2>\n<ul>\n<li>Dzoo-nu-Qua (VVHMH)<\/li>\n<li>Fomorians (VVHMH-II)<\/li>\n<li>Goules\/Busaw (Krieger)<\/li>\n<li>Sasobosam (Krieger-Laluah)<\/li>\n<\/ul>\n<p>La mani\u00e8re dont un Troll devient un Mut-a-qua est inconnue, mais cela semble \u00eatre le r\u00e9sultat d\u2019une mutation due aux polluants ou au g\u00e9nie g\u00e9n\u00e9tique.<\/p>\n<h2>Autres m\u00e9ta-types<\/h2>\n<ul>\n<li>L\u2019expression du virus chez le Sasquatch pour le VVHMH-II est le Bandersnatch.<\/li>\n<li>Le koala devient un Ours Volant par une variante de la souche originelle du VVHMH.<\/li>\n<\/ul>\n<h3>L\u2019ours volant<\/h3>\n<p>Les m\u00e9tazoologues les plus s\u00e9rieux font de cet animal tr\u00e8s rare un parent \u00c9veill\u00e9 du koala. La recherche actuelle fait appara\u00eetre dans son sang une forme de virus similaire au VVHMH. L\u2019ours volant est un pr\u00e9dateur nocturne aux yeux rouges, arm\u00e9 de longues griffes et de crocs ac\u00e9r\u00e9s. Son pelage est naturellement noir, mais \u00e0 l\u2019instar du bandersnatch nord-am\u00e9ricain, l\u2019ours volant est capable de se fondre dans son environnement imm\u00e9diat. Il chasse g\u00e9n\u00e9ralement \u00e0 l\u2019approche de l\u2019aube et au cr\u00e9puscule, \u00e0 l\u2019aff\u00fbt sur une branche, d\u2019o\u00f9 il se laisse tomber sur sa proie pour tenter de lui arracher la t\u00eate.<\/p>\n<hr class=\"fin-flotte-vu\" \/>\n<p class=\"articleInfos\">Document publi\u00e9 sur <a href=\"http:\/\/shadowrun.fr\">shadowrun.fr<\/a> le mardi 10 mai 2005 par <strong>David Garnarat<\/strong>.<\/p>\n<p class=\"articleInfos\">L&rsquo;auteur de cet article n&rsquo;a pas sp\u00e9cifi\u00e9 de licence, son contenu original est donc par d\u00e9faut mis \u00e0 disposition sous le contrat <em>Ludys-Jdr Usage Personnel<\/em>. Tous les usages du document sont autoris\u00e9s pour une session de jeu de r\u00f4les ludique sans caract\u00e8re commercial. En dehors de ce contexte, aucune reproduction n&rsquo;est autoris\u00e9e sans l&rsquo;accord de l&rsquo;auteur.<\/p>\n","protected":false},"excerpt":{"rendered":"<p>Tout au long de l\u2019histoire, il y a des traces des vampires et de cr\u00e9atures apparent\u00e9es. Avant l\u2019\u00c9veil, exist\u00e9 le VVHMH, un simple r\u00e9trovirus, qui a atteint sa v\u00e9ritable puissance et virulence lors de la mont\u00e9e du niveau de mana. Cette \u00ab\u00a0peste\u00a0\u00bb retravaille l\u2019ADN de n\u2019importe quel m\u00e9ta-humain dans lequel il se trouve en quantit\u00e9 [&hellip;]<\/p>\n","protected":false},"author":1,"featured_media":0,"parent":615,"menu_order":0,"comment_status":"closed","ping_status":"closed","template":"","meta":{"footnotes":""},"class_list":["post-782","page","type-page","status-publish","hentry"],"_links":{"self":[{"href":"http:\/\/www.franchouille.fr\/testsr\/wp-json\/wp\/v2\/pages\/782","targetHints":{"allow":["GET"]}}],"collection":[{"href":"http:\/\/www.franchouille.fr\/testsr\/wp-json\/wp\/v2\/pages"}],"about":[{"href":"http:\/\/www.franchouille.fr\/testsr\/wp-json\/wp\/v2\/types\/page"}],"author":[{"embeddable":true,"href":"http:\/\/www.franchouille.fr\/testsr\/wp-json\/wp\/v2\/users\/1"}],"replies":[{"embeddable":true,"href":"http:\/\/www.franchouille.fr\/testsr\/wp-json\/wp\/v2\/comments?post=782"}],"version-history":[{"count":0,"href":"http:\/\/www.franchouille.fr\/testsr\/wp-json\/wp\/v2\/pages\/782\/revisions"}],"up":[{"embeddable":true,"href":"http:\/\/www.franchouille.fr\/testsr\/wp-json\/wp\/v2\/pages\/615"}],"wp:attachment":[{"href":"http:\/\/www.franchouille.fr\/testsr\/wp-json\/wp\/v2\/media?parent=782"}],"curies":[{"name":"wp","href":"https:\/\/api.w.org\/{rel}","templated":true}]}}