{"id":779,"date":"2005-05-17T22:56:29","date_gmt":"2005-05-17T21:56:29","guid":{"rendered":"http:\/\/www.franchouille.fr\/shadowrun\/?page_id=779"},"modified":"2005-05-17T22:56:29","modified_gmt":"2005-05-17T21:56:29","slug":"volte-face","status":"publish","type":"page","link":"http:\/\/www.franchouille.fr\/testsr\/sr-inspi\/nouvelles\/volte-face\/","title":{"rendered":"Volte-face"},"content":{"rendered":"<blockquote>\n<p class=\"aIntroduction\" style=\"text-align: center\">Ce texte, originellement intitul\u00e9 <cite>Turnabout<\/cite>, est une nouvelle publi\u00e9e sur le <a href=\"http:\/\/www.shadowrunrpg.com\/fiction\/\">site officiel de Shadowrun<\/a> et \u00e9crite par R. King-Nitschke.<\/p>\n<\/blockquote>\n<p>\u00ab\u00a0Sparq, t\u2019es en position\u00a0?\u00a0\u00bb<\/p>\n<p>\u00ab\u00a0Pr\u00eat pour foutre le dawa, Chef.\u00a0\u00bb La voix de Sparq lui parvint rapidement et \u00e0 bon volume dans le communicateur, en provenance de la prise jack situ\u00e9e un peu plus loin sur laquelle il s\u2019\u00e9tait branch\u00e9. Zack sourit int\u00e9rieurement \u2013 le contraire l\u2019aurait \u00e9tonn\u00e9 bien s\u00fbr. Ils travaillaient ensemble depuis si longtemps qu\u2019ils pouvaient presque deviner leurs pens\u00e9es r\u00e9ciproques. \u00ab\u00a0Tu n\u2019as qu\u2019un mot \u00e0 dire et l\u2019\u00e9lectricit\u00e9 ne sera plus qu\u2019un vieux souvenir. J\u2019ai aussi pris le contr\u00f4le du syst\u00e8me de secours, mais je ne sais pas si je pourrai le garder longtemps.\u00a0\u00bb<\/p>\n<p>\u00ab\u00a0Okay, c\u2019est bon,\u00a0\u00bb dit Zack. Il jeta un \u0153il aux autres membres de l\u2019\u00e9quipe \u2013 tout comme lui, ils portaient une combinaison gris terne de Clarion Electric. Torque avait quelques pro\u00e9minences l\u00e0 o\u00f9 il ne fallait pas (c\u2019est l\u2019effet que les armes et les muscles pouss\u00e9s en cuve ont sur n\u2019importe quel type) et Elena (tout du moins selon l\u2019avis de Zack) en avaient partout o\u00f9 il fallait, m\u00eame s\u2019il ne serait jamais permis de le lui dire. Il appr\u00e9ciait la vie en tant qu\u2019humain et n\u2019\u00e9tait pas certain qu\u2019elle ne serait pas capable de le transformer en crapaud.<\/p>\n<p>Il attrapa sa bo\u00eete \u00e0 outils en m\u00e9tal et fit un signe de t\u00eate aux autres. \u00ab\u00a0Vous \u00eates pr\u00eats les gars\u00a0?\u00a0\u00bb<\/p>\n<p>Torque haussa les \u00e9paules. \u00a0\u00bb\u00c7a va \u00eatre du g\u00e2teau. \u00c7a prendra max 15 minutes et on sera de retour \u00e0 MacArthur en 9 minutes. Et \u00e7a, c\u2019est si on prend notre temps.\u00a0\u00bb<\/p>\n<p>Zack ne prit pas la peine de rappeler \u00e0 Torque que les choses se passaient rarement de cette mani\u00e8re, mais, pour une fois, il pensa qu\u2019il se pourrait bien que ce soit vrai. La mission semblait ridiculement facile \u2013 leur Johnson, un mec genre jet-set au look tapageur, leur avait offert cinquante sacs pour s\u2019introduire dans l\u2019appartement d\u2019un petit parvenu et foutre le souk. M\u00eame pas pour y voler quoique ce soit, juste pour foutre le bordel. \u00ab\u00a0Je veux lui adresser un avertissement,\u00a0\u00bb avait dit le Johnson avec un sourire mielleux qui avait donn\u00e9 envie \u00e0 Zack de lui faire sauter ses sales petites dents parfaitement blanches. Ce genre de mec lui filait de l\u2019urticaire. Mais le fric reste du fric, et Johnson avait pay\u00e9 la moiti\u00e9 d\u2019avance.<\/p>\n<p>La partie la plus d\u00e9licate avait \u00e9t\u00e9 de rep\u00e9rer les dispositifs de s\u00e9curit\u00e9, et \u00e7a n\u2019avait pas \u00e9t\u00e9 de la tarte. Mais avec un peu de travail, il avait \u00e9t\u00e9 possible de s\u2019occuper du probl\u00e8me. Ils avaient obtenus les plans du b\u00e2timent (il \u00e9tait r\u00e9cent et avait \u00e9t\u00e9 construit deux ans auparavant) et il avait fallu environ une heure \u00e0 Sparq pour trouver une prise de connexion rarement utilis\u00e9e, cach\u00e9e dans une armoire de maintenance du sous-sol. De l\u00e0 \u00e9tait n\u00e9 leur plan consistant \u00e0 couper l\u2019\u00e9lectricit\u00e9 et \u00e0 p\u00e9n\u00e9trer d\u00e9guis\u00e9s en r\u00e9parateurs. Pour l\u2019instant, ils \u00e9taient \u00e0 l\u2019int\u00e9rieur de leur van dans le garage, et Zack s\u2019appr\u00eatait \u00e0 donner le feu vert.<\/p>\n<p>\u00ab\u00a0Tu es s\u00fbr qu\u2019il n\u2019est pas chez lui\u00a0?\u00a0\u00bb lui demanda soudain Torque.<\/p>\n<p>Zack secoua la t\u00eate. Il attrapa un communiqu\u00e9 de presse sur le tableau de bord et le lan\u00e7a sur les genoux de Torque. Le titre en lettres capitales annonc\u00e9 une soir\u00e9e de charit\u00e9 au b\u00e9n\u00e9fice des victimes d\u2019incendies. Torque l\u2019examina. \u00ab\u00a0Ils disent qu\u2019il y sera,\u00a0\u00bb dit-il en acquiescant. \u00ab\u00a0J\u2019esp\u00e8re qu\u2019il n\u2019aura pas eu une grosse migraine au dernier moment ou un truc dans le genre.\u00a0\u00bb<\/p>\n<p>\u00ab\u00a0Arr\u00eate de t\u2019en faire Torque,\u00a0\u00bb dit Elena, saisissant la feuille \u00e9lectronique et la lan\u00e7ant sur le tableau de bord. \u00ab\u00a0On entre et on ressort en 15 minutes, tu te souviens\u00a0?\u00a0\u00bb<\/p>\n<p>\u00ab\u00a0Du g\u00e2teau,\u00a0\u00bb acquies\u00e7a Torque.<\/p>\n<p>\u00ab\u00a0Okay, Sparq, c\u2019est parti,\u00a0\u00bb balan\u00e7a Zack dans le communicateur. Quelques secondes plus tard, les lumi\u00e8res s\u2019\u00e9teignirent, plongeant le garage dans les t\u00e9n\u00e8bres. Il ouvrit la porte du van. \u00ab\u00a0Que le spectacle commence\u00a0!\u00a0\u00bb<\/p>\n<p>Ils prirent l\u2019ascenseur de service afin que personne ne les remarque, eux et le fait qu\u2019ils \u00e9taient les seuls \u00e0 encore b\u00e9n\u00e9ficier d\u2019une source d\u2019\u00e9nergie. Lorsqu\u2019il s\u2019immobilisa et que les portes s\u2019entrouvrirent, la voix de Sparq leur parvint dans le communicateur\u00a0: \u00ab\u00a0Personne dans le couloir. Pas \u00e9tonnant vu qu\u2019il a le dernier \u00e9tage pour lui tout seul. Par contre, je ne peux pas voir dans l\u2019appart. Je vous retiens l\u2019ascenseur. Vous vous magnez, okay\u00a0?\u00a0\u00bb<\/p>\n<p>\u00ab\u00a0C\u2019est ce qui est pr\u00e9vu,\u00a0\u00bb r\u00e9pondit Zack.<\/p>\n<p>Les trois acolytes s\u2019extirp\u00e8rent de l\u2019ascenseur et se dirig\u00e8rent vers la double porte \u00e0 l\u2019autre extr\u00e9mit\u00e9 du couloir. Zack \u00e9tait d\u00e9j\u00e0 en train de sortir son kit \u00e9lectronique \u2013 n\u2019importe quelle porte de s\u00e9curit\u00e9 digne de ce nom poss\u00e9dait sa propre source d\u2019\u00e9nergie ind\u00e9pendante du reste du b\u00e2timent. Derri\u00e8re lui, il pouvait entendre Torque sortir son Predator. \u00ab\u00a0Elena, tu peux v\u00e9rifier qu\u2019il n\u2019y a personne \u00e0 l\u2019int\u00e9rieur\u00a0?\u00a0\u00bb<\/p>\n<p>\u00ab\u00a0C\u2019est parti,\u00a0\u00bb dit-elle, s\u2019adossant d\u00e9j\u00e0 contre le mur. Quelques instants plus tard, elle fut de retour. \u00ab\u00a0Il n\u2019y a personne ici \u00e0 part nous mes poulets,\u00a0\u00bb les informa-t-elle.<\/p>\n<p>\u00ab\u00a0Nickel.\u00a0\u00bb Un l\u00e9ger bip \u00e9lectronique indiqua qu\u2019il venait de d\u00e9bloquer le verrou magn\u00e9tique. Il tourna la poign\u00e9e d\u2019une main gant\u00e9e et poussa la porte vers l\u2019int\u00e9rieur.<\/p>\n<p>Sparq avait restaur\u00e9 l\u2019\u00e9lectricit\u00e9 dans l\u2019entr\u00e9e de l\u2019appartement afin que les faibles lumi\u00e8res de s\u00e9curit\u00e9 leur offrent une bonne visibilit\u00e9. Torque laissa \u00e9chapper un long sifflement \u00e9touff\u00e9. \u00a0\u00bb\u00c7a \u00e0 l\u2019air sympa.\u00a0\u00bb<\/p>\n<p>Zack observa la pi\u00e8ce principale, son sol en bois exotique, ses hautes fen\u00eatres et son ameublement somptueux, puis acquies\u00e7a. Il n\u2019y connaissait pas grand-chose l\u00e0-dedans, mais il suspectait que les toiles et autres objets d\u2019art qui d\u00e9coraient la pi\u00e8ce, \u00e9taient des originaux et valaient plus que ce que l\u2019\u00e9quipe pourrait gagner en plusieurs ann\u00e9es. Mais il \u00e9tait l\u00e0 pour un job. \u00ab\u00a0Qu\u2019on en finisse,\u00a0\u00bb dit-il d\u2019un ton faussement joyeux. \u00ab\u00a0Nous sommes l\u00e0 dans un but pr\u00e9cis \u2013 alors on fait le job et on se tire avant que quelqu\u2019un ne remarque les lumi\u00e8res et se posent des questions.\u00a0\u00bb<\/p>\n<p>Un large sourire s\u2019\u00e9tira sur le visage de Torque qui empoigna une longue et fine sculpture en pierre vein\u00e9e. Il la prit et la brandit comme une batte de baseball, prenant pour cible sa jumelle \u00e0 l\u2019autre extr\u00e9mit\u00e9 de la table. \u00ab\u00a0C\u2019est parti.\u00a0\u00bb<\/p>\n<p>\u00ab\u00a0Je ne ferais pas \u00e7a si j\u2019\u00e9tais vous,\u00a0\u00bb dit une voix \u00e9chapp\u00e9e de quelques part dans les ombres.<\/p>\n<p>Torque s\u2019interrompit en plein swing, tandis que Zack et Elena balayaient la pi\u00e8ce du regard sous l\u2019effet de la surprise. \u00ab\u00a0Qu\u2019e-\u00a0?\u00a0\u00bb<\/p>\n<p>Une mince silhouette \u00e9mergea du couloir plong\u00e9 dans les t\u00e9n\u00e8bres. \u00ab\u00a0Ce n\u2019est pas une bonne id\u00e9e,\u00a0\u00bb dit-il. Il souriait comme un type \u00e0 qui rien ne pouvait arriver.<\/p>\n<p>\u00ab\u00a0Et merde \u2013\u00a0\u00bb commen\u00e7a Elena.<\/p>\n<p>La main de Torque s\u2019abattit sur le Predator rang\u00e9 dans son holster.<\/p>\n<p>\u00ab\u00a0Je ne ferais pas \u00e7a non plus,\u00a0\u00bb dit le nouvel arrivant, son regard d\u00e9sinvolte se posant sur l\u2019arme. Il \u00e9tait jeune, tout juste la vingtaine, son look tellement parfait et \u00e9blouissant qu\u2019il ne pouvait s\u2019agir que d\u2019un trucage. Il s\u2019adossa contre le mur, v\u00eatu d\u2019une tenue de gala ultra-chic, croisant les bras sur sa poitrine. \u00ab\u00a0J\u2019imagine que vous allez me dire ce que vous faites l\u00e0.\u00a0\u00bb<\/p>\n<p>\u00ab\u00a0Qu\u2019est-ce qui se passe\u00a0?\u00a0\u00bb cr\u00e9pita la voix de Sparq dans le communicateur.<\/p>\n<p>\u00ab\u00a0Reste \u00e0 l\u2019\u00e9coute,\u00a0\u00bb subvocalisa Zack. Au gamin, il dit, \u00ab\u00a0Je suppose que tu es Damon.\u00a0\u00bb Nous avons encore le dessus se rappela-t-il. Inutile de le blesser. Ils n\u2019avaient pas \u00e9t\u00e9 pay\u00e9s pour \u00e7a. \u00c7a allait juste rendre les choses un peu plus compliqu\u00e9es.<\/p>\n<p>Le jeune homme haussa les \u00e9paules. \u00ab\u00a0Bien devin\u00e9. Apr\u00e8s tout, c\u2019est mon appart.\u00a0\u00bb<\/p>\n<p>\u00ab\u00a0T\u2019es suppos\u00e9 \u00eatre \u00e0 une f\u00eate,\u00a0\u00bb balbutia Torque. Sa main \u00e9tait toujours sur son Predator, mais il ne l\u2019avait pas d\u00e9gain\u00e9.<\/p>\n<p>Damon eut un l\u00e9ger rire. \u00ab\u00a0J\u2019y \u00e9tais. C\u2019est une chance que j\u2019ai d\u00e9cid\u00e9 de rentrer plut\u00f4t, vous ne trouvez pas\u00a0?\u00a0\u00bb Ces yeux violets se braqu\u00e8rent tour \u00e0 tour sur les trois runners, s\u2019attardant sur chacun. \u00ab\u00a0Alors discutons. Que faites vous ici\u00a0? Je pourrais le deviner, mais j\u2019aimerais l\u2019entendre de votre bouche.\u00a0\u00bb<\/p>\n<p>Torque et Elena \u00e9chang\u00e8rent un regard, puis regard\u00e8rent tous deux Zack. Aucun d\u2019eux ne pronon\u00e7a un mot.<\/p>\n<p>Les yeux de Damon p\u00e9till\u00e8rent d\u2019amusement. \u00ab\u00a0Je vois. Vous \u00eates meilleurs pour faire des d\u00e9g\u00e2ts que pour parler. \u00c7a n\u2019est pas un probl\u00e8me. R\u00e9pondez simplement \u00e0 cette question \u2013 lequel est-ce\u00a0? Manetti\u00a0? Yukizaka\u00a0? Washington\u00a0?\u00a0\u00bb<\/p>\n<p>Ces noms n\u2019\u00e9voquaient rien \u00e0 Zack, mais Elena semblait les reconna\u00eetre. Elle \u00e9tait sur le point de dire quelque chose quand Torque prit la parole, visiblement agac\u00e9 par ce gamin souriant qui pensait avoir le contr\u00f4le de la situation. \u00ab\u00a0Ecoute mec,\u00a0\u00bb gronda-t-il, d\u00e9gainant enfin le Predator, \u00ab\u00a0Pourquoi tu ne t\u2019assi\u00e9rais pas ici comme un gentil petit gar\u00e7on en nous laissant finir ce pour quoi on est venu. Si tu la fermes et que tu es sage, les seuls soucis que tu auras seront quelques br\u00fblures de cordes\u00a0\u00bb.<\/p>\n<p>\u00ab\u00a0Oh, sympa.\u00a0\u00bb Damon rit. \u00ab\u00a0Mais vous comprendrez que je ne peux pas vous laisser faire \u00e7a. Il est si difficile de trouver du mobilier de qualit\u00e9 de nos jours, et il serait criminel de vous laisser d\u00e9truire mes objets d\u2019art. Oh, mais j\u2019y pense-\u00a0\u00bb Il se secoua la t\u00eate, \u00a0\u00bb- vous \u00eates des criminels, n\u2019est-ce pas\u00a0?\u00a0\u00bb<\/p>\n<p>A cet instant, tout alla tr\u00e8s vite. Torque poussa un rugissement sauvage et pivota son Predator jusqu\u2019\u00e0 viser Damon. Avant que Zack ou Elena ne puisse hurler quoique ce soit, Torque cria, agrippa sa main et l\u00e2cha son arme. Elena, agissant par pur r\u00e9flexe, roula sur le sol tout en lan\u00e7ant un sort \u00e0 Damon. Il ne l\u2019atteignit jamais\u00a0: \u00e0 la place, il y eu une projection d\u2019effets pyrotechniques qui disparurent dans un cr\u00e9pitement. Les trois runners en rest\u00e8rent bouche b\u00e9e.<\/p>\n<p>Pendant tout ce temps, Damon n\u2019avait pas esquiss\u00e9 un geste. Puis il s\u2019\u00e9carta du mur o\u00f9 il s\u2019\u00e9tait appuy\u00e9 et eut un haussement d\u2019\u00e9paules. \u00ab\u00a0Je vous avais dit que c\u2019\u00e9tait une mauvaise id\u00e9e.\u00a0\u00bb Quelque chose avait chang\u00e9 dans son sourire \u2013 un peu moins rieur, un peu plus pr\u00e9dateur. \u00ab\u00a0Vous n\u2019avez fait aucune recherche sur moi, n\u2019est-ce pas\u00a0?\u00a0\u00bb<\/p>\n<p>Zack prit une profonde inspiration et expira doucement. Il commen\u00e7ait \u00e0 r\u00e9aliser qu\u2019ils s\u2019\u00e9taient probablement mis dans le p\u00e9trin. Mieux valait maintenir la discussion\u2026 \u00ab\u00a0Tu es\u2026 nouveau en ville. Propri\u00e9taire du club L\u2019Odyss\u00e9e qui a ouvert la semaine derni\u00e8re. En provenance de quelque part loin dans l\u2019est, o\u00f9 tu tenais un autre club.\u00a0\u00bb<\/p>\n<p>Damon aquies\u00e7a. \u00a0\u00bb\u00c7a, c\u2019est la partie facile. Mais vous n\u2019avez rien appris sur le reste n\u2019est-ce pas\u00a0?\u00a0\u00bb Il haussa les \u00e9paules avec r\u00e9signation. \u00ab\u00a0Ce n\u2019est pas tr\u00e8s \u00e9tonnant. Ce ne sont pas des informations publiques, bien qu\u2019elles ne soient pas secr\u00e8tes non plus. Mais \u00e7a m\u00e8ne \u00e0 des probl\u00e8mes ennuyeux lorsque les gens le d\u00e9couvrent.\u00a0\u00bb Il s\u2019avan\u00e7a vers eux avec une lenteur d\u00e9contract\u00e9e, les conservant tous dans son champ de vision. \u00ab\u00a0Mais bon, j\u2019ai une autre soir\u00e9e qui m\u2019attend dans moins d\u2019une demi-heure, je n\u2019ai donc pas de temps \u00e0 perdre avec cette affaire.\u00a0\u00bb<\/p>\n<p>Zack resta parfaitement immobile tandis que Damon s\u2019approchait de lui. Le jeune homme plongea son regard dans le sien et Zack eut la sensation que quelque chose inspectait ses pens\u00e9es. Ce n\u2019\u00e9tait pas douloureux, mais plut\u00f4t une sorte de sensation diffuse et insaisissable. Torque et Elena rest\u00e8rent \u00e0 leur place, observant la sc\u00e8ne en silence. Puis les yeux de Zack s\u2019\u00e9carquill\u00e8rent lorsque le flux d\u2019information s\u2019inversa bri\u00e8vement. Quelque chose d\u2019invisible passa du jeune homme au runner, et Zack tr\u00e9bucha de quelques pas en arri\u00e8re, bouche grande ouverte.<\/p>\n<p>Pour finir, Damon acquies\u00e7a, puis sourit \u00e0 nouveau. \u00ab\u00a0Bien, donc c\u2019\u00e9tait lui. \u00c7a ne me surprend pas. J\u2019avais pens\u00e9 qu\u2019il pourrait \u00eatre une source d\u2019ennuis, mais je n\u2019en \u00e9tais pas certain.\u00a0\u00bb Il lan\u00e7a un coup d\u2019\u0153il \u00e0 Zack et se dirigea vers Elena et Torque. \u00ab\u00a0Vas-y, dis leur. Je vois bien que tu en as envie.\u00a0\u00bb<\/p>\n<p>Les yeux de Zack \u00e9taient toujours aussi \u00e9carquill\u00e9s. Sa bouche fit plusieurs mouvements, mais aucun son n\u2019en sortit. Des gouttes de sueur coulaient lentement le long de son front.<\/p>\n<p>\u00ab\u00a0Y s\u2019passe quoi\u00a0?\u00a0\u00bb demanda Torque, passant alternativement son regard de Damon \u00e0 Zack, de Zack \u00e0 son Predator tomb\u00e9 sur le sol, puis de nouveau sur Damon, et ainsi de suite.<\/p>\n<p>\u00ab\u00a0C\u2019est- \u00a0\u00bb commen\u00e7a Zack en pointant Damon du doigt.<\/p>\n<p>\u00ab\u00a0Quoi\u00a0?\u00a0\u00bb cria Elena \u00e0 l\u2019adresse de Zack. \u00ab\u00a0Merde, Zack\u00a0! Parle si tu sais quelque chose\u00a0!\u00a0\u00bb<\/p>\n<p>\u00ab\u00a0C\u2019est un putain de dragon\u00a0!\u00a0\u00bb l\u00e2cha Zack. Il poursuivit d\u2019une voix dans laquelle toute \u00e9nergie avec disparu. \u00ab\u00a0Il\u2026 nous a laiss\u00e9 entrer parce qu\u2019il\u2026 pensait que ce serait\u2026 amusant\u2026 de voir ce dont nous serions capable.\u00a0\u00bb<\/p>\n<p>Elena et Torque regard\u00e8rent longuement Zack puis le jeune homme. \u00ab\u00a0Est-ce que j\u2019ai bien entendu la partie concernant un \u2018dragon\u2019\u00a0?\u00a0\u00bb claqua la voix de Sparq, totalement oubli\u00e9, dans le communicateur. Personne ne lui r\u00e9pondit.<\/p>\n<p>\u00ab\u00a0Oh merde\u2026\u00a0\u00bb commen\u00e7a Elena. Elle fit un pas en arri\u00e8re.<\/p>\n<p>\u00ab\u00a0T\u2019es s\u00fbr de \u00e7a\u00a0?\u00a0\u00bb murmura Torque, comme si il avait peur de briser quelque chose en parlant trop fort.<\/p>\n<p>\u00ab\u00a0Oh ouaips.\u00a0\u00bb Zack avait retrouv\u00e9 sa voix normale, ou presque. \u00ab\u00a0M- Mieux vaux ne pas lui demander de le prouver, okay\u00a0? Moi je suis convaincu.\u00a0\u00bb<\/p>\n<p>Torque et Elena \u00e9chang\u00e8rent un regard nerveux. Puis Torque regarda Damon et dit d\u2019une voix mal assur\u00e9e\u00a0: \u00ab\u00a0Bon \u2013 y s\u2019passe quoi maintenant\u00a0? Est-ce que tu vas\u2026 je sais pas moi\u2026 nous manger\u00a0?\u00a0\u00bb<\/p>\n<p>Damon rit. \u00ab\u00a0Non. Tout ce m\u00e9tal, \u00e7a donne un go\u00fbt d\u00e9testable, et le nettoyage est vraiment merdique.\u00a0\u00bb<\/p>\n<p>\u00ab\u00a0Alors \u2013 on fait quoi\u00a0? Est-ce que tu vas nous laisser partir\u00a0?\u00a0\u00bb demanda Elena pleine d\u2019espoir.<\/p>\n<p>\u00ab\u00a0Peut-\u00eatre,\u00a0\u00bb dit-il d\u2019un ton pensif, une main sur le menton. Puis il haussa les \u00e9paules et un large sourire \u00e9claira son visage. \u00ab\u00a0Apr\u00e8s tout, pourquoi pas\u00a0? Mais en retour vous devrez faire quelque chose pour moi. Qu\u2019en pensez-vous\u00a0?\u00a0\u00bb<\/p>\n<p>Les runners ne demand\u00e8rent m\u00eame pas de quoi il s\u2019agissait avant d\u2019acquiescer \u00e0 l\u2019unisson.<\/p>\n<hr \/>\n<p>Le lendemain, les quatre runners se retrouv\u00e8rent autour d\u2019une table dans un coin mal \u00e9clair\u00e9 de leur bar et grill local pr\u00e9f\u00e9r\u00e9. Zack \u00e9tait arriv\u00e9 en retard. A son arriv\u00e9e, il posa sur la table un papier \u00e9lectronique. \u00ab\u00a0On dirait qu\u2019on s\u2019en est plut\u00f4t bien sorti,\u00a0\u00bb dit-il, une pointe de soulagement dans la voix.<\/p>\n<p>Elena s\u2019en saisit. C\u2019\u00e9tait l\u2019un des tablo\u00efds \u00e0 scandales locaux. \u00ab\u00a0Le domicile d\u2019un propri\u00e9taire de club vandalis\u00e9,\u00a0\u00bb lut-elle. Elle parcouru rapidement le texte et rit tout bas. \u00ab\u00a0Bryce Manetti, propri\u00e9taire de plusieurs club \u00e0 la mode de Seattle, parmi lesquels le One Step Beyond et le Star Lounge, a, para\u00eet-il, retrouv\u00e9 une partie de son manoir de Bellevue saccag\u00e9 par des vandales anonymes. Une enqu\u00eate est en cours \u2013 aucun d\u00e9tails n\u2019ont \u00e9t\u00e9 r\u00e9v\u00e9l\u00e9s, mais des rumeurs affirment que le grand piano de Manetti aurait \u00e9t\u00e9 retrouv\u00e9 suspendu aux poutres du plafond, et que ses tapis blancs auraient \u00e9t\u00e9 teints en violet. Bien entendu, ces rumeurs n\u2019ont pas \u00e9t\u00e9 confirm\u00e9es.\u00a0\u00bb<\/p>\n<p>Sparq rit. \u00ab\u00a0Ils ne parlent pas de la surprise que je lui ai laiss\u00e9 sur son terminal \u2013 attendez un peu qu\u2019il essaie d\u2019envoyer un mail et qu\u2019il s\u2019aper\u00e7oive que tous les trois caract\u00e8res, la lettre se transforme en \u2018D\u2019.\u00a0\u00bb<\/p>\n<p>\u00ab\u00a0Ou le petit mot,\u00a0\u00bb ajouta Zack, se demandant ce que pouvait bien contenir l\u2019enveloppe sell\u00e9e qu\u2019ils avaient laiss\u00e9 en \u00e9vidence sur le manteau de la chemin\u00e9e de Johnson. Aucun d\u2019eux n\u2019avait eu le courage de l\u2019ouvrir et d\u2019y jeter un coup d\u2019\u0153il.<\/p>\n<p>\u00ab\u00a0J\u2019ai trouv\u00e9 que le mousse \u00e0 raser dans les toilettes ajout\u00e9e une touche sympathique,\u00a0\u00bb admit Torque. \u00ab\u00a0Pu\u00e9rile, mais traditionnelle.\u00a0\u00bb Son ton laissait deviner qu\u2019il ne s\u2019\u00e9tait pas autant amus\u00e9 au cours d\u2019un run depuis des ann\u00e9es.<\/p>\n<p>Elena prit une profonde inspiration. \u00ab\u00a0Alors, vous pensez qu\u2019il va nous laisser tranquille\u00a0?\u00a0\u00bb<\/p>\n<p>\u00ab\u00a0Tu veux dire Johnson\u00a0? Ou-\u00a0?\u00a0\u00bb<\/p>\n<p>\u00ab\u00a0Non, pas Johnson.\u00a0\u00bb<\/p>\n<p>Zack haussa les \u00e9paules. \u00ab\u00a0Il n\u2019y a pas grand-chose que nous puissions faire s\u2019il d\u00e9cide du contraire. Mais je pense qu\u2019il a eu ce qu\u2019il voulait.\u00a0\u00bb<\/p>\n<p>\u00ab\u00a0Contrairement \u00e0 Johnson qui a eu ce qu\u2019il m\u00e9ritait,\u00a0\u00bb ajouta Sparq, incapable de ne pas sourire en y repensant. \u00ab\u00a0Quelqu\u2019un veut une bi\u00e8re\u00a0? C\u2019est ma tourn\u00e9e\u00a0!\u00a0\u00bb<\/p>\n<hr class=\"fin-flotte-vu\" \/>\n<p class=\"articleInfos\">Document cr\u00e9\u00e9 \u00e0 l&rsquo;origine par <strong>R. King-Nitschke<\/strong> et publi\u00e9 sur <a href=\"http:\/\/shadowrun.fr\">shadowrun.fr<\/a> le mardi 17 mai 2005 par <strong>Julien Le Marinier<\/strong>.<\/p>\n<p class=\"articleInfos\">Article mis \u00e0 disposition sous licence <em>Copyright FanPro<\/em>.<\/p>\n","protected":false},"excerpt":{"rendered":"<p>Ce texte, originellement intitul\u00e9 Turnabout, est une nouvelle publi\u00e9e sur le site officiel de Shadowrun et \u00e9crite par R. King-Nitschke. \u00ab\u00a0Sparq, t\u2019es en position\u00a0?\u00a0\u00bb \u00ab\u00a0Pr\u00eat pour foutre le dawa, Chef.\u00a0\u00bb La voix de Sparq lui parvint rapidement et \u00e0 bon volume dans le communicateur, en provenance de la prise jack situ\u00e9e un peu plus loin [&hellip;]<\/p>\n","protected":false},"author":1,"featured_media":0,"parent":198,"menu_order":0,"comment_status":"closed","ping_status":"closed","template":"","meta":{"footnotes":""},"class_list":["post-779","page","type-page","status-publish","hentry"],"_links":{"self":[{"href":"http:\/\/www.franchouille.fr\/testsr\/wp-json\/wp\/v2\/pages\/779","targetHints":{"allow":["GET"]}}],"collection":[{"href":"http:\/\/www.franchouille.fr\/testsr\/wp-json\/wp\/v2\/pages"}],"about":[{"href":"http:\/\/www.franchouille.fr\/testsr\/wp-json\/wp\/v2\/types\/page"}],"author":[{"embeddable":true,"href":"http:\/\/www.franchouille.fr\/testsr\/wp-json\/wp\/v2\/users\/1"}],"replies":[{"embeddable":true,"href":"http:\/\/www.franchouille.fr\/testsr\/wp-json\/wp\/v2\/comments?post=779"}],"version-history":[{"count":0,"href":"http:\/\/www.franchouille.fr\/testsr\/wp-json\/wp\/v2\/pages\/779\/revisions"}],"up":[{"embeddable":true,"href":"http:\/\/www.franchouille.fr\/testsr\/wp-json\/wp\/v2\/pages\/198"}],"wp:attachment":[{"href":"http:\/\/www.franchouille.fr\/testsr\/wp-json\/wp\/v2\/media?parent=779"}],"curies":[{"name":"wp","href":"https:\/\/api.w.org\/{rel}","templated":true}]}}