{"id":764,"date":"2016-04-05T22:45:50","date_gmt":"2016-04-05T21:45:50","guid":{"rendered":"http:\/\/www.franchouille.fr\/shadowrun\/?page_id=764"},"modified":"2016-04-05T22:45:50","modified_gmt":"2016-04-05T21:45:50","slug":"corporate-shadowfiles","status":"publish","type":"page","link":"http:\/\/www.franchouille.fr\/testsr\/sr-saga\/gammes-v-1-a-4\/corporate-shadowfiles\/","title":{"rendered":"Corporate Shadowfiles"},"content":{"rendered":"<p><a href=\"http:\/\/www.franchouille.fr\/shadowrun\/corporations-dossiers-noirs-saeder-krupp\/\">Corporations, les dossiers noirs : Saeder-Krupp<\/a><\/p>\n<p>Une traduction de <strong>Corporate Shadowfiles<\/strong>, publi\u00e9 en 1993 par FASA Corporation. Cet article pr\u00e9sentait pour la premi\u00e8re fois la fameuse corporation du dragon Lofwyr.<\/p>\n","protected":false},"excerpt":{"rendered":"<p>Corporations, les dossiers noirs : Saeder-Krupp Une traduction de Corporate Shadowfiles, publi\u00e9 en 1993 par FASA Corporation. Cet article pr\u00e9sentait pour la premi\u00e8re fois la fameuse corporation du dragon Lofwyr.<\/p>\n","protected":false},"author":1,"featured_media":0,"parent":233,"menu_order":0,"comment_status":"closed","ping_status":"closed","template":"","meta":{"footnotes":""},"class_list":["post-764","page","type-page","status-publish","hentry"],"_links":{"self":[{"href":"http:\/\/www.franchouille.fr\/testsr\/wp-json\/wp\/v2\/pages\/764","targetHints":{"allow":["GET"]}}],"collection":[{"href":"http:\/\/www.franchouille.fr\/testsr\/wp-json\/wp\/v2\/pages"}],"about":[{"href":"http:\/\/www.franchouille.fr\/testsr\/wp-json\/wp\/v2\/types\/page"}],"author":[{"embeddable":true,"href":"http:\/\/www.franchouille.fr\/testsr\/wp-json\/wp\/v2\/users\/1"}],"replies":[{"embeddable":true,"href":"http:\/\/www.franchouille.fr\/testsr\/wp-json\/wp\/v2\/comments?post=764"}],"version-history":[{"count":0,"href":"http:\/\/www.franchouille.fr\/testsr\/wp-json\/wp\/v2\/pages\/764\/revisions"}],"up":[{"embeddable":true,"href":"http:\/\/www.franchouille.fr\/testsr\/wp-json\/wp\/v2\/pages\/233"}],"wp:attachment":[{"href":"http:\/\/www.franchouille.fr\/testsr\/wp-json\/wp\/v2\/media?parent=764"}],"curies":[{"name":"wp","href":"https:\/\/api.w.org\/{rel}","templated":true}]}}