{"id":757,"date":"2016-04-05T22:36:57","date_gmt":"2016-04-05T21:36:57","guid":{"rendered":"http:\/\/www.franchouille.fr\/shadowrun\/?page_id=757"},"modified":"2016-04-05T22:36:57","modified_gmt":"2016-04-05T21:36:57","slug":"prime-runner","status":"publish","type":"page","link":"http:\/\/www.franchouille.fr\/testsr\/sr-saga\/gammes-v-1-a-4\/prime-runner\/","title":{"rendered":"Prime Runner"},"content":{"rendered":"<p><a href=\"http:\/\/www.franchouille.fr\/shadowrun\/sr-saga\/gammes-v-1-a-4\/maitres-ombres-madeleine-muller\/\">Maitres des Ombres : Madeleine Muller<\/a><\/p>\n<p>Une traduction du suppl\u00e9ment <strong>Prime Runners<\/strong> publi\u00e9 en 1994 par Fasa Corporation, qui pr\u00e9sente Madeleine Muller, reporter intr\u00e9pide et intrigante du monde de <strong>Shadowrun<\/strong>.<\/p>\n","protected":false},"excerpt":{"rendered":"<p>Maitres des Ombres : Madeleine Muller Une traduction du suppl\u00e9ment Prime Runners publi\u00e9 en 1994 par Fasa Corporation, qui pr\u00e9sente Madeleine Muller, reporter intr\u00e9pide et intrigante du monde de Shadowrun.<\/p>\n","protected":false},"author":1,"featured_media":0,"parent":233,"menu_order":0,"comment_status":"closed","ping_status":"closed","template":"","meta":{"footnotes":""},"class_list":["post-757","page","type-page","status-publish","hentry"],"_links":{"self":[{"href":"http:\/\/www.franchouille.fr\/testsr\/wp-json\/wp\/v2\/pages\/757","targetHints":{"allow":["GET"]}}],"collection":[{"href":"http:\/\/www.franchouille.fr\/testsr\/wp-json\/wp\/v2\/pages"}],"about":[{"href":"http:\/\/www.franchouille.fr\/testsr\/wp-json\/wp\/v2\/types\/page"}],"author":[{"embeddable":true,"href":"http:\/\/www.franchouille.fr\/testsr\/wp-json\/wp\/v2\/users\/1"}],"replies":[{"embeddable":true,"href":"http:\/\/www.franchouille.fr\/testsr\/wp-json\/wp\/v2\/comments?post=757"}],"version-history":[{"count":0,"href":"http:\/\/www.franchouille.fr\/testsr\/wp-json\/wp\/v2\/pages\/757\/revisions"}],"up":[{"embeddable":true,"href":"http:\/\/www.franchouille.fr\/testsr\/wp-json\/wp\/v2\/pages\/233"}],"wp:attachment":[{"href":"http:\/\/www.franchouille.fr\/testsr\/wp-json\/wp\/v2\/media?parent=757"}],"curies":[{"name":"wp","href":"https:\/\/api.w.org\/{rel}","templated":true}]}}