{"id":752,"date":"2005-10-20T22:30:07","date_gmt":"2005-10-20T21:30:07","guid":{"rendered":"http:\/\/www.franchouille.fr\/shadowrun\/?page_id=752"},"modified":"2005-10-20T22:30:07","modified_gmt":"2005-10-20T21:30:07","slug":"maitres-ombres-madeleine-muller","status":"publish","type":"page","link":"http:\/\/www.franchouille.fr\/testsr\/sr-saga\/gammes-v-1-a-4\/prime-runner\/maitres-ombres-madeleine-muller\/","title":{"rendered":"Maitres des Ombres : Madeleine Muller"},"content":{"rendered":"<div><\/div>\n<p class=\"aIntroduction\">Une traduction du suppl\u00e9ment <cite lang=\"en\">Prime Runners<\/cite> publi\u00e9 en 1994 par Fasa Corporation, qui pr\u00e9sente Madeleine Muller, reporter intr\u00e9pide et intrigante du monde de <cite>Shadowrun<\/cite>.<\/p>\n<p class=\"aIntroduction\"><a href=\"http:\/\/www.franchouille.fr\/testsr\/files\/2016\/04\/Maitres_Des_Ombres_Chapitre01_Madeleine_Muller_pp01-02.pdf\">Une version en PDF et mise en page est disponible.<\/a><\/p>\n<p><strong>Date de Naissance\u00a0: <\/strong> 11 Septembre 2028<br \/>\n<strong>Lieu de Naissance\u00a0: <\/strong> Aachen, Allemagne<br \/>\n<strong>Nationalit\u00e9\/M\u00e9tatype\/Sexe\u00a0: <\/strong> Double Nationalit\u00e9 Franco-Germanique Humaine Caucasienne F\u00e9minin<br \/>\n<strong>Lieu de R\u00e9sidence\u00a0: <\/strong> Zurich, Suisse (mais vit \u00e9galement \u00e0 Strasbourg, Paris, Aachen, Berlin, Londres, Manhattan , Nogoya)<br \/>\n<strong>Taille\u00a0: <\/strong> 1,73 m<br \/>\n<strong>Poids\u00a0: <\/strong> 58 kg<br \/>\n<strong>Cheveux\u00a0: <\/strong> Blonds cendr\u00e9s<br \/>\n<strong>Yeux\u00a0: <\/strong> Or tachet\u00e9 noisette (Cybern\u00e9tiques)<br \/>\n<strong>Signes particuliers\u00a0: <\/strong> Parfaite (sourire \u00ab Colgate \u00bb)<br \/>\nProfil Psychologique<br \/>\n<strong>Traits\u00a0: <\/strong> Curieuse, Tr\u00e8s d\u00e9termin\u00e9e, sang-froid extr\u00eame<br \/>\n<strong>Motivations\u00a0: <\/strong> Travail d\u2019investigation, autopromotion<br \/>\n<strong>Style de vie\u00a0: <\/strong> Luxe<\/p>\n<p>Madeleine Muller est la meilleure analyste corporatiste d\u2019Europe. La moiti\u00e9 des grands m\u00e9dias Europ\u00e9ens l\u2019emploient en tant qu\u2019experte attitr\u00e9e pour tout ce qui concerne la politique corporatiste et ses magouilles, et dans ce domaine, elle est \u00e0 la fois tr\u00e8s bien renseign\u00e9e et \u00e0 \u00e9norm\u00e9ment de flair. Mais on oublie souvent ces qualit\u00e9s pour ne se concentrer que sur son \u00e9poustouflante beaut\u00e9 \u2013 et c\u2019est exactement ce qu\u2019elle souhaite. Trop souvent, des cadres corporatistes \u2013 hommes ou femmes \u2013 sont \u00e0 court d\u2019arguments face \u00e0 tant de charisme et de beaut\u00e9 et sous-estiment son intelligence et son cran. Elle manipule ceux qui ne se sont pas assez pr\u00e9munis contre elle comme elle manipulerait de la glaise entre ses mains. Apr\u00e8s quelques minutes de conversation avec elle, ils finissent toujours par laisser tomber leurs bonnes mani\u00e8res.<\/p>\n<p>Soyons plus po\u00e9tiques. Si vous comparez les femmes \u00e0 des diamants bruts, vous allez vous retrouver face \u00e0 un joyau de 2000 carats incroyablement bien poli lorsque vous la verrez pour la premi\u00e8re fois. Tous ceux qui l\u2019ont approch\u00e9 ont d\u00e9clar\u00e9 ensuite avoir eu envie d\u2019elle. Peu importe ce que votre conditionnement corporatiste vous fait dire, ou que \u00e7a puisse d\u00e9passer les bornes. Votre employeur corporatiste aura pu vous dire qu\u2019elle a des cybercam\u00e9ras dans les yeux, un enregistreur, et que ce que vous direz va se retrouver directement dans sa m\u00e9moire c\u00e9phaloware, vous \u00eates foutu.<\/p>\n<p>Malgr\u00e9 tous les efforts des corporations, elle semble toujours avoir acc\u00e8s aux personnalit\u00e9s les plus influentes \u00e0 chaque fois qu\u2019elle en a besoin \u2013 dans des clubs tr\u00e8s ferm\u00e9s, des th\u00e9\u00e2tres, des restaurants, o\u00f9 et quand elle le souhaite.<\/p>\n<p>On sait qu\u2019elle se d\u00e9guise parfois, bien que ses cyberyeux couleur or la confondent \u00e0 chaque fois. Vous pouvez avoir des gardes du corps \u00e0 votre service, ils s\u2019\u00e9vanouiront d\u2019un seul geste de sa main. C\u2019est hypnotique \u00e0 ce qu\u2019on m\u2019a dit.<\/p>\n<p>Muller n\u2019est pas uniquement une scribouillarde. Ses enqu\u00eates ont \u00e9t\u00e9 essentielles pour permettre de d\u00e9couvrir la v\u00e9rit\u00e9 dans l\u2019affaire de l\u2019arnaque au d\u00e9chets toxiques de Naples en 2050 et dans l\u2019affaire des exp\u00e9rimentations de Marseille, et elle a toujours \u00e9t\u00e9 une \u00e9pine dans le pied des Russes en rappelant tous les ans les cons\u00e9quences du stockage \u00e0 long terme de d\u00e9chets toxiques et nucl\u00e9aires dans les \u00e9tats Baltes et en Ukraine. Au cours de ces derni\u00e8res ann\u00e9es, elle a conduit des recherches et a pr\u00e9sent\u00e9 des documentaires trid\u00e9o tr\u00e8s percutants sur les ravages de l\u2019urbanisation, les scandales des diff\u00e9rents gouvernements, et les menaces \u00e9cologiques pour diff\u00e9rentes cha\u00eenes Europ\u00e9ennes, y compris une s\u00e9rie de programmes pionniers pour la BBC de Londres qui ont eu \u00e9norm\u00e9ment de succ\u00e8s. On compte au moins 2 tentatives d\u2019assassinat sur sa personne au cours de ces trois derni\u00e8res ann\u00e9es, mais elle refuse obstin\u00e9ment d\u2019arr\u00eater son travail. On dit aussi qu\u2019elle prendra la t\u00eate d\u2019une grande cha\u00eene Europ\u00e9enne dans les ann\u00e9es \u00e0 venir.<\/p>\n<p class=\"aST\" style=\"padding-left: 30px\">&gt;&gt;&gt;&gt;&gt;\u00c0 votre avis, pourquoi cette bonne vieille BBC lui donne du fric pour qu\u2019elle puisse faire ses \u00e9missions\u00a0? Parce que la France y est tra\u00een\u00e9e dans la boue.<\/p>\n<p class=\"aSTS\" style=\"padding-left: 30px\">&gt;&gt;&gt;&gt;&gt;Watcher (07:03:36\/09-16-55)<\/p>\n<p class=\"aST\" style=\"padding-left: 30px\">&gt;&gt;&gt;&gt;&gt;Conneries. N\u2019importe qui qui a jet\u00e9 un oeil sur son documentaire sur les orks du district de British Lake sait qu\u2019\u00e0 cause d\u2019elle, le gouvernement Britannique l\u2019a eu dure pendant plusieurs mois. Les orks ont re\u00e7u des fonds de d\u00e9veloppement de la part d\u2019un programme d\u2019aide aux r\u00e9gions uniquement parce que Muller a foutu le nez du gouvernement Britannique dedans \u2013 le genre de chose que les activistes du coin avaient tent\u00e9 de faire depuis 20 ans.<\/p>\n<p class=\"aSTS\" style=\"padding-left: 30px\">&gt;&gt;&gt;&gt;&gt;Carol K (23:17:31\/09-19-55)<\/p>\n<p class=\"aST\" style=\"padding-left: 30px\">&gt;&gt;&gt;&gt;&gt;Ouais, ouais, tout \u00e7a c\u2019est tr\u00e8s int\u00e9ressant, mais c\u2019est juste le sommet de l\u2019iceberg. Elle a des trucs sur les corporations qui pourraient faire se bouger m\u00eame le plus larvesque et cr\u00e9tinis\u00e9 des publics. La plupart ne seront jamais montr\u00e9s, parce qu\u2019elle utilise ces infos pour faire chanter les corporations en leur demandant de nettoyer la merde qu\u2019elles ont foutu. Et c\u2019est l\u00e0 qu\u2019elle leur fait le plus mal.<\/p>\n<p class=\"aSTS\" style=\"padding-left: 30px\">&gt;&gt;&gt;&gt;&gt;Moleman (01:42:48\/09-21-55)<\/p>\n<p class=\"aST\" style=\"padding-left: 30px\">&gt;&gt;&gt;&gt;&gt;On dit qu\u2019elle n\u2019emploie pas souvent des gens pour ses recherches sur le terrain. J\u2019ai entendu dire qu\u2019elle avait v\u00e9cu des trucs dingues en descendant dans la rue pour trouver le petit truc qui allait lui permettre de faire remonter toute la merde au grand jour, et qu\u2019elle aurait m\u00eame failli se retrouver entre quatre planches \u00e0 Marseille il y a quatre ans. La rumeur dit qu\u2019Aztechnology a lanc\u00e9 un contrat sur sa t\u00eate\u00a0; je ne sais pas si c\u2019est vrai, mais elle dispose d\u2019une s\u00e9curit\u00e9 tr\u00e8s rapproch\u00e9e depuis peu. Mais \u00e7a pourrait aussi \u00eatre d\u00fb \u00e0 la prolif\u00e9ration de tous ces fans qui deviennent compl\u00e8tement cingl\u00e9s \u00e0 la vue de leur idole, et qui ont tendance \u00e0 \u00eatre plus t\u00eatus en Am\u00e9rique qu\u2019ailleurs.<\/p>\n<p class=\"aSTS\" style=\"padding-left: 30px\">&gt;&gt;&gt;&gt;&gt;MesoStim (03:11:02\/10-02-55)<\/p>\n<p class=\"aST\" style=\"padding-left: 30px\">&gt;&gt;&gt;&gt;&gt;Muller est une femme maligne et calculatrice. Aucun doute que le jour o\u00f9 elle se mariera, ce ne sera pas pour la bagatelle, mais pour l\u2019argent. Elle est \u00e9galement ambitieuse et elle se verrait bien \u00e0 la t\u00eate d\u2019une moyenne ou grande cha\u00eene trid\u00e9o, accompagn\u00e9 d\u2019un joli paquet de nuyen. Ce n\u2019est pas le premier millionnaire venu qui pourra se faire cette femme.<\/p>\n<p class=\"aSTS\" style=\"padding-left: 30px\">&gt;&gt;&gt;&gt;&gt;Cynic (04:44:23\/10-02-55)<\/p>\n<h2>Accroches<\/h2>\n<p>Muller pourrait embaucher les runners pour qu\u2019ils fassent des recherches qu\u2019elle-m\u00eame ne pourrait pas accomplir, ou alors elle pourrait leur demander de l\u2019accompagner en tant que gardes du corps. Elle pourrait \u00eatre victime d\u2019une tentative d\u2019assassinat, ou mieux, elle pourrait \u00eatre kidnapp\u00e9e et les runners seraient oblig\u00e9s de la retrouver. Ses objectifs vont la mener sur la sc\u00e8ne Am\u00e9ricaine, et des concurrents pourraient embaucher les runners pour qu\u2019ils l\u2019emp\u00eachent de mener ses recherches (et bien s\u00fbr, s\u2019ils finissent par la rencontrer, il est fort probable qu\u2019ils retournent leur veste pour finir dans son camp). Des Mediacorporations qui pourraient \u00eatre la cible de tentatives de prises de contr\u00f4le par Muller pourraient employer les runners pour qu\u2019ils l\u2019espionnent.<\/p>\n<p>Ou alors, des runners qui auraient d\u00e9sesp\u00e9r\u00e9ment besoin d\u2019infos sensibles sur une corporation avec qui ils auraient eu maille \u00e0 partir (et qui essaierait de les tuer), pourraient essayer de faire des recherches. Elle pourrait leur donner des informations, moyennant un petit service en \u00e9change, bien entendu.<\/p>\n<p>Les Runners qui auront affaire \u00e0 Muller devront faire face \u00e0 son charisme extraordinaire (voir Notes).<\/p>\n<h2>Traits<\/h2>\n<h3>Attributs<\/h3>\n<p>Constitution\u00a0: 3<br \/>\nRapidit\u00e9\u00a0: 5<br \/>\nForce\u00a0: 2<br \/>\nCharisme\u00a0: 6(10)<br \/>\nIntelligence\u00a0: 6<br \/>\nVolont\u00e9\u00a0: 5<br \/>\nEssence\u00a0: 4,0<br \/>\nR\u00e9action\u00a0: 5<\/p>\n<h3>Comp\u00e9tences<\/h3>\n<p>Automobiles\u00a0: 4<br \/>\nInformatique\u00a0: 3<br \/>\nEtiquette (Corporatiste)\u00a0: 10<br \/>\nEtiquette (M\u00e9dias)\u00a0: 10<br \/>\nPistolet\u00a0: 3<br \/>\nInterrogation\u00a0: 10<br \/>\nFran\u00e7ais\u00a0: 6<br \/>\nAllemand\u00a0: 6<br \/>\nAnglais\u00a0: 6<br \/>\nRusse\u00a0: 6<br \/>\nN\u00e9gociation\u00a0: 12<\/p>\n<p>Initiative\u00a0: 5 + 1D6<br \/>\nNiveau de Professionnalisme\u00a0: Professionnel<\/p>\n<h3>Cyberware<\/h3>\n<p>Yeux Cybern\u00e9tiques avec Cam\u00e9ra<br \/>\nDatajack<br \/>\nAfficheur r\u00e9tinien<br \/>\nEnregistreur<br \/>\nM\u00e9moire 100 Mp<\/p>\n<h3>Bioware (0,6)<\/h3>\n<p>Intervention Ph\u00e9romonale\u00a0: 2<\/p>\n<h3>Mat\u00e9riel<\/h3>\n<p>Ares Light Fire 70<br \/>\nGardes du corps (4)<br \/>\nLimousines Rolls Royce Phaeton (2)<br \/>\nGarde-robe pleine de v\u00eatements Tr\u00e8s chic<\/p>\n<p>Le reste est \u00e0 la discr\u00e9tion du MJ<\/p>\n<h3>Notes<\/h3>\n<p>Le charisme de Muller est extraordinaire. Cela est en partie refl\u00e9t\u00e9 par l\u2019augmentation de son Charisme d\u00fb aux ph\u00e9romones, et par son haut niveau dans les comp\u00e9tences d\u2019Interrogation et de N\u00e9gociation. Tout runner (homme ou femme, de n\u2019importe quel M\u00e9tatype) qui traite avec elle doit faire un test d\u2019Opposition entre sa Volont\u00e9 et le Charisme de Muller. S\u2019il \u00e9choue \u00e0 son test, il est particuli\u00e8rement distrait et fait tous ses tests d\u2019interaction sociale avec un SR major\u00e9 de 2 pendant toute la dur\u00e9e de l\u2019\u00e9change avec Muller.<\/p>\n<hr class=\"fin-flotte-vu\" \/>\n<p class=\"articleInfos\">Document publi\u00e9 sur <a href=\"http:\/\/shadowrun.fr\">shadowrun.fr<\/a> le jeudi 20 octobre 2005 par <strong>Thomas Moreau<\/strong>.<\/p>\n<p class=\"articleInfos\">Article mis \u00e0 disposition sous licence <em>Copyright FASA<\/em>.<\/p>\n","protected":false},"excerpt":{"rendered":"<p>Une traduction du suppl\u00e9ment Prime Runners publi\u00e9 en 1994 par Fasa Corporation, qui pr\u00e9sente Madeleine Muller, reporter intr\u00e9pide et intrigante du monde de Shadowrun. Une version en PDF et mise en page est disponible. Date de Naissance\u00a0: 11 Septembre 2028 Lieu de Naissance\u00a0: Aachen, Allemagne Nationalit\u00e9\/M\u00e9tatype\/Sexe\u00a0: Double Nationalit\u00e9 Franco-Germanique Humaine Caucasienne F\u00e9minin Lieu de R\u00e9sidence\u00a0: [&hellip;]<\/p>\n","protected":false},"author":1,"featured_media":0,"parent":757,"menu_order":0,"comment_status":"closed","ping_status":"closed","template":"","meta":{"footnotes":""},"class_list":["post-752","page","type-page","status-publish","hentry"],"_links":{"self":[{"href":"http:\/\/www.franchouille.fr\/testsr\/wp-json\/wp\/v2\/pages\/752","targetHints":{"allow":["GET"]}}],"collection":[{"href":"http:\/\/www.franchouille.fr\/testsr\/wp-json\/wp\/v2\/pages"}],"about":[{"href":"http:\/\/www.franchouille.fr\/testsr\/wp-json\/wp\/v2\/types\/page"}],"author":[{"embeddable":true,"href":"http:\/\/www.franchouille.fr\/testsr\/wp-json\/wp\/v2\/users\/1"}],"replies":[{"embeddable":true,"href":"http:\/\/www.franchouille.fr\/testsr\/wp-json\/wp\/v2\/comments?post=752"}],"version-history":[{"count":0,"href":"http:\/\/www.franchouille.fr\/testsr\/wp-json\/wp\/v2\/pages\/752\/revisions"}],"up":[{"embeddable":true,"href":"http:\/\/www.franchouille.fr\/testsr\/wp-json\/wp\/v2\/pages\/757"}],"wp:attachment":[{"href":"http:\/\/www.franchouille.fr\/testsr\/wp-json\/wp\/v2\/media?parent=752"}],"curies":[{"name":"wp","href":"https:\/\/api.w.org\/{rel}","templated":true}]}}