{"id":744,"date":"2005-11-13T23:18:32","date_gmt":"2005-11-13T22:18:32","guid":{"rendered":"http:\/\/www.franchouille.fr\/shadowrun\/?page_id=744"},"modified":"2005-11-13T23:18:32","modified_gmt":"2005-11-13T22:18:32","slug":"shadowrun-3-guide-rapide-dinitiation-francais","status":"publish","type":"page","link":"http:\/\/www.franchouille.fr\/testsr\/aides-de-jeu\/regles-du-jeu\/shadowrun-3-guide-rapide-dinitiation-francais\/","title":{"rendered":"Shadowrun 3 : guide rapide d&rsquo;initiation en fran\u00e7ais"},"content":{"rendered":"<p><img loading=\"lazy\" decoding=\"async\" class=\"alignright\" title=\"Introduction au Guide d'initiation rapide \u00a9FanPro et Thomas Moreaux pour la version fran\u00e7aise\" src=\"http:\/\/shadowrun.fr\/images\/70.jpg\" alt=\"Introduction au Guide d'initiation rapide \u00a9FanPro et Thomas Moreaux pour la version fran\u00e7aise\" width=\"300\" height=\"415\" \/>Bienvenue dans Shadowrun, le jeu de science-fiction\/fantasy le plus r\u00e9ussi de tous les temps\u00a0! Le vibrant univers fictif de Shadowrun divertit les joueurs et les lecteurs depuis plus de quinze ans. Les r\u00e8gles du jeu en sont maintenant \u00e0 leur troisi\u00e8me \u00e9dition. Des millions de mots ont \u00e9t\u00e9 publi\u00e9s sur Shadowrun dans des suppl\u00e9ments et des romans, et de nouveaux livres sont publi\u00e9s plusieurs fois par an.<\/p>\n<p>Se plonger directement dans le jeu peut \u00eatre intimidant pour un nouveau joueur, particuli\u00e8rement s\u2019il a entendu parler de cet univers grandiose mais n\u2019a jamais particip\u00e9 \u00e0 un jeu de r\u00f4les. Avec cette id\u00e9e en t\u00eate, FanPro a publi\u00e9 le produit que vous \u00eates en train de lire, le <cite>Guide rapide d\u2019initiation<\/cite> \u00e0 Shadowrun, et nous l\u2019avons traduit et mis en page pour vous en fran\u00e7ais.<\/p>\n<p>Le <cite>Guide rapide d\u2019initiation<\/cite> contient tout ce dont vous avez besoin pour entrer dans le monde et le jeu de Shadowrun. Il commence par vous pr\u00e9senter le monde en 2060, l\u2019ann\u00e9e durant laquelle se d\u00e9roule le jeu. Puis s\u2019ensuit un passage en revue des termes, r\u00e8gles et m\u00e9canismes de base du jeu. Une fois les bases apprises, vous pourrez vous plonger dans les aspects plus techniques traitant du combat, de la magie et de certains des \u00e9quipements les plus courants du jeu.<\/p>\n<p>Pour vous aider \u00e0 mettre ces r\u00e8gles en pratique, nous vous fournissons huit personnages et une mini-aventure compl\u00e8te, Un prototype convoit\u00e9. Avec ce mat\u00e9riel, vous pouvez pr\u00e9parer et jouer votre premi\u00e8re aventure de Shadowrun en une soir\u00e9e.<\/p>\n<p>Les r\u00e8gles du <cite>Guide rapide d\u2019initiation<\/cite> sont extraites des r\u00e8gles de Shadowrun, Troisi\u00e8me \u00c9dition. Une fois que vous les aurez lues et que vous aurez jou\u00e9 l\u2019aventure, vous serez pr\u00eat \u00e0 passer \u00e0 Shadowrun, Troisi\u00e8me \u00c9dition et \u00e0 vous joindre aux quinze prochaines ann\u00e9es d\u2019aventure\u00a0!<\/p>\n<p>Pour jouer avec le <cite>Guide rapide d\u2019initiation<\/cite> \u00e0 Shadowrun, vous aurez besoin d\u2019une poign\u00e9e de d\u00e9s \u00e0 six faces, d\u2019un crayon, d\u2019un peu d\u2019imagination\u00a0; et bien sur du <a href=\"http:\/\/shadowrun.fr\/file_download\/13\"><cite>Guide rapide d\u2019initiation<\/cite><\/a> en lui-m\u00eame. Il est en t\u00e9l\u00e9chargement au format Adobe Acrobat <span class=\"caps\">PDF<\/span> et p\u00e8se un peu plus de 2mo pour 67 pages.<\/p>\n<p>Fichier\u00a0<a href=\"http:\/\/www.franchouille.fr\/testsr\/files\/2016\/04\/Shadowrun-3-Guide-rapide-dinitiation-francais.pdf\" rel=\"\">Shadowrun 3 &#8211; Guide rapide d&rsquo;initiation &#8211; francais<\/a> (3MB, t\u00e9l\u00e9charg\u00e9 9705 fois).<\/p>\n<hr \/>\n<p class=\"articleInfos\">Document cr\u00e9\u00e9 \u00e0 l&rsquo;origine par <strong>Anthony Bruno, Ghuislain Bonnotte, Thomas Moreaux, J\u00e9r\u00e9mie Bouillon<\/strong> et publi\u00e9 sur <a href=\"http:\/\/shadowrun.fr\">shadowrun.fr<\/a> le dimanche 13 novembre 2005 par <strong>J\u00e9r\u00e9mie Bouillon<\/strong>.<\/p>\n<p class=\"articleInfos\">Article mis \u00e0 disposition sous licence <em>Copyright FanPro<\/em>.<\/p>\n","protected":false},"excerpt":{"rendered":"<p>Bienvenue dans Shadowrun, le jeu de science-fiction\/fantasy le plus r\u00e9ussi de tous les temps\u00a0! Le vibrant univers fictif de Shadowrun divertit les joueurs et les lecteurs depuis plus de quinze ans. Les r\u00e8gles du jeu en sont maintenant \u00e0 leur troisi\u00e8me \u00e9dition. Des millions de mots ont \u00e9t\u00e9 publi\u00e9s sur Shadowrun dans des suppl\u00e9ments et [&hellip;]<\/p>\n","protected":false},"author":1,"featured_media":0,"parent":601,"menu_order":0,"comment_status":"closed","ping_status":"closed","template":"","meta":{"footnotes":""},"class_list":["post-744","page","type-page","status-publish","hentry"],"_links":{"self":[{"href":"http:\/\/www.franchouille.fr\/testsr\/wp-json\/wp\/v2\/pages\/744","targetHints":{"allow":["GET"]}}],"collection":[{"href":"http:\/\/www.franchouille.fr\/testsr\/wp-json\/wp\/v2\/pages"}],"about":[{"href":"http:\/\/www.franchouille.fr\/testsr\/wp-json\/wp\/v2\/types\/page"}],"author":[{"embeddable":true,"href":"http:\/\/www.franchouille.fr\/testsr\/wp-json\/wp\/v2\/users\/1"}],"replies":[{"embeddable":true,"href":"http:\/\/www.franchouille.fr\/testsr\/wp-json\/wp\/v2\/comments?post=744"}],"version-history":[{"count":0,"href":"http:\/\/www.franchouille.fr\/testsr\/wp-json\/wp\/v2\/pages\/744\/revisions"}],"up":[{"embeddable":true,"href":"http:\/\/www.franchouille.fr\/testsr\/wp-json\/wp\/v2\/pages\/601"}],"wp:attachment":[{"href":"http:\/\/www.franchouille.fr\/testsr\/wp-json\/wp\/v2\/media?parent=744"}],"curies":[{"name":"wp","href":"https:\/\/api.w.org\/{rel}","templated":true}]}}