{"id":719,"date":"2006-05-08T22:25:18","date_gmt":"2006-05-08T21:25:18","guid":{"rendered":"http:\/\/www.franchouille.fr\/shadowrun\/?page_id=719"},"modified":"2006-05-08T22:25:18","modified_gmt":"2006-05-08T21:25:18","slug":"particularites-pour-pnj","status":"publish","type":"page","link":"http:\/\/www.franchouille.fr\/testsr\/aides-de-jeu\/monde-de-shadowrun\/particularites-pour-pnj\/","title":{"rendered":"Particularit\u00e9s pour PNJ"},"content":{"rendered":"<p class=\"aIntro\">Voi\u00e7i une petite liste (principalement tir\u00e9e du <cite lang=\"en\">Mr Johnson\u2019s Little Black Book<\/cite>) de diff\u00e9rentes particularit\u00e9s, tics et habitudes dont vous pouvez vous servir pour colorer un peu vos personnages non-joueur. S\u00e9lectionnez \u00e0 l\u2019avance, ou sur le moment en improvisation quelques tics, ou utilisez-les pour trouver les votres. Attention toutefois \u00e0 ne pas trop en mettre, il ne faudrait pas transformer vos PNJ en monstres de foire\u00a0; de m\u00eame n\u2019oubliez pas que certaines particularit\u00e9s sont un fort d\u00e9savantage dans les Ombres o\u00f9 la discr\u00e9tion et l\u2019anonymat sont les premi\u00e8res lignes de d\u00e9fense.<\/p>\n<h2>Particularit\u00e9s visuelles<\/h2>\n<p><img decoding=\"async\" class=\"alignright\" title=\"Illustration de personnage \u00a9FanPro\" src=\"http:\/\/shadowrun.fr\/images\/103.jpg\" alt=\"Illustration de personnage \u00a9FanPro\" \/><\/p>\n<ul>\n<li>Yeux vairons (deux couleurs diff\u00e9rentes),<\/li>\n<li>Dreadlocks violettes avec des extensions en fibre optique,<\/li>\n<li>Pointe de canine, d\u00e9fense ou corne en or,<\/li>\n<li>Piercings multiples et visibles,<\/li>\n<li>Cicatrice en travers du visage,<\/li>\n<li>Cheveux graisseux,<\/li>\n<li>Membre cybern\u00e9tique apparent en chrome bleut\u00e9,<\/li>\n<li>Yeux cybern\u00e9tiques inhabituels (pupille en forme de smiley, d\u2019une seule couleur flashy, etc.),<\/li>\n<li>Habill\u00e9 uniquement en diff\u00e9rents tons de rouge,<\/li>\n<li>Anormalement petit et susceptible \u00e0 ce sujet,<\/li>\n<li>Particuli\u00e8rement effemin\u00e9 (pour un homme) ou viril (pour une femme),<\/li>\n<li>Tatouage visible et tr\u00e8s sp\u00e9cial,<\/li>\n<li>V\u00eatements has-been (ou \u00e0 la toute derni\u00e8re mode),<\/li>\n<li>Amblyopie (un \u0153il mal voyant et non correctible),<\/li>\n<li>Un seul \u0153il cybern\u00e9tique apparent,<\/li>\n<li>Teint particuli\u00e8rement p\u00e2le,<\/li>\n<li>Cr\u00e2ne ras\u00e9 et \u00ab\u00a0d\u00e9cor\u00e9\u00a0\u00bb de cicatrices, tatouages ou de piercings (clous, etc.),<\/li>\n<li>Boiteux,<\/li>\n<li>Manque d\u2019un ou de plusieurs doigts,<\/li>\n<li>Oreille d\u00e9form\u00e9e,<\/li>\n<li>Restes de nourriture entre ses dents ou dans sa barbe,<\/li>\n<li>Porte toujours des t-shirts de concerts,<\/li>\n<li>A une proth\u00e8se (non cybern\u00e9tique) apparente pour une de ses jambes,<\/li>\n<li>Ongles inhabituellement longs,<\/li>\n<li>Myope ou hyperm\u00e9trope,<\/li>\n<li>Parle en faisant toujours de larges gestes,<\/li>\n<li>Poils sur le visage (pour une femme),<\/li>\n<li>Poils du visage taill\u00e9s bizarrement (bouc d\u00e9color\u00e9, favoris stylis\u00e9s, moustache \u00ab\u00a01900\u00a0\u00bb, etc.),<\/li>\n<li>Postiche \u00e9vident pour tous,<\/li>\n<li>Porte des lunettes archa\u00efques.<\/li>\n<\/ul>\n<h2>Particularit\u00e9s sonores<\/h2>\n<p><img decoding=\"async\" class=\"alignright\" title=\"Illustration de personnage \u00a9FanPro\" src=\"http:\/\/shadowrun.fr\/images\/104.jpg\" alt=\"Illustration de personnage \u00a9FanPro\" \/><\/p>\n<ul>\n<li>Voix particuli\u00e8rement forte ou faible,<\/li>\n<li>Tousse fr\u00e9quemment,<\/li>\n<li>Glousse b\u00eatement,<\/li>\n<li>Z\u00e9zaye,<\/li>\n<li>Parle avec un accent difficile \u00e0 comprendre,<\/li>\n<li>Fait souvent un mauvais emploi de mots ou d\u2019expressions<\/li>\n<li>Emploi des m\u00e9taphores \u00e0 tort et \u00e0 travers,<\/li>\n<li>Marmonne,<\/li>\n<li>Renifle,<\/li>\n<li>Se fredonne \u00e0 lui-m\u00eame,<\/li>\n<li>Emploi \u00e0 tout bout de champ la m\u00eame expression (\u00ab\u00a0tu vois\u00a0\u00bb, \u00ab\u00a0oki doki\u00a0\u00bb, \u00ab\u00a0certes certes\u00a0\u00bb, etc.),<\/li>\n<li>Fait \u2013 trop \u2013 souvent des pauses dans ses phrases, aga\u00e7ant (\u00ab\u00a0heuuuu\u00a0\u00bb, \u00ab\u00a0bennn\u00a0\u00bb, \u00ab\u00a0pour ainsi dire heuuu\u00a0\u00bb, etc.),<\/li>\n<li>Partiellement sourd mais refuse de l\u2019admettre,<\/li>\n<li>Parle de fa\u00e7on extr\u00eamement pr\u00e9cise,<\/li>\n<li>Rel\u00e8ve toutes ses phrases avec des jurons,<\/li>\n<li>A un accent reconnaissable (New York, Aztlan, \u00e9tats du sud des CAS, italien, etc.),<\/li>\n<li>\u00c9ternuements \u00e0 r\u00e9p\u00e9titions,<\/li>\n<li>A une voix rauque et basse de fumeur.<\/li>\n<\/ul>\n<h2>Particularit\u00e9s olfactives<\/h2>\n<ul>\n<li>Forte odeur corporelle,<\/li>\n<li>Porte trop de parfum (pour couvrir une odeur corporelle ou non),<\/li>\n<li>Sent la fum\u00e9e,<\/li>\n<li>Sent l\u2019alcool,<\/li>\n<li>A une haleine qui sent la bi\u00e8re,<\/li>\n<li>Porte des v\u00eatements sales,<\/li>\n<li>A une odeur corporelle anormale (\u00e0 cause d\u2019un \u00e9tat de GRIME<sup><a href=\"http:\/\/shadowrun.fr\/article\/particularites-pour-pnj#fn2047317513445f89c149536\">1<\/a><\/sup>, d\u2019un traitement m\u00e9dical ou d\u2019un bioware endommag\u00e9),<\/li>\n<li>Mauvaise haleine,<\/li>\n<li>Sent des pieds,<\/li>\n<li>Sent toujours le propre et le savon,<\/li>\n<li>Porte trop de gel ou autre produit cosm\u00e9tique odorant,<\/li>\n<li>Porte l\u2019odeur de son dernier repas (ail, oignons, etc.),<\/li>\n<li>Allergique au savon (ou \u00e0 la cr\u00e8me de rasage, ou lotion diverse) utilis\u00e9 par un des runners,<\/li>\n<li>Porte une eau de Cologne ou un parfum distinctif,<\/li>\n<li>Porte l\u2019odeur de son animal de compagnie,<\/li>\n<li>A une odeur d\u2019huile de moteur, ou de machinerie.<\/li>\n<\/ul>\n<h2>Personnalit\u00e9 particuli\u00e8re<\/h2>\n<p><img decoding=\"async\" class=\"alignright\" title=\"Illustration de personnage \u00a9FanPro\" src=\"http:\/\/shadowrun.fr\/images\/102.jpg\" alt=\"Illustration de personnage \u00a9FanPro\" \/><\/p>\n<ul>\n<li>Terrifi\u00e9 par les microbes,<\/li>\n<li>Raciste envers un m\u00e9tatype ou une ethnie particuli\u00e8re,<\/li>\n<li>Chauviniste (masculin ou f\u00e9minin),<\/li>\n<li>Insiste toujours pour \u00eatre assis dos au mur,<\/li>\n<li>Utilise syst\u00e9matiquement de l\u2019argent liquide donc plut\u00f4t des dollars am\u00e9ricains que des nuyens), ne fait pas confiance aux cr\u00e9ditubes et aux virements RA ou matriciels,<\/li>\n<li>Se ronge les ongles si nerveux,<\/li>\n<li>Utilise souvent des phrases tir\u00e9es de trid\u00e9os, de films, de la litt\u00e9rature populaire,<\/li>\n<li>Se targue d\u2019\u00eatre un expert sur un sujet pr\u00e9cis et cherche la moindre oppourtunit\u00e9 \u00ab\u00a0d\u2019\u00e9taler sa science\u00a0\u00bb,<\/li>\n<li>Se f\u00e2che facilement si on le corrige sur une erreur,<\/li>\n<li>Obs\u00e9d\u00e9 par les informations ou l\u2019actualit\u00e9 sportive\u00a0; est toujours au courant de la derni\u00e8re news,<\/li>\n<li>\u00c0 un faible pour quelque chose (demoiselles en d\u00e9tresse, enfants en bas \u00e2ges, mignons petits animaux de compagnie, les losers, etc.),<\/li>\n<li>Particuli\u00e8rement influencable par la flatterie,<\/li>\n<li>Radin,<\/li>\n<li>Menteur compulsif,<\/li>\n<li>Ne peut s\u2019emp\u00eacher de draguer les jolis sp\u00e9cimens du sexe oppos\u00e9 (ou pas) de l\u2019\u00e9quipe,<\/li>\n<li>Agoraphobe (n\u2019aime pas les grands espaces ouverts),<\/li>\n<li>Adore les chats (ou un autre animal), en parle tout le temps,<\/li>\n<li>Se m\u00e9fie des appareils technologiques,<\/li>\n<li>Se trouve particuli\u00e8rement attirant(e) (que ce soit vrai ou pas),<\/li>\n<li>Effray\u00e9 par les trolls et\/ou les orks mais refuse de le laisser voir,<\/li>\n<li>A tendance \u00e0 parler trop (y compris de sujets sensibles) si on l\u2019aide un peu,<\/li>\n<li>Garde tout, ne jette jamais rien,<\/li>\n<li>Extr\u00eamement suspicieux envers autrui,<\/li>\n<li>Timide,<\/li>\n<li>N\u2019aime pas \u00eatre touch\u00e9,<\/li>\n<li>Forte poigne,<\/li>\n<li>A tendance \u00e0 expliquer encore, et encore, en d\u00e9tails les choses que tout le mnde a compris la premi\u00e8re fois,<\/li>\n<li>Condescendant,<\/li>\n<li>Adore la musique classique,<\/li>\n<li>Alcoolique,<\/li>\n<li>Socialement inepte (en particulier avec le sexe oppos\u00e9),<\/li>\n<li>A des go\u00fbts culinaires bizarres,<\/li>\n<li>Papote souvent \u00e0 propos des choses sans importance ou relevance,<\/li>\n<li>Incapable d\u2019\u00eatre calmement assis, toujours entrain de remuer, de bouger les jambes, etc.<\/li>\n<li>Ne regarde jamais dans les yeux de ses interlocuteurs,<\/li>\n<li>Gaucher,<\/li>\n<li>Tripote inconsciemment de petits objets (clefs, pendantif, etc.),<\/li>\n<li>\u00c9criture illisible.<\/li>\n<\/ul>\n<p id=\"fn2047317513445f89c149536\" class=\"txpFootNote\"><sup class=\"txpFootNoteNum\">1<\/sup> La GRIME est appel\u00e9e SURGE en anglais\u00a0: c\u2019est la transformation en, ou parfois l\u2019\u00e9tat de, changelin.<\/p>\n","protected":false},"excerpt":{"rendered":"<p>Voi\u00e7i une petite liste (principalement tir\u00e9e du Mr Johnson\u2019s Little Black Book) de diff\u00e9rentes particularit\u00e9s, tics et habitudes dont vous pouvez vous servir pour colorer un peu vos personnages non-joueur. S\u00e9lectionnez \u00e0 l\u2019avance, ou sur le moment en improvisation quelques tics, ou utilisez-les pour trouver les votres. Attention toutefois \u00e0 ne pas trop en mettre, [&hellip;]<\/p>\n","protected":false},"author":1,"featured_media":0,"parent":615,"menu_order":0,"comment_status":"closed","ping_status":"closed","template":"","meta":{"footnotes":""},"class_list":["post-719","page","type-page","status-publish","hentry"],"_links":{"self":[{"href":"http:\/\/www.franchouille.fr\/testsr\/wp-json\/wp\/v2\/pages\/719","targetHints":{"allow":["GET"]}}],"collection":[{"href":"http:\/\/www.franchouille.fr\/testsr\/wp-json\/wp\/v2\/pages"}],"about":[{"href":"http:\/\/www.franchouille.fr\/testsr\/wp-json\/wp\/v2\/types\/page"}],"author":[{"embeddable":true,"href":"http:\/\/www.franchouille.fr\/testsr\/wp-json\/wp\/v2\/users\/1"}],"replies":[{"embeddable":true,"href":"http:\/\/www.franchouille.fr\/testsr\/wp-json\/wp\/v2\/comments?post=719"}],"version-history":[{"count":0,"href":"http:\/\/www.franchouille.fr\/testsr\/wp-json\/wp\/v2\/pages\/719\/revisions"}],"up":[{"embeddable":true,"href":"http:\/\/www.franchouille.fr\/testsr\/wp-json\/wp\/v2\/pages\/615"}],"wp:attachment":[{"href":"http:\/\/www.franchouille.fr\/testsr\/wp-json\/wp\/v2\/media?parent=719"}],"curies":[{"name":"wp","href":"https:\/\/api.w.org\/{rel}","templated":true}]}}