{"id":715,"date":"2006-05-27T22:24:04","date_gmt":"2006-05-27T21:24:04","guid":{"rendered":"http:\/\/www.franchouille.fr\/shadowrun\/?page_id=715"},"modified":"2006-05-27T22:24:04","modified_gmt":"2006-05-27T21:24:04","slug":"sr4-archetypes-jouables-pret-a-imprimer","status":"publish","type":"page","link":"http:\/\/www.franchouille.fr\/testsr\/aides-de-jeu\/fiches-de-personnage\/sr4-archetypes-jouables-pret-a-imprimer\/","title":{"rendered":"SR4 arch\u00e9types jouables pr\u00eat \u00e0 imprimer"},"content":{"rendered":"<p>Lorsque j\u2019ai pr\u00e9par\u00e9 mes premi\u00e8res d\u00e9mos Shadowrun quatri\u00e8me \u00e9dition, j\u2019ai tout de suite vu que j\u2019allais perdre un temps fou dans la phase de choix \/ cr\u00e9ation de personnage. Un seul bouquin pour la table, en anglais de surcro\u00eet, plus le temps de recopier son personnage sur une fiche vierge, bref, je me voyais pas commencer avant 2 heures\u00a0!<\/p>\n<p>Je me suis donc lanc\u00e9 dans la pr\u00e9paration des pr\u00e9tir\u00e9s du livre de base sous forme jouable \u00ab\u00a0clef en main\u00a0\u00bb et en fran\u00e7ais.<\/p>\n<p>Attention, je ne suis pas maquettiste, j\u2019ai jou\u00e9 avec les tables de Word pour faire mes fiches. Le r\u00e9sultat esth\u00e9tique n\u2019est pas forc\u00e9ment \u00e0 la hauteur des attentes de beaucoup. Mais j\u2019ai pu constater \u00e0 la GenCon Paris que ces fiches \u00e9taient appr\u00e9ci\u00e9es et faisaient gagner pas mal de temps.<\/p>\n<p>J\u2019ai pour l\u2019instant pr\u00e9par\u00e9 les personnages suivants\u00a0:<\/p>\n<ul>\n<li>Adepte pistolero<\/li>\n<li>Brute<\/li>\n<li>Chamane \u00e9co-radicale<\/li>\n<li>Chamane urbaine<\/li>\n<li>Chasseur de primes<\/li>\n<li>Contrebandi\u00e8re<\/li>\n<li>D\u00e9tective de l\u2019occulte<\/li>\n<li>Face<\/li>\n<li>Ganger<\/li>\n<li>Hacker<\/li>\n<li>Mage de combat<\/li>\n<li>Samoura\u00ef des rues<\/li>\n<li>Sp\u00e9cialiste des armes<\/li>\n<\/ul>\n<p>Chaque fiche inclut l\u2019illustration, mais pas le petit texte introductif, du personnage. Les fiches sont au format <span class=\"caps\">PDF<\/span>.<\/p>\n<p>Fichier<cite> <a href=\"http:\/\/www.franchouille.fr\/testsr\/files\/2016\/04\/SR4-pretires.zip\" rel=\"\">SR4-pretires<\/a><\/cite><cite><\/cite> (3MB, t\u00e9l\u00e9charg\u00e9 3925 fois).<\/p>\n","protected":false},"excerpt":{"rendered":"<p>Lorsque j\u2019ai pr\u00e9par\u00e9 mes premi\u00e8res d\u00e9mos Shadowrun quatri\u00e8me \u00e9dition, j\u2019ai tout de suite vu que j\u2019allais perdre un temps fou dans la phase de choix \/ cr\u00e9ation de personnage. Un seul bouquin pour la table, en anglais de surcro\u00eet, plus le temps de recopier son personnage sur une fiche vierge, bref, je me voyais pas [&hellip;]<\/p>\n","protected":false},"author":1,"featured_media":0,"parent":425,"menu_order":0,"comment_status":"closed","ping_status":"closed","template":"","meta":{"footnotes":""},"class_list":["post-715","page","type-page","status-publish","hentry"],"_links":{"self":[{"href":"http:\/\/www.franchouille.fr\/testsr\/wp-json\/wp\/v2\/pages\/715","targetHints":{"allow":["GET"]}}],"collection":[{"href":"http:\/\/www.franchouille.fr\/testsr\/wp-json\/wp\/v2\/pages"}],"about":[{"href":"http:\/\/www.franchouille.fr\/testsr\/wp-json\/wp\/v2\/types\/page"}],"author":[{"embeddable":true,"href":"http:\/\/www.franchouille.fr\/testsr\/wp-json\/wp\/v2\/users\/1"}],"replies":[{"embeddable":true,"href":"http:\/\/www.franchouille.fr\/testsr\/wp-json\/wp\/v2\/comments?post=715"}],"version-history":[{"count":0,"href":"http:\/\/www.franchouille.fr\/testsr\/wp-json\/wp\/v2\/pages\/715\/revisions"}],"up":[{"embeddable":true,"href":"http:\/\/www.franchouille.fr\/testsr\/wp-json\/wp\/v2\/pages\/425"}],"wp:attachment":[{"href":"http:\/\/www.franchouille.fr\/testsr\/wp-json\/wp\/v2\/media?parent=715"}],"curies":[{"name":"wp","href":"https:\/\/api.w.org\/{rel}","templated":true}]}}