{"id":707,"date":"2006-07-02T22:14:11","date_gmt":"2006-07-02T21:14:11","guid":{"rendered":"http:\/\/www.franchouille.fr\/shadowrun\/?page_id=707"},"modified":"2006-07-02T22:14:11","modified_gmt":"2006-07-02T21:14:11","slug":"ondes-de-choc","status":"publish","type":"page","link":"http:\/\/www.franchouille.fr\/testsr\/aides-de-jeu\/scenarios\/ondes-de-choc\/","title":{"rendered":"Ondes de choc"},"content":{"rendered":"<div>\u00a0<a href=\"http:\/\/www.franchouille.fr\/testsr\/files\/2010\/09\/spoiler.png\" rel=\"attachment wp-att-229\"><img loading=\"lazy\" decoding=\"async\" class=\"size-full wp-image-229 aligncenter\" src=\"http:\/\/www.franchouille.fr\/testsr\/files\/2010\/09\/spoiler.png\" alt=\"spoiler\" width=\"59\" height=\"60\" \/><\/a><img loading=\"lazy\" decoding=\"async\" class=\"alignright\" title=\"Ondes de choc\" src=\"http:\/\/shadowrun.fr\/images\/106.jpg\" alt=\"Ondes de choc\" width=\"248\" height=\"339\" \/><\/div>\n<p><cite>Ondes de choc<\/cite> est la version condens\u00e9e en 20 pages de la campagne <cite lang=\"de\">Schockwellen<\/cite> publi\u00e9e exclusivement en allemand en 2003, qui couvre principalement la myst\u00e9rieuse m\u00e9gacorporation Proteus AG.<\/p>\n<p>Malgr\u00e9 le fait qu\u2019elle n\u2019ait pas \u00e9t\u00e9 publi\u00e9e en anglais, la campagne <cite lang=\"de\">Schockwellen<\/cite> est officielle et canon. <cite>Ondes de choc<\/cite> peut donc \u00eatre utilis\u00e9 par tous sans craintes, et consid\u00e9r\u00e9 comme un suppl\u00e9ment officiel. Il se pr\u00e9sente sous la forme d\u2019un fichier Acrobat PDF, enti\u00e8rement mis en page et maquett\u00e9 selon le style SR3, et comprend les illustrations d\u2019origine.<\/p>\n<p>Le suppl\u00e9ment a \u00e9t\u00e9 traduit et adapt\u00e9 par Tony Bruno aid\u00e9 de Lars Blumenstein et de Ghislain Bonnotte, la maquette est de Thomas Moreaux.<\/p>\n<p>T\u00e9l\u00e9charger <a href=\"http:\/\/www.franchouille.fr\/testsr\/files\/2016\/04\/Shadowrun-Ondes-de-choc-Shockwellen.pdf\" rel=\"\">Ondes de choc (Shockwellen)<\/a> (fichier PDF de 1.7mo).<\/p>\n<hr class=\"fin-flotte-vu\" \/>\n","protected":false},"excerpt":{"rendered":"<p>\u00a0 Ondes de choc est la version condens\u00e9e en 20 pages de la campagne Schockwellen publi\u00e9e exclusivement en allemand en 2003, qui couvre principalement la myst\u00e9rieuse m\u00e9gacorporation Proteus AG. Malgr\u00e9 le fait qu\u2019elle n\u2019ait pas \u00e9t\u00e9 publi\u00e9e en anglais, la campagne Schockwellen est officielle et canon. Ondes de choc peut donc \u00eatre utilis\u00e9 par tous [&hellip;]<\/p>\n","protected":false},"author":1,"featured_media":0,"parent":286,"menu_order":0,"comment_status":"closed","ping_status":"closed","template":"","meta":{"footnotes":""},"class_list":["post-707","page","type-page","status-publish","hentry"],"_links":{"self":[{"href":"http:\/\/www.franchouille.fr\/testsr\/wp-json\/wp\/v2\/pages\/707","targetHints":{"allow":["GET"]}}],"collection":[{"href":"http:\/\/www.franchouille.fr\/testsr\/wp-json\/wp\/v2\/pages"}],"about":[{"href":"http:\/\/www.franchouille.fr\/testsr\/wp-json\/wp\/v2\/types\/page"}],"author":[{"embeddable":true,"href":"http:\/\/www.franchouille.fr\/testsr\/wp-json\/wp\/v2\/users\/1"}],"replies":[{"embeddable":true,"href":"http:\/\/www.franchouille.fr\/testsr\/wp-json\/wp\/v2\/comments?post=707"}],"version-history":[{"count":0,"href":"http:\/\/www.franchouille.fr\/testsr\/wp-json\/wp\/v2\/pages\/707\/revisions"}],"up":[{"embeddable":true,"href":"http:\/\/www.franchouille.fr\/testsr\/wp-json\/wp\/v2\/pages\/286"}],"wp:attachment":[{"href":"http:\/\/www.franchouille.fr\/testsr\/wp-json\/wp\/v2\/media?parent=707"}],"curies":[{"name":"wp","href":"https:\/\/api.w.org\/{rel}","templated":true}]}}