{"id":694,"date":"2006-07-27T22:03:52","date_gmt":"2006-07-27T21:03:52","guid":{"rendered":"http:\/\/www.franchouille.fr\/shadowrun\/?page_id=694"},"modified":"2006-07-27T22:03:52","modified_gmt":"2006-07-27T21:03:52","slug":"694-2","status":"publish","type":"page","link":"http:\/\/www.franchouille.fr\/testsr\/aides-de-jeu\/regles-du-jeu\/694-2\/","title":{"rendered":"\u00c9cran &#8211; Visuel d&rsquo;\u00e9cran Wellington"},"content":{"rendered":"<p><a href=\"http:\/\/www.franchouille.fr\/testsr\/files\/2016\/04\/Ecran-SR-Wellington.jpg\" rel=\"attachment wp-att-695\"><img loading=\"lazy\" decoding=\"async\" class=\"size-medium wp-image-695 aligncenter\" src=\"http:\/\/www.franchouille.fr\/testsr\/files\/2016\/04\/Ecran-SR-Wellington-300x105.jpg\" alt=\"Ecran SR Wellington\" width=\"300\" height=\"105\" srcset=\"http:\/\/www.franchouille.fr\/testsr\/files\/2016\/04\/Ecran-SR-Wellington-300x105.jpg 300w, http:\/\/www.franchouille.fr\/testsr\/files\/2016\/04\/Ecran-SR-Wellington.jpg 400w\" sizes=\"auto, (max-width: 300px) 100vw, 300px\" \/><\/a><\/p>\n<p>Voici un visuel (recto, cot\u00e9 joueurs) pour un \u00e9cran personnalis\u00e9 \u2013 quatre volets \u2013 de meneur de jeu. Sobre, \u00e0 part un double logo Shadowrun (le logo de la 4<sup>e<\/sup> \u00e9dition) il ne comporte aucune marque particuli\u00e8re.<\/p>\n<p>Tir\u00e9 d\u2019un panorama de Donovan Govan (une photographie du centre de Wellington, Nouvelle Z\u00e9lande), il est plut\u00f4t destin\u00e9 aux MJ qui souhaitent donner un ton \u00ab\u00a0r\u00e9aliste\u00a0\u00bb autour de leur table, tout en \u00e9tant parfaitement adapt\u00e9 \u00e0 l\u2019ambiance classique d\u2019une partie de Shadowrun.<\/p>\n<p>Il se pr\u00e9sente sous la forme de quatre images PNG haute r\u00e9solution (200 DPI) de quelques millim\u00e8tres plus grandes qu\u2019un format A4 standard pour aider \u00e0 l\u2019impression sans marges blanches (\u00ab\u00a0\u00e0 fond perdu\u00a0\u00bb) des imprimantes qui en sont capables. Le tout r\u00e9uni dans une archive ZIP pour plus de simplicit\u00e9.<\/p>\n<p>T\u00e9l\u00e9charger <a href=\"http:\/\/www.franchouille.fr\/testsr\/files\/2016\/04\/Ecran-Shadowrun.fr-Wellington.zip\" rel=\"\">Ecran Shadowrun.fr Wellington<\/a> (fichier ZIP de 18.5mo).<\/p>\n","protected":false},"excerpt":{"rendered":"<p>Voici un visuel (recto, cot\u00e9 joueurs) pour un \u00e9cran personnalis\u00e9 \u2013 quatre volets \u2013 de meneur de jeu. Sobre, \u00e0 part un double logo Shadowrun (le logo de la 4e \u00e9dition) il ne comporte aucune marque particuli\u00e8re. Tir\u00e9 d\u2019un panorama de Donovan Govan (une photographie du centre de Wellington, Nouvelle Z\u00e9lande), il est plut\u00f4t destin\u00e9 [&hellip;]<\/p>\n","protected":false},"author":1,"featured_media":0,"parent":601,"menu_order":0,"comment_status":"closed","ping_status":"closed","template":"","meta":{"footnotes":""},"class_list":["post-694","page","type-page","status-publish","hentry"],"_links":{"self":[{"href":"http:\/\/www.franchouille.fr\/testsr\/wp-json\/wp\/v2\/pages\/694","targetHints":{"allow":["GET"]}}],"collection":[{"href":"http:\/\/www.franchouille.fr\/testsr\/wp-json\/wp\/v2\/pages"}],"about":[{"href":"http:\/\/www.franchouille.fr\/testsr\/wp-json\/wp\/v2\/types\/page"}],"author":[{"embeddable":true,"href":"http:\/\/www.franchouille.fr\/testsr\/wp-json\/wp\/v2\/users\/1"}],"replies":[{"embeddable":true,"href":"http:\/\/www.franchouille.fr\/testsr\/wp-json\/wp\/v2\/comments?post=694"}],"version-history":[{"count":0,"href":"http:\/\/www.franchouille.fr\/testsr\/wp-json\/wp\/v2\/pages\/694\/revisions"}],"up":[{"embeddable":true,"href":"http:\/\/www.franchouille.fr\/testsr\/wp-json\/wp\/v2\/pages\/601"}],"wp:attachment":[{"href":"http:\/\/www.franchouille.fr\/testsr\/wp-json\/wp\/v2\/media?parent=694"}],"curies":[{"name":"wp","href":"https:\/\/api.w.org\/{rel}","templated":true}]}}