{"id":689,"date":"2006-08-10T21:50:45","date_gmt":"2006-08-10T20:50:45","guid":{"rendered":"http:\/\/www.franchouille.fr\/shadowrun\/?page_id=689"},"modified":"2006-08-10T21:50:45","modified_gmt":"2006-08-10T20:50:45","slug":"french-touch","status":"publish","type":"page","link":"http:\/\/www.franchouille.fr\/testsr\/sr-inspi\/nouvelles\/french-touch\/","title":{"rendered":"French Touch"},"content":{"rendered":"<p>Une nouvelle officielle et canon, sur les Ombres fran\u00e7aise. Traduction de la <a href=\"http:\/\/shadowrunrpg.com\/fiction\/fiction9_frenchtouch.shtml\">nouvelle \u00e9ponyme<\/a> publi\u00e9e sur le site web officiel, par son auteur lui-m\u00eame\u00a0!<\/p>\n<p>T\u00e9l\u00e9charger <a href=\"http:\/\/www.franchouille.fr\/testsr\/files\/2016\/04\/Shadowrun-French-Touch.pdf\" rel=\"\">Shadowrun &#8211; French Touch<\/a>.<\/p>\n","protected":false},"excerpt":{"rendered":"<p>Une nouvelle officielle et canon, sur les Ombres fran\u00e7aise. Traduction de la nouvelle \u00e9ponyme publi\u00e9e sur le site web officiel, par son auteur lui-m\u00eame\u00a0! T\u00e9l\u00e9charger Shadowrun &#8211; French Touch.<\/p>\n","protected":false},"author":1,"featured_media":0,"parent":198,"menu_order":0,"comment_status":"closed","ping_status":"closed","template":"","meta":{"footnotes":""},"class_list":["post-689","page","type-page","status-publish","hentry"],"_links":{"self":[{"href":"http:\/\/www.franchouille.fr\/testsr\/wp-json\/wp\/v2\/pages\/689","targetHints":{"allow":["GET"]}}],"collection":[{"href":"http:\/\/www.franchouille.fr\/testsr\/wp-json\/wp\/v2\/pages"}],"about":[{"href":"http:\/\/www.franchouille.fr\/testsr\/wp-json\/wp\/v2\/types\/page"}],"author":[{"embeddable":true,"href":"http:\/\/www.franchouille.fr\/testsr\/wp-json\/wp\/v2\/users\/1"}],"replies":[{"embeddable":true,"href":"http:\/\/www.franchouille.fr\/testsr\/wp-json\/wp\/v2\/comments?post=689"}],"version-history":[{"count":0,"href":"http:\/\/www.franchouille.fr\/testsr\/wp-json\/wp\/v2\/pages\/689\/revisions"}],"up":[{"embeddable":true,"href":"http:\/\/www.franchouille.fr\/testsr\/wp-json\/wp\/v2\/pages\/198"}],"wp:attachment":[{"href":"http:\/\/www.franchouille.fr\/testsr\/wp-json\/wp\/v2\/media?parent=689"}],"curies":[{"name":"wp","href":"https:\/\/api.w.org\/{rel}","templated":true}]}}