{"id":678,"date":"2006-11-05T21:41:21","date_gmt":"2006-11-05T20:41:21","guid":{"rendered":"http:\/\/www.franchouille.fr\/shadowrun\/?page_id=678"},"modified":"2006-11-05T21:41:21","modified_gmt":"2006-11-05T20:41:21","slug":"tables-de-probabilites-sr4","status":"publish","type":"page","link":"http:\/\/www.franchouille.fr\/testsr\/aides-de-jeu\/regles-du-jeu\/tables-de-probabilites-sr4\/","title":{"rendered":"Tables de probabilit\u00e9s pour SR4"},"content":{"rendered":"<p>Histoire de mieux cerner vos chances pour un test, voici une table HTML qui r\u00e9sume le pourcentage de chance de faire au moins k succ\u00e8s sur un lancer de n d\u00e9s, et deux versions pr\u00eates \u00e0 imprimer en PDF, dont l\u2019une avec un code couleur.<\/p>\n<table>\n<tbody>\n<tr>\n<th>x<\/th>\n<th>1<\/th>\n<th>2<\/th>\n<th>3<\/th>\n<th>4<\/th>\n<th>5<\/th>\n<th>6<\/th>\n<th>7<\/th>\n<th>8<\/th>\n<th>9<\/th>\n<th>10<\/th>\n<\/tr>\n<tr>\n<th>1<\/th>\n<td>33,33<\/td>\n<td>X<\/td>\n<td>X<\/td>\n<td>X<\/td>\n<td>X<\/td>\n<td>X<\/td>\n<td>X<\/td>\n<td>X<\/td>\n<td>X<\/td>\n<td>X<\/td>\n<\/tr>\n<tr>\n<th>2<\/th>\n<td>55,56<\/td>\n<td>11,11<\/td>\n<td>X<\/td>\n<td>X<\/td>\n<td>X<\/td>\n<td>X<\/td>\n<td>X<\/td>\n<td>X<\/td>\n<td>X<\/td>\n<td>X<\/td>\n<\/tr>\n<tr>\n<th>3<\/th>\n<td>70,37<\/td>\n<td>25,93<\/td>\n<td>3,70<\/td>\n<td>X<\/td>\n<td>X<\/td>\n<td>X<\/td>\n<td>X<\/td>\n<td>X<\/td>\n<td>X<\/td>\n<td>X<\/td>\n<\/tr>\n<tr>\n<th>4<\/th>\n<td>80,25<\/td>\n<td>40,74<\/td>\n<td>11,11<\/td>\n<td>1,23<\/td>\n<td>X<\/td>\n<td>X<\/td>\n<td>X<\/td>\n<td>X<\/td>\n<td>X<\/td>\n<td>X<\/td>\n<\/tr>\n<tr>\n<th>5<\/th>\n<td>86,83<\/td>\n<td>53,91<\/td>\n<td>20,99<\/td>\n<td>4,53<\/td>\n<td>0,41<\/td>\n<td>X<\/td>\n<td>X<\/td>\n<td>X<\/td>\n<td>X<\/td>\n<td>X<\/td>\n<\/tr>\n<tr>\n<th>6<\/th>\n<td>91,22<\/td>\n<td>64,88<\/td>\n<td>31,96<\/td>\n<td>10,01<\/td>\n<td>1,78<\/td>\n<td>0,14<\/td>\n<td>X<\/td>\n<td>X<\/td>\n<td>X<\/td>\n<td>X<\/td>\n<\/tr>\n<tr>\n<th>7<\/th>\n<td>94,15<\/td>\n<td>73,66<\/td>\n<td>42,94<\/td>\n<td>17,33<\/td>\n<td>4,53<\/td>\n<td>0,69<\/td>\n<td>0,05<\/td>\n<td>X<\/td>\n<td>X<\/td>\n<td>X<\/td>\n<\/tr>\n<tr>\n<th>8<\/th>\n<td>96,10<\/td>\n<td>80,49<\/td>\n<td>53,18<\/td>\n<td>25,86<\/td>\n<td>8,79<\/td>\n<td>1,97<\/td>\n<td>0,26<\/td>\n<td>0,02<\/td>\n<td>X<\/td>\n<td>X<\/td>\n<\/tr>\n<tr>\n<th>9<\/th>\n<td>97,40<\/td>\n<td>85,69<\/td>\n<td>62,28<\/td>\n<td>34,97<\/td>\n<td>14,48<\/td>\n<td>4,24<\/td>\n<td>0,83<\/td>\n<td>0,10<\/td>\n<td>0,01<\/td>\n<td>X<\/td>\n<\/tr>\n<tr>\n<th>10<\/th>\n<td>98,27<\/td>\n<td>89,60<\/td>\n<td>70,09<\/td>\n<td>44,07<\/td>\n<td>21,31<\/td>\n<td>7,66<\/td>\n<td>1,97<\/td>\n<td>0,34<\/td>\n<td>0,04<\/td>\n<td>0,00<\/td>\n<\/tr>\n<tr>\n<th>11<\/th>\n<td>98,84<\/td>\n<td>92,49<\/td>\n<td>76,59<\/td>\n<td>52,74<\/td>\n<td>28,90<\/td>\n<td>12,21<\/td>\n<td>3,86<\/td>\n<td>0,88<\/td>\n<td>0,14<\/td>\n<td>0,01<\/td>\n<\/tr>\n<tr>\n<th>12<\/th>\n<td>99,23<\/td>\n<td>94,60<\/td>\n<td>81,89<\/td>\n<td>60,69<\/td>\n<td>36,85<\/td>\n<td>17,77<\/td>\n<td>6,64<\/td>\n<td>1,88<\/td>\n<td>0,39<\/td>\n<td>0,05<\/td>\n<\/tr>\n<tr>\n<th>13<\/th>\n<td>99,49<\/td>\n<td>96,15<\/td>\n<td>86,13<\/td>\n<td>67,76<\/td>\n<td>44,80<\/td>\n<td>24,13<\/td>\n<td>10,35<\/td>\n<td>3,47<\/td>\n<td>0,88<\/td>\n<td>0,16<\/td>\n<\/tr>\n<tr>\n<th>14<\/th>\n<td>99,66<\/td>\n<td>97,26<\/td>\n<td>89,47<\/td>\n<td>73,88<\/td>\n<td>52,45<\/td>\n<td>31,02<\/td>\n<td>14,95<\/td>\n<td>5,76<\/td>\n<td>1,74<\/td>\n<td>0,40<\/td>\n<\/tr>\n<tr>\n<th>15<\/th>\n<td>99,77<\/td>\n<td>98,06<\/td>\n<td>92,06<\/td>\n<td>79,08<\/td>\n<td>59,59<\/td>\n<td>38,16<\/td>\n<td>20,30<\/td>\n<td>8,82<\/td>\n<td>3,08<\/td>\n<td>0,85<\/td>\n<\/tr>\n<tr>\n<th>16<\/th>\n<td>99,85<\/td>\n<td>98,63<\/td>\n<td>94,06<\/td>\n<td>83,41<\/td>\n<td>66,09<\/td>\n<td>45,31<\/td>\n<td>26,26<\/td>\n<td>12,65<\/td>\n<td>5,00<\/td>\n<td>1,59<\/td>\n<\/tr>\n<tr>\n<th>17<\/th>\n<td>99,90<\/td>\n<td>99,04<\/td>\n<td>95,58<\/td>\n<td>86,96<\/td>\n<td>71,86<\/td>\n<td>52,23<\/td>\n<td>32,61<\/td>\n<td>17,19<\/td>\n<td>7,55<\/td>\n<td>2,73<\/td>\n<\/tr>\n<tr>\n<th>18<\/th>\n<td>99,93<\/td>\n<td>99,32<\/td>\n<td>96,74<\/td>\n<td>89,83<\/td>\n<td>76,89<\/td>\n<td>58,78<\/td>\n<td>39,15<\/td>\n<td>22,33<\/td>\n<td>10,76<\/td>\n<td>4,33<\/td>\n<\/tr>\n<tr>\n<th>19<\/th>\n<td>99,95<\/td>\n<td>99,53<\/td>\n<td>97,60<\/td>\n<td>92,13<\/td>\n<td>81,21<\/td>\n<td>64,81<\/td>\n<td>45,69<\/td>\n<td>27,93<\/td>\n<td>14,62<\/td>\n<td>6,48<\/td>\n<\/tr>\n<tr>\n<th>20<\/th>\n<td>99,97<\/td>\n<td>99,67<\/td>\n<td>98,24<\/td>\n<td>93,96<\/td>\n<td>84,85<\/td>\n<td>70,28<\/td>\n<td>52,07<\/td>\n<td>33,85<\/td>\n<td>19,05<\/td>\n<td>9,19<\/td>\n<\/tr>\n<\/tbody>\n<\/table>\n<ul>\n<li><a href=\"http:\/\/www.franchouille.fr\/testsr\/files\/2016\/04\/SR4-table_probas_couleur.pdf\" rel=\"\">SR4-table_probas_couleur<\/a><\/li>\n<li><a href=\"http:\/\/www.franchouille.fr\/testsr\/files\/2016\/04\/SR4-table_probas_n_et_b.pdf\" rel=\"\">SR4-table_probas_n_et_b<\/a><\/li>\n<\/ul>\n<p>Et un graphique reprenant les informations de la table\u00a0:<\/p>\n<ul>\n<li><a href=\"http:\/\/www.franchouille.fr\/testsr\/files\/2016\/04\/SR4-graphique_probas.pdf\" rel=\"\">SR4-graphique_probas<\/a><\/li>\n<\/ul>\n","protected":false},"excerpt":{"rendered":"<p>Histoire de mieux cerner vos chances pour un test, voici une table HTML qui r\u00e9sume le pourcentage de chance de faire au moins k succ\u00e8s sur un lancer de n d\u00e9s, et deux versions pr\u00eates \u00e0 imprimer en PDF, dont l\u2019une avec un code couleur. x 1 2 3 4 5 6 7 8 9 [&hellip;]<\/p>\n","protected":false},"author":1,"featured_media":0,"parent":601,"menu_order":0,"comment_status":"closed","ping_status":"closed","template":"","meta":{"footnotes":""},"class_list":["post-678","page","type-page","status-publish","hentry"],"_links":{"self":[{"href":"http:\/\/www.franchouille.fr\/testsr\/wp-json\/wp\/v2\/pages\/678","targetHints":{"allow":["GET"]}}],"collection":[{"href":"http:\/\/www.franchouille.fr\/testsr\/wp-json\/wp\/v2\/pages"}],"about":[{"href":"http:\/\/www.franchouille.fr\/testsr\/wp-json\/wp\/v2\/types\/page"}],"author":[{"embeddable":true,"href":"http:\/\/www.franchouille.fr\/testsr\/wp-json\/wp\/v2\/users\/1"}],"replies":[{"embeddable":true,"href":"http:\/\/www.franchouille.fr\/testsr\/wp-json\/wp\/v2\/comments?post=678"}],"version-history":[{"count":0,"href":"http:\/\/www.franchouille.fr\/testsr\/wp-json\/wp\/v2\/pages\/678\/revisions"}],"up":[{"embeddable":true,"href":"http:\/\/www.franchouille.fr\/testsr\/wp-json\/wp\/v2\/pages\/601"}],"wp:attachment":[{"href":"http:\/\/www.franchouille.fr\/testsr\/wp-json\/wp\/v2\/media?parent=678"}],"curies":[{"name":"wp","href":"https:\/\/api.w.org\/{rel}","templated":true}]}}