{"id":669,"date":"2006-12-19T21:31:22","date_gmt":"2006-12-19T20:31:22","guid":{"rendered":"http:\/\/www.franchouille.fr\/shadowrun\/?page_id=669"},"modified":"2006-12-19T21:31:22","modified_gmt":"2006-12-19T20:31:22","slug":"dossier-de-personnage-ismo-sr4","status":"publish","type":"page","link":"http:\/\/www.franchouille.fr\/testsr\/aides-de-jeu\/fiches-de-personnage\/dossier-de-personnage-ismo-sr4\/","title":{"rendered":"Dossier de personnage Ismo SR4"},"content":{"rendered":"<p>Voici la traduction du dossier de personnage cr\u00e9\u00e9 par Ismo pour SR4.\u00a0 Apr\u00e8s avoir cherch\u00e9 en vain la feuille de personnage id\u00e9ale, il s&rsquo;est av\u00e9r\u00e9 que celle-ci d\u00e9taillait toutes les cat\u00e9gories qui vont bien, avec une mise en page tr\u00e8s agr\u00e9able \u00e0 regarder.<\/p>\n<p>Vous pourrez donc faire vivre vos personnages au fil de ces 10 pages, avec une page d\u00e9di\u00e9e au suivi de leur \u00e9volution.<\/p>\n<p>Nul n&rsquo;\u00e9tant parfait, j&rsquo;ai certainement commis des erreurs ou des coquilles dans ce document. N&rsquo;h\u00e9sitez pas \u00e0 me contacter pour me les signaler, et je modifierais la chose en cons\u00e9quence.<\/p>\n<p><a href=\"http:\/\/www.franchouille.fr\/testsr\/files\/2006\/12\/Dossier_personnage_SR4_fr.pdf\" rel=\"\">Dossier_personnage_SR4_fr<\/a><\/p>\n","protected":false},"excerpt":{"rendered":"<p>Voici la traduction du dossier de personnage cr\u00e9\u00e9 par Ismo pour SR4.\u00a0 Apr\u00e8s avoir cherch\u00e9 en vain la feuille de personnage id\u00e9ale, il s&rsquo;est av\u00e9r\u00e9 que celle-ci d\u00e9taillait toutes les cat\u00e9gories qui vont bien, avec une mise en page tr\u00e8s agr\u00e9able \u00e0 regarder. Vous pourrez donc faire vivre vos personnages au fil de ces 10 [&hellip;]<\/p>\n","protected":false},"author":1,"featured_media":0,"parent":425,"menu_order":0,"comment_status":"closed","ping_status":"closed","template":"","meta":{"footnotes":""},"class_list":["post-669","page","type-page","status-publish","hentry"],"_links":{"self":[{"href":"http:\/\/www.franchouille.fr\/testsr\/wp-json\/wp\/v2\/pages\/669","targetHints":{"allow":["GET"]}}],"collection":[{"href":"http:\/\/www.franchouille.fr\/testsr\/wp-json\/wp\/v2\/pages"}],"about":[{"href":"http:\/\/www.franchouille.fr\/testsr\/wp-json\/wp\/v2\/types\/page"}],"author":[{"embeddable":true,"href":"http:\/\/www.franchouille.fr\/testsr\/wp-json\/wp\/v2\/users\/1"}],"replies":[{"embeddable":true,"href":"http:\/\/www.franchouille.fr\/testsr\/wp-json\/wp\/v2\/comments?post=669"}],"version-history":[{"count":0,"href":"http:\/\/www.franchouille.fr\/testsr\/wp-json\/wp\/v2\/pages\/669\/revisions"}],"up":[{"embeddable":true,"href":"http:\/\/www.franchouille.fr\/testsr\/wp-json\/wp\/v2\/pages\/425"}],"wp:attachment":[{"href":"http:\/\/www.franchouille.fr\/testsr\/wp-json\/wp\/v2\/media?parent=669"}],"curies":[{"name":"wp","href":"https:\/\/api.w.org\/{rel}","templated":true}]}}