{"id":637,"date":"2007-02-12T21:08:42","date_gmt":"2007-02-12T20:08:42","guid":{"rendered":"http:\/\/www.franchouille.fr\/shadowrun\/?page_id=637"},"modified":"2007-02-12T21:08:42","modified_gmt":"2007-02-12T20:08:42","slug":"jean-martin-mage-independant-sixieme-monde","status":"publish","type":"page","link":"http:\/\/www.franchouille.fr\/testsr\/sr-inspi\/nouvelles\/jean-martin-mage-independant-sixieme-monde\/","title":{"rendered":"Jean Martin, mage ind\u00e9pendant du Sixi\u00e8me Monde"},"content":{"rendered":"<p>Il est 6h30, le module simsens de mon commlink cyber me r\u00e9veille avec les baisers de mon \u00e9pouse (que j\u2019ai enregistr\u00e9s pendant un de nos \u00e9bats amoureux). Elle dort encore, c\u2019est moi qui m\u2019occupe des petits monstres ce matin. Apr\u00e8s avoir activ\u00e9 ma vision thermo, je me l\u00e8ve doucement pour ne pas la r\u00e9veiller.<\/p>\n<p>Je me dirige vers les WC en regardant mes messages, jetant un coup d\u2019\u0153il aux chambres des petits qui dorment encore et regardant les infos. Tout \u00e7a sur diff\u00e9rentes fen\u00eatres de mon commlink. La cafeti\u00e8re se met en route (elle conna\u00eet mon dosage pr\u00e9f\u00e9r\u00e9), les lumi\u00e8res s\u2019allument. Pas besoin de faire quoi que ce soit, le r\u00e9seau de la maison a identifi\u00e9 que mon commlink (donc moi) \u00e9tait sorti de la chambre.<\/p>\n<p>Je soulage ma vessie pendant que mon agent vestimentaire me propose un choix de v\u00eatements tenant compte de la m\u00e9t\u00e9o et de mon activit\u00e9 de ce jour (r\u00e9union).<\/p>\n<p>J\u2019entre dans la douche, le distributeur sort mon savon, mon shampoing, r\u00e8gle la temp\u00e9rature de l\u2019eau et le jet de la douche comme je les aime. Sous la douche, je re\u00e7ois mon r\u00e9sultat d\u2019analyse d\u2019urine (je suis en bonne sant\u00e9 ce matin) et je m\u2019occupe de mon courrier. Heureusement que j\u2019ai un filtre anti-spams efficace (43 spams ce matin).<\/p>\n<p>Je m\u2019habille. Impossible de m\u00e9langer les styles de chaussettes (le r\u00e9seau le verrait et mon agent vestimentaire me le signalerait car chaque chaussette poss\u00e8de sa propre puce <span class=\"caps\">RFID<\/span>) ou d\u2019oublier de me coiffer (si je sors de la salle de bain sans avoir utilis\u00e9 ma brosse j\u2019ai un message sur mon commlink). C\u2019est cool ces machines qui s\u2019occupent de la routine\u00a0!<\/p>\n<p>J\u2019augmente progressivement la luminosit\u00e9 des chambres des enfants tout en leur pr\u00e9parant le petit-d\u00e9jeuner et en visionnant ce qui se passe dans leurs chambres. Ils n\u2019ont pas encore de commlink implant\u00e9 car ils sont trop jeunes. Le cyberware est d\u00e9conseill\u00e9 tant que la croissance n\u2019est pas finie. La premi\u00e8re chose qu\u2019ils font en se levant est de mettre leur commlink.<\/p>\n<p>Gr\u00e9goire, mon fils, arrive le premier pour d\u00e9jeuner. Il me fait la gueule depuis une semaine, cela se voit, entre autres, \u00e0 son \u00e9moticone. J\u2019ai restreint son abonnement \u00e0 <cite>Karl Combat Mage <span class=\"caps\">MMORPG<\/span><\/cite> \u00e0 des horaires que je trouve respectables. Il se plaint que d\u00e9sormais il est en retard sur ses copains (trois heures de jeu par jour cela lui semble trop court) et qu\u2019il a la honte de ne pas pouvoir les suivre partout dans ce monde virtuel. De m\u00eame j\u2019ai d\u00fb restreindre leurs communications de 7h00 \u00e0 21h00 sinon ils discutaient, jouaient ou visionnaient des trid\u00e9os toute la nuit. D\u00e9sormais, en dehors de ces horaires ils n\u2019ont acc\u00e8s qu\u2019au r\u00e9seau familial.<\/p>\n<p>Mathilde, ma fille, arrive juste apr\u00e8s lui. Elle a encore activ\u00e9 sa tenue de princesse en r\u00e9alit\u00e9 augment\u00e9e (RA) d\u00e8s le saut du lit\u00a0! En RA, elle appara\u00eet dans une robe de mousseline rose et porte un diad\u00e8me sur la t\u00eate. Les puces <span class=\"caps\">RFID<\/span> de ses v\u00eatements permettent de synchroniser sa tenue virtuelle avec ses mouvements.<\/p>\n<p>Mon \u00e9pouse se l\u00e8ve. Je lui envoie des bisous simsens en plus du r\u00e9el. Les enfants vont \u00e0 la salle de bain puis s\u2019habillent. Je les accompagne \u00e0 l\u2019\u00e9cole. En sortant la maison me signale que j\u2019ai oubli\u00e9 de me laver les dents. En sortant de notre immeuble, l\u2019agent \u00ab\u00a0concierge\u00a0\u00bb est automatiquement pr\u00e9venu que les enfants et moi sommes sortis.<\/p>\n<p>Arriv\u00e9s \u00e0 l\u2019\u00e9cole, les syst\u00e8mes de s\u00e9curit\u00e9 nous reconnaissent (ou plut\u00f4t reconnaissent nos commlinks). J\u2019ai le droit d\u2019\u00eatre dans l\u2019entr\u00e9e mais si j\u2019allais plus loin je serai pr\u00e9venu que j\u2019outrepasse mes droits et que si je continue l\u2019alerte serait donn\u00e9e. Et bien s\u00fbr, une personne avec un commlink \u00e9teint (ou sans commlink\u00a0; \u00e7a existe\u00a0?) d\u00e9clencherait l\u2019alarme et l\u2019intervention de la s\u00e9curit\u00e9.<\/p>\n<p>Je suis un mage ind\u00e9pendant (un vrai, un herm\u00e9tique, pas un de ces illumin\u00e9s de chaman)\u00a0: consultant et prestataire d\u2019effets magiques (runes, sorts et esprits). Je ne suis pas enchanteur et je ne m\u2019appelle pas Merlin\u00a0! Je n\u2019ai jamais compris tous ces mages qui prennent des \u00ab\u00a0noms de mage\u00a0\u00bb. Je trouve que \u00e7a fait charlatan, nous vivons dans un monde moderne, que diable\u00a0! Pour aller \u00e0 la r\u00e9union d\u2019aujourd\u2019hui, je dois prendre le bus puis ma voiture (nous vivons dans une zone pi\u00e9tonne, ou plus exactement sans voiture individuelle). Les clients aiment bien rencontrer un mage en chair et en os, nous ne sommes pas si courant que \u00e7a. Les soci\u00e9t\u00e9s pour lesquelles je bosse pr\u00e9f\u00e8rent le virtuel, c\u2019est tellement plus pratique. Le bus me signal qu\u2019il arrivera dans 1 minute 37 secondes. Mon agent de d\u00e9placement, aid\u00e9 des <span class=\"caps\">RFID<\/span> de mes chaussures et de mon <span class=\"caps\">GPS<\/span> interne estime que je dois presser le pas pour arriver \u00e0 l\u2019arr\u00eat de bus \u00e0 temps. Soi-disant que mes foul\u00e9es ne sont pas assez rapides\u00a0! Parfois, je hais ces machines qui se m\u00ealent de nos vies. Je cours en voyant le bus arriver, ce n\u2019\u00e9tait pas la peine de marcher vite, il suffisait de courir un peu en arrivant. Comme le bus est automatis\u00e9, il est inutile de faire signe au chauffeur pour qu\u2019il vous attende\u00a0: la technologie n\u2019a pas que du bon.<\/p>\n<p>Le bus m\u2019identifie, v\u00e9rifie que mon abonnement est valide et je lui donne ma destination. Je m\u2019assoie et passe de la r\u00e9alit\u00e9 augment\u00e9e \u00e0 la r\u00e9alit\u00e9 virtuelle, je joue \u00e0 \u00ab\u00a0D&amp;D <span class=\"caps\">MMORPG<\/span>\u00a0\u00bb (ne le dites pas \u00e0 mon fils) jusqu\u2019\u00e0 ce que le bus me pr\u00e9vienne que je suis arriv\u00e9.<\/p>\n<p>Dans le parking, apr\u00e8s m\u2019avoir identifi\u00e9, l\u2019agent virtuel du parking demande \u00e0 ma voiture de sortir. Une fois devant moi, je l\u2019ouvre d\u2019une pens\u00e9e et je m\u2019installe. J\u2019aime bien conduire \u00e0 l\u2019ancienne, je me sers donc des p\u00e9dales, volant et levier de vitesse. Ces outils existent toujours malgr\u00e9 les interfaces informatiques, en cas de piratage ou plantage, il est possible de passer en mode manuel. Moi je conduis en mode semi-automatique, c\u2019est \u00e0 dire que je conduis physiquement mais que je peux aussi donner des ordres via le commlink. Je trouve \u00e7a plus prudent, je fais plus confiance \u00e0 mon cerveau qu\u2019\u00e0 mes muscles. En arrivant sur le p\u00e9riph\u00e9rique, la grille prend ma voiture en charge, je n\u2019ai qu\u2019\u00e0 lui donner ma sortie. Et hop\u00a0! Un nouveau petit tour dans l\u2019univers de D&amp;D\u2026 Dans cinq minutes, je sors du p\u00e9riph\u00e9rique, inutile de commencer une nouvelle qu\u00eate, retour \u00e0 la RA. Mon <span class=\"caps\">GPS<\/span> me guide vers le lieu du rendez-vous.<\/p>\n<p>La r\u00e9union se passe bien. Je stocke les donn\u00e9es dans mon commlink car je n\u2019ai pas acc\u00e8s au r\u00e9seau local du b\u00e2timent et ce dernier emp\u00eache les communications vers l\u2019ext\u00e9rieur (probablement gr\u00e2ce \u00e0 une peinture sp\u00e9ciale). L\u2019immeuble est tr\u00e8s s\u00e9curis\u00e9. Ces donn\u00e9es sont confidentielles, en sortant, je les sauvegarde via un r\u00e9seau s\u00e9curis\u00e9 sp\u00e9cialis\u00e9. Je retourne chez moi par le m\u00eame chemin, et toujours en jouant.<\/p>\n<p>Qu\u2019est-ce qui se passe\u00a0? O\u00f9 est mon \u00e9p\u00e9e\u00a0? Les gobs ont disparus\u00a0! Ces salauds m\u2019ont fait sacr\u00e9ment mal\u00a0! C\u2019est quoi ces d\u00e9bris de voiture\u00a0? Pourquoi mon commlink m\u2019affiche-t-il mon \u00e9tat de sant\u00e9\u00a0? Pas tr\u00e8s bonne sant\u00e9, d\u2019ailleurs. Mon contrat Doc Wagon s\u2019est activ\u00e9, je vois le logo clignoter. Un accident\u00a0! Dur retour \u00e0 la r\u00e9alit\u00e9. Pas possible, ce n\u2019est pas possible, il ne peut pas y avoir d\u2019accident sur la grille\u00a0! Je suis coinc\u00e9 dans mon v\u00e9hicule, je pr\u00e9viens mon \u00e9pouse et lui envoie les donn\u00e9es de mon biomoniteur pour qu\u2019elle ne s\u2019inqui\u00e8te pas. J\u2019\u00e9coute les infos routi\u00e8res\u00a0: un dingue a pirat\u00e9 la grille et a caus\u00e9 un accident, mon accident. Mon commlink semble avoir des probl\u00e8mes, j\u2019esp\u00e8re qu\u2019il n\u2019est pas endommag\u00e9 et qu\u2019il s\u2019agit seulement d\u2019un probl\u00e8me r\u00e9seau.<\/p>\n<p>J\u2019ai trop mal, je passe en projection astrale. Hors de mon corps, cela ira mieux. Je prends quand m\u00eame mon \u00e9p\u00e9e. On n\u2019est jamais assez prudent, il est toujours pr\u00e9f\u00e9rable de se balader dans l\u2019astral avec son focus de combat. La douleur et la peur des bless\u00e9s commencent \u00e0 perturber l\u2019espace astral, il doit bien y avoir une centaine de voitures accident\u00e9es. Toutes les auras que je vois expriment la peur et la compassion. Ah, non, pas toutes. Un type est sorti de sa voiture et semble \u00eatre satisfait de lui. Je m\u2019approche pour mieux l\u2019examiner, il ne peut pas me voir tant que je ne me manifeste pas. Son aura est inhabituelle, je n\u2019en ai jamais vu une pareille. C\u2019est un humain sans cybern\u00e9tique, non \u00c9veill\u00e9 (ni mage ni adepte) mais il poss\u00e8de comme un pouvoir, une capacit\u00e9 que je n\u2019ai jamais rencontr\u00e9e. J\u2019ai beau essayer de traverser un \u00e9ventuel camouflage m\u00e9tamagique, cela semble bien \u00eatre sa v\u00e9ritable aura. J\u2019appelle Pisteur, mon esprit de l\u2019homme li\u00e9. Je lui demande de suivre ce type et de m\u00e9moriser tout ce qu\u2019il fera et dira. S\u2019il est d\u00e9couvert qu\u2019il fuit. Il reviendra me donner les infos apr\u00e8s. Moi il vaut mieux que je regagne mon v\u00e9hicule, les secours arrivent.<\/p>\n<p>Je me manifeste pr\u00e8s de l\u2019\u00e9quipe Doc Wagon qui arrive afin de les aider \u00e0 me retrouver (\u00e9tant manifest\u00e9, ils peuvent me voir et m\u2019entendre), enfin, \u00e0 retrouver mon corps dans lequel je vais replonger. Je les laisse s\u2019occuper de moi et tranquilliser ma famille.<\/p>\n<p>Me voici \u00e0 l\u2019hosto.<\/p>\n<p>Cela fait quelques ann\u00e9es que je travaille avec Pisteur. Je l\u2019ai li\u00e9 la premi\u00e8re fois il y a 3 ans. Je l\u2019avais invoqu\u00e9 pour une mission d\u2019enqu\u00eate et de surveillance. Il a fait preuve d\u2019un int\u00e9r\u00eat particulier pour nous les humains, du coup, je l\u2019ai li\u00e9 \u00e0 moi afin de garder \u00e0 porter de main un tel esprit. Il a suivi le type bizarre et d\u2019apr\u00e8s les infos qu\u2019il m\u2019a rapport\u00e9es, ce type \u00e9tait charg\u00e9 de r\u00e9cup\u00e9rer des informations, probablement celles stock\u00e9es sur mon commlink. Pendant ma convalescence, un copain informaticien a explor\u00e9 mon commlink et il y a trouv\u00e9 des traces infimes qu\u2019aurait pu laisser un hacker tr\u00e8s dou\u00e9.<\/p>\n<p>R\u00e9tablis, j\u2019invoque un veilleur (un esprit mineur) qui fini par retrouver mon hacker et m\u2019emm\u00e8ne jusqu\u2019\u00e0 son appartement. Gr\u00e2ce \u00e0 un sort de sonde mentale (je sais, c\u2019est ill\u00e9gal, m\u00eame sur un voleur.), j\u2019ai appris ce qu\u2019il cherchait, pour qui et ce qu\u2019il est. J\u2019ai ensuite fourni rapidement ces informations \u00e0 mon employeur, sauf la derni\u00e8re. Je me voyais mal lui dire que le type qui a pirat\u00e9 mon commlink n\u2019a pas eu besoin de commlink pour \u00e7a, qu\u2019il est naturellement connect\u00e9 \u00e0 la Matrice sans le moindre mat\u00e9riel, qu\u2019il capte les ondes wifi gr\u00e2ce \u00e0 son seul cerveau et qu\u2019il plie la Matrice \u00e0 sa volont\u00e9 sans utiliser le moindre programme informatique\u00a0! Bref qu\u2019il s\u2019agit d\u2019un technomancien, un magicien de la Matrice. D\u00e9j\u00e0 que les magiciens passent pour des gens bizarres, il m\u2019aurait prit pour un fou et ce n\u2019est pas bon pour le business. Enfin, maintenant, si j\u2019ai besoin d\u2019un hacker haut de gamme, je sais \u00e0 qui m\u2019adresser.<\/p>\n<p>Demain j\u2019ai rendez-vous avec un monsieur Dupont, mon \u00ab\u00a0ami le technomancien\u00a0\u00bb pourra probablement m\u2019aider pour ce boulot qui comporte une passe matricielle.<\/p>\n","protected":false},"excerpt":{"rendered":"<p>Il est 6h30, le module simsens de mon commlink cyber me r\u00e9veille avec les baisers de mon \u00e9pouse (que j\u2019ai enregistr\u00e9s pendant un de nos \u00e9bats amoureux). Elle dort encore, c\u2019est moi qui m\u2019occupe des petits monstres ce matin. Apr\u00e8s avoir activ\u00e9 ma vision thermo, je me l\u00e8ve doucement pour ne pas la r\u00e9veiller. Je [&hellip;]<\/p>\n","protected":false},"author":1,"featured_media":0,"parent":198,"menu_order":0,"comment_status":"closed","ping_status":"closed","template":"","meta":{"footnotes":""},"class_list":["post-637","page","type-page","status-publish","hentry"],"_links":{"self":[{"href":"http:\/\/www.franchouille.fr\/testsr\/wp-json\/wp\/v2\/pages\/637","targetHints":{"allow":["GET"]}}],"collection":[{"href":"http:\/\/www.franchouille.fr\/testsr\/wp-json\/wp\/v2\/pages"}],"about":[{"href":"http:\/\/www.franchouille.fr\/testsr\/wp-json\/wp\/v2\/types\/page"}],"author":[{"embeddable":true,"href":"http:\/\/www.franchouille.fr\/testsr\/wp-json\/wp\/v2\/users\/1"}],"replies":[{"embeddable":true,"href":"http:\/\/www.franchouille.fr\/testsr\/wp-json\/wp\/v2\/comments?post=637"}],"version-history":[{"count":0,"href":"http:\/\/www.franchouille.fr\/testsr\/wp-json\/wp\/v2\/pages\/637\/revisions"}],"up":[{"embeddable":true,"href":"http:\/\/www.franchouille.fr\/testsr\/wp-json\/wp\/v2\/pages\/198"}],"wp:attachment":[{"href":"http:\/\/www.franchouille.fr\/testsr\/wp-json\/wp\/v2\/media?parent=637"}],"curies":[{"name":"wp","href":"https:\/\/api.w.org\/{rel}","templated":true}]}}