{"id":619,"date":"2007-02-12T20:54:59","date_gmt":"2007-02-12T19:54:59","guid":{"rendered":"http:\/\/www.franchouille.fr\/shadowrun\/?page_id=619"},"modified":"2007-02-12T20:54:59","modified_gmt":"2007-02-12T19:54:59","slug":"brise-glace","status":"publish","type":"page","link":"http:\/\/www.franchouille.fr\/testsr\/sr-inspi\/nouvelles\/brise-glace\/","title":{"rendered":"Brise-glace"},"content":{"rendered":"<p>Je vais mourir, comment est ce que j\u2019ai bien pu en arriver l\u00e0\u00a0?<\/p>\n<hr class=\"separateur-fiction\" \/>\n<p>Deep Blue et moi, on devait organiser un Gauntlet, c\u2019est-\u00e0-dire une op\u00e9ration de vente au march\u00e9 noir en trois \u00e9tapes\u00a0: acqu\u00e9rir un monopole sur une marchandise rare et d\u2019un prix moyen, faire grimper artificiellement la demande, vendre lorsque le prix cr\u00e8ve le plafond. La partie difficile, comme toujours, c\u2019\u00e9tait d\u2019agir sur la demande\u2026<\/p>\n<p>Pour \u00e7a, on avait un programme exp\u00e9rimental pour court-circuiter les cotations de la Bourse, un truc super chaud d\u2019apr\u00e8s Deep Blue. Un truc tellement chaud qu\u2019il y avait forcement quelqu\u2019un d\u2019important derri\u00e8re l\u2019op\u00e9ration. Mais ma part repr\u00e9sentait tellement de thune\u2026 j\u2019ai dit oui.<\/p>\n<p>Ensuite, on a rempli des containers entiers avec des caisses et des caisses de came. On \u00e9tait devenu les seuls \u00e0 en avoir dans tout le Pacifique. Je suis all\u00e9 \u00e0 Hong Kong pour attendre la phase 2, la flamb\u00e9 des prix, et passer \u00e0 la phase 3\u00a0: la revente. Le Jackpot.<\/p>\n<p>C\u2019\u00e9tait en 2064. Lorsque Deep Blue a lanc\u00e9 sa passe sur la bourse de Hong Kong, toutes les lumi\u00e8res se sont \u00e9teintes. C\u2019\u00e9tait le Crash. Tout le r\u00e9seau est tomb\u00e9 en rideau, \u00e0 travers la plan\u00e8te enti\u00e8re. Hong Kong a subi le choc de plein fouet. J\u2019ai jamais vraiment compris ce qui s\u2019\u00e9tait pass\u00e9, une guerre de Megacorporations qui tournait mal\u00a0? Une Intelligence Artificielle qui d\u00e9clarait la guerre au genre m\u00e9tahumain\u00a0?<\/p>\n<p>Quand la panique s\u2019est calm\u00e9e, les flics m\u2019avaient pris. Avec un container de substances chimiques de classe A. Et je suis all\u00e9 en prison, sans retourner \u00e0 la case d\u00e9part, et donc sans toucher les 20 000 nouveaux yens. Pendant 6 ans.<\/p>\n<p>Le pire, c\u2019\u00e9tait le quartier sp\u00e9cial des magiciens. Enferm\u00e9 dans une pi\u00e8ce noire, avec la Cagoule sur la t\u00eate. Les matons devaient surtout s\u2019assurer qu\u2019ils ne se suicident pas, tellement ils voulaient \u00ab\u00a0s\u2019\u00e9vader\u00a0\u00bb. En 6 ans, il y en a deux qui ont r\u00e9ussit, j\u2019ai jamais voulu savoir comment ils avaient pu se tuer sans bouger les mains, aveugles, sourds et muets \u00e0 cause de la Cagoule.<\/p>\n<p>J\u2019ai d\u00e9j\u00e0 r\u00e9ussit \u00e0 oublier la taule. Mais pas le quartier des magiciens. Ni mon entretient avec Monsieur Hu Shun Lu\u00a0:<\/p>\n<p>\u2013 Monsieur Nissan Gorokou\u00a0?<\/p>\n<p>\u2013 Matricule 2356.<\/p>\n<p>\u2013 Je vous demande pardon\u00a0?<\/p>\n<p>\u2013 Matricule Ni\u00a0\u2013\u00a0San\u00a0\u2013\u00a0Go\u00a0\u2013\u00a0Roku. C\u2019est du japonais, vous \u00eates dans une prison Yakashima, ici. 2356 c\u2019est mon matricule. Je lui montrais le code barre sur mon bras gauche.<\/p>\n<p>\u2013 Oh. Je vois. Et quel est votre nom\u00a0?<\/p>\n<p>\u2013 Matricule 2356.<\/p>\n<p>\u2013 \u2026<\/p>\n<p>\u2013 Et qu\u2019est ce que vous voulez\u00a0?<\/p>\n<p>\u2013 Mais, \u2026 vous faire sortir de prison.<\/p>\n<p>Et il a tenu parole. Je suis sorti de prison. Mais il y avait une condition, bien s\u00fbr. Deep Blue n\u2019avait jamais \u00e9t\u00e9 pris. Jamais fait de vagues. Jusqu\u2019\u00e0 il y a trois jour. Et maintenant, je devais l\u2019arr\u00eater, avant qu\u2019il ne lance une attaque terroriste sur la Matrice 2.0 de Hong Kong\u00a0!<\/p>\n<p>Je me suis demand\u00e9 si \u00e7a valait la peine. Mais pas longtemps. J\u2019ai dit oui\u2026<\/p>\n<hr class=\"separateur-fiction\" \/>\n<p>Saloperie, qu\u2019est ce que c\u2019est que ces trucs\u00a0?<\/p>\n<p>\u00ab\u00a0Achetez le Cougar Finelame\u00a0! \u00c9lu meilleur poignard de combat des Guerres du D\u00e9sert de 2067\u00a0!\u00a0\u00bb<\/p>\n<p>\u00ab\u00a0Mon amour, viens\u00a0! Je t\u2019attends\u2026\u00a0\u00bb<\/p>\n<p>\u00ab\u00a0Votre commlink est infect\u00e9 par un cheval de Troie\u00a0! Achetez sans attendre notre Firewall VaulTeck Immolator 3.0\u00a0! Le meilleur du march\u00e9, pour le meilleur prix\u00a0!\u00a0\u00bb<\/p>\n<p>Mon champ de vision \u00e9tait envahit d\u2019images, d\u2019hologrammes. Mes \u00e9couteurs \u00e9taient satur\u00e9s de messages publicitaires. Comment font les passants pour voir o\u00f9 ils marchent dans cette cacophonie\u00a0?<\/p>\n<p>\u00ab\u00a0Un coup de barre\u00a0? <span class=\"caps\">NERPS<\/span>, et \u00e7a repart\u00a0!\u00a0\u00bb<\/p>\n<p>\u00ab\u00a0Allez ch\u00e9rie, viens\u00a0!\u00a0\u00bb<\/p>\n<p>\u00ab\u00a0Les restaurants UniFood KumLAW sont ouvert 24\/7\/365\u2026\u00a0\u00bb<\/p>\n<p>J\u2019ai \u00e9teint mon commlink, et essay\u00e9 de faire le tri dans ma m\u00e9moire tampon. Tient, c\u2019est une id\u00e9e \u00e7a, je vais me prendre le couteau\u2026 Il parait que ces lames affin\u00e9es sont garantie avoir un tranchant monomol\u00e9culaire, coupant comme du diamant. C\u2019est toujours utile.<\/p>\n<p>Il m\u2019a fallu 20 minutes pour comprendre comment param\u00e9trer le firewall pour ne pas avoir ces conneries qui apparaissent tout le temps dans mon champs de vision. \u00c0 ce moment l\u00e0, mon commlink \u00e9tait tellement infect\u00e9 par des agents publicitaires\/espions que j\u2019ai du le jeter et en racheter un autre\u00a0! Et j\u2019avais \u00e0 peine pos\u00e9 le pied en Am\u00e9rique\u00a0!<\/p>\n<p>Janvier 2070, et le Space Needle \u00e9tait toujours l\u00e0, visible depuis la baie d\u2019Elliot avec ses 182 m\u00e8tres de haut, dominant la plupart des immeubles du centre ville. Le plus vieux symbole de Seattle r\u00e9sistait encore et toujours aux projets d\u2019am\u00e9nagements urbains. Quand \u00e0 la pyramide de l\u2019Arcologie de Renraku, elle \u00e9tait en vue depuis qu\u2019on avait d\u00e9pass\u00e9 la P\u00e9ninsule Olympique pour entrer dans le bras de mer de Puget, du haut de ses 960 m\u00e8tres. La seule chose qui la d\u00e9passait encore, c\u2019\u00e9tait la forme sombre du volcan Rainier, r\u00e9veill\u00e9 par la magie des Danseurs Fant\u00f4mes pendant la guerre d\u2019ind\u00e9pendance des am\u00e9rindiens d\u2019origines, en 2016. Il laissait \u00e9chapper une fum\u00e9e noire, comme pour saluer un revenant.<\/p>\n<p>Et je devais en \u00eatre un\u00a0! Dans tous les bars o\u00f9 je suis all\u00e9, dans toutes les bo\u00eetes underground, dans les squats des zones p\u00e9ri-urbaines laiss\u00e9es \u00e0 l\u2019abandon depuis 30 ans, il n\u2019y avait personne que je reconnaissait. Le train du monde avait continu\u00e9 \u00e0 rouler sans moi, \u00e9crasant presque tous mes contacts sous ses roues.<\/p>\n<p>Quand j\u2019ai entendu un petit jeune, avec une prise de donn\u00e9 rutilante sur le cr\u00e2ne, parler avec stupeur et tremblement de la plus vieille l\u00e9gende de la Matrice\u00a0: Fastjack. J\u2019ai repris espoir, le Crash n\u2019avait pas emport\u00e9 tout le monde avec lui. Il restait de la place dans les Ombres pour un dinosaure.<\/p>\n<p>Et j\u2019ai retrouv\u00e9 Deep Blue. Dans ce quartier pourri, au fond des D\u00e9solations de Puyallup, dans les restes couverts de cendres d\u2019un bled sur le flan du volcan. Il avait mis sa signature sur la porte de la cave\u00a0! Apr\u00e8s 6 ans, il \u00e9tait toujours aussi m\u00e9galo.<\/p>\n<p>En bas des escaliers, j\u2019ai entendu une sorte de grattement, et puis la puanteur m\u2019a vraiment pris \u00e0 la gorge. L\u2019odeur de la charogne. Alors je l\u2019ai vu, assis dans son fauteuil d\u2019h\u00f4pital, avec ses perfusions et ses biomoniteurs. Tout son attirail con\u00e7u pour le maintenir en vie pendant que sa conscience se baladait sur le r\u00e9seau, des semaines, des mois, sans se d\u00e9brancher. Sauf qu\u2019il \u00e9tait mort. Les r\u00e9serves de ses perfusions \u00e9taient entass\u00e9es autour du fauteuil, vides. La m\u00e9moire des biomoniteurs indiquait que son c\u0153ur avait continu\u00e9 \u00e0 battre pendant plus de 5 ans apr\u00e8s que ses ondes c\u00e9r\u00e9brales se soient arr\u00eat\u00e9es.<\/p>\n<p>Son esprit \u00e9tait mort pendant le Crash, emport\u00e9 dans l\u2019effondrement de la Matrice 1.0. Mais son corps avait surv\u00e9cu, obstin\u00e9ment aliment\u00e9 par son syst\u00e8me de survie, pendant toutes ses ann\u00e9es\u2026<\/p>\n<p>J\u2019ai entendu un bruit de pas derri\u00e8re moi, je me suis retourn\u00e9. Je ne l\u2019ai pas reconnu tout de suite. Il faisait sombre. Et peut \u00eatre aussi que je ne voulais pas vraiment y croire\u2026<\/p>\n<p>\u2013 C\u2019est toi, Chase\u00a0?<\/p>\n<p>\u2013 Deep Blue\u00a0?<\/p>\n<p>Le type devait mesurer 2 m\u00e8tres, avec un vrai corps de r\u00eave engonc\u00e9 dans une armure moulante. Pr\u00eat pour les Jeux Olympiques. Mais il avait la peau bleue, un bleu profond que je connaissais bien\u00a0: c\u2019\u00e9tait l\u2019avatar matriciel de Deep Blue. Mais il n\u2019existait que dans l\u2019illusion de la Matrice. C\u2019\u00e9tait impossible.<\/p>\n<p>\u2013 Deep Blue, qu\u2019est ce qui se passe\u00a0?<\/p>\n<p>\u2013 La passe continue, Chase. Les hackers de la bourse de Hong Kong m\u2019ont pi\u00e9g\u00e9 dans un espace virtuel. Mais j\u2019ai upgrad\u00e9 mon Avatar pour terminer la passe. Ils ont chang\u00e9 tous les chemins d\u2019acc\u00e8s. Mais j\u2019ai trouv\u00e9 la parade. Maintenant, je vais aller sur le node de la bourse, et je vais lancer le programme. Il a rit, un rire de gamin, un rire de d\u00e9ment.<\/p>\n<p>\u2013 Deep Blue, l\u2019op\u00e9ration est termin\u00e9e. Depuis 6 ans. Tu es mort.<\/p>\n<p>\u2013 Non. Ils ont cru m\u2019avoir avec leurs contre-mesures. Mais je me suis cach\u00e9, j\u2019ai upgrad\u00e9 mon avatar. La passe peut encore r\u00e9ussir.<\/p>\n<p>\u2013 Mais \u00e9coute ce que je te dis\u00a0! Ils m\u2019ont envoy\u00e9 apr\u00e8s toi\u00a0! Ils savent que tu es revenu, les Esprits savent comment, et ils te veulent. Ce programme que tu as, il a disparu depuis 6 ans, ils n\u2019ont jamais pu le refaire. Et ils le veulent maintenant. Il n\u2019y a plus d\u2019autre mission.<\/p>\n<p>\u2013 Tu n\u2019es pas Chase\u00a0! Tu es une contre-mesure, c\u2019est \u00e7a\u00a0? Son visage se tordit horriblement.<\/p>\n<p>Et puis son bras s\u2019est ouvert, pour laisser appara\u00eetre un canon. Un cyberflingue\u00a0! Mes r\u00e9flexes avaient beaucoup souffert en 6 ans pass\u00e9s derri\u00e8re les barreaux. J\u2019ai seulement pu \u00e9viter les deux premi\u00e8res balles de la rafale. Le choc de l\u2019impact m\u2019a fait valser contre le mur du fond. Mon bras gauche \u00e9tait inerte, mon \u00e9paule ruisselait de sang.<\/p>\n<p>Je me suis jet\u00e9 \u00e0 couvert pendant qu\u2019il recommen\u00e7ait \u00e0 tirer, vidant son chargeur dans le b\u00e9ton pourri du mur. Et dans les p\u00e9riph\u00e9riques du biomoniteur \u00e9parpill\u00e9s autour de moi. J\u2019avais du mal \u00e0 rester conscient. Bient\u00f4t, tout \u00e9tait en pi\u00e8ce, m\u00eame le mur.<\/p>\n<p>C\u2019\u00e9tait peut \u00eatre ma seule chance de sortir d\u2019ici. Je pris mon flingue, et je vidai mon chargeur dans le coin le plus amoch\u00e9 du mur. Le trou \u00e9largi par les balles explosives \u00e9tait juste assez grand pour que je puisse passer. Bien, il ne me suivrait pas. Je sautai \u00e0 travers le trou.<\/p>\n<p>Derri\u00e8re le mur, il y avait un tunnel de maintenance reli\u00e9 aux \u00e9gouts. Les grattements que j\u2019avais entendus en descendant venaient de l\u00e0, je les avais compl\u00e8tement oubli\u00e9. Dommages. Le tunnel \u00e9tait occup\u00e9 par une dizaine de goules. Ces charognards aveugles avaient sentit le cadavre de Deep Blue \u00e0 des kilom\u00e8tres. Ils grattaient sans doute le mur depuis des heures, ou des jours, pour manger son cadavre.<\/p>\n<p>Et maintenant, ils m\u2019avaient moi. Avec mon bras en charpie qui puait le sang frais \u00e0 plein nez, et mon chargeur qui \u00e9tait vide. Cette fois ci, c\u2019est termin\u00e9. Je vais mourir.<\/p>\n<p>Mais tant que je bougerais, je me battrais pour rester en vie. Il est temps de voir si le Cougar Finelame coupe aussi bien que le pr\u00e9tends la publicit\u00e9\u2026<\/p>\n<hr class=\"separateur-fiction\" \/>\n<p>\u2013 Puma 6 au rapport. Le biomoniteur interne indique que les signes vitaux du Furet se sont arr\u00eat\u00e9s, les drones ne captent plus de coup de feu.<\/p>\n<p>\u2013 Bien re\u00e7u, Puma 6.<\/p>\n<p>Le commandant Hu Shun Lu v\u00e9rifia les vid\u00e9os des diff\u00e9rents drones espions l\u00e2ch\u00e9s dans la zone des D\u00e9solations de Puyallup. Puis il prit contact avec le tireur d\u2019\u00e9lite de l\u2019unit\u00e9.<\/p>\n<p>\u2013 Aspic, vous avez la porte de cette cave en visuel\u00a0?<\/p>\n<p>\u2013 Affirmatif, Aigle. Il y a une ombre qui remonte de l\u00e0-dessous.<\/p>\n<p>\u2013 Identifiez-le, Aspic.<\/p>\n<p>La vid\u00e9o parvint en temps r\u00e9el\u00a0: c\u2019\u00e9tait le hacker. Il avait bioscult\u00e9 son corps pour reproduire son ic\u00f4ne. Leurre ou original, on allait vite \u00eatre fix\u00e9.<\/p>\n<p>\u00ab\u00a0 Aspic, abattez-le.\u00a0\u00bb<\/p>\n<p>Le cerveau de Deep Blue fut transperc\u00e9 par la balle du sniper, entrant par le haut du cr\u00e2ne, et sortant par la m\u00e2choire. Id\u00e9al, la m\u00e9moire de ses implants c\u00e9r\u00e9braux serait conserv\u00e9e pour l\u2019analyse des techniciens. Bien.<\/p>\n<p>\u2013 Puma 1, prenez 5 hommes et allez voir ce qu\u2019il reste la dedans.<\/p>\n<p>\u2013 Affirmatif, Aigle.<\/p>\n<p>\u2013 \u2026<\/p>\n<p>\u2013 Il y a des goules dans tout le sous-sol, Aigle. Il y a un groupe qui a l\u2019air de manger quelqu\u2019un l\u00e0-bas.<\/p>\n<p>\u2013 Puma 1, nettoyez moi \u00e7a\u00a0!<\/p>\n<p>Apr\u00e8s quelques coups de feu, les goules s\u2019enfuirent en emportant ce qu\u2019elles purent. Sur la vid\u00e9o en temps r\u00e9el, Aigle vit les derni\u00e8res traces de Kevin Chase, le matricule 2356\u00a0: les restes \u00e0 moiti\u00e9 d\u00e9vor\u00e9s de son bras gauche, avec le code barre de la prison, et le traceur sous-cutan\u00e9 qui les avaient conduit jusqu\u2019ici.<\/p>\n<p>\u2013 Puma 1, pr\u00e9parez les charges explosives et remontez, la mission est termin\u00e9e.<\/p>\n<p>\u2013 Affirmatif, Aigle.<\/p>\n<hr class=\"separateur-fiction\" \/>\n<p>Le docteur Aberdeen jeta un regard par la fen\u00eatre de son bureau. Le soleil \u00e9tait soi-disant lev\u00e9, et il faisait noir comme dans le cul d\u2019un ork\u00a0! \u00c9videment, la vue aurait \u00e9t\u00e9 plus plaisante avec une Fausse-fen\u00eatreTM en mat\u00e9riau photo\u00e9lectrique. Il pourrait voir la plage, ou le Grand Canyon. Mais quand on exerce sans licence, dans les D\u00e9solations, on fait un trait sur le confort\u2026<\/p>\n<p>Encore une journ\u00e9e d\u2019hiver qui s\u2019annonce bien \u00e0 Seattle. Le volcan a crach\u00e9 de la fum\u00e9e toute la nuit, la m\u00e9t\u00e9o a pr\u00e9vu une alerte rouge au brouillard toxique toute la journ\u00e9e. Pour une fois qu\u2019il ne pleut pas\u00a0!<\/p>\n<p>Enfin, la nuit n\u2019avait pas \u00e9t\u00e9 si terrible\u00a0: les fr\u00e8res Thimbu \u00e0 recoudre, le remplacement annuel du steriplant de Cindy, trois gangers cribl\u00e9s de balles, et son dernier client. Il connecta les derniers contacts entre le cyberbras et l\u2019interface cybern\u00e9tiques de l\u2019\u00e9paule. Les muscles en myomar r\u00e9pondirent correctement. L\u2019op\u00e9ration \u00e9tait termin\u00e9e. Et le client \u00e9tait parti.<\/p>\n<p>Heureusement, ce n\u2019est pas tous les jours que doc Aberdeen voyait passer des amput\u00e9s, sinon il manquerait vite de cybermembres. Celui-l\u00e0 avait eu juste de quoi payer, m\u00eame si les prix baissaient de plus en plus\u2026<\/p>\n","protected":false},"excerpt":{"rendered":"<p>Je vais mourir, comment est ce que j\u2019ai bien pu en arriver l\u00e0\u00a0? Deep Blue et moi, on devait organiser un Gauntlet, c\u2019est-\u00e0-dire une op\u00e9ration de vente au march\u00e9 noir en trois \u00e9tapes\u00a0: acqu\u00e9rir un monopole sur une marchandise rare et d\u2019un prix moyen, faire grimper artificiellement la demande, vendre lorsque le prix cr\u00e8ve le [&hellip;]<\/p>\n","protected":false},"author":1,"featured_media":0,"parent":198,"menu_order":0,"comment_status":"closed","ping_status":"closed","template":"","meta":{"footnotes":""},"class_list":["post-619","page","type-page","status-publish","hentry"],"_links":{"self":[{"href":"http:\/\/www.franchouille.fr\/testsr\/wp-json\/wp\/v2\/pages\/619","targetHints":{"allow":["GET"]}}],"collection":[{"href":"http:\/\/www.franchouille.fr\/testsr\/wp-json\/wp\/v2\/pages"}],"about":[{"href":"http:\/\/www.franchouille.fr\/testsr\/wp-json\/wp\/v2\/types\/page"}],"author":[{"embeddable":true,"href":"http:\/\/www.franchouille.fr\/testsr\/wp-json\/wp\/v2\/users\/1"}],"replies":[{"embeddable":true,"href":"http:\/\/www.franchouille.fr\/testsr\/wp-json\/wp\/v2\/comments?post=619"}],"version-history":[{"count":0,"href":"http:\/\/www.franchouille.fr\/testsr\/wp-json\/wp\/v2\/pages\/619\/revisions"}],"up":[{"embeddable":true,"href":"http:\/\/www.franchouille.fr\/testsr\/wp-json\/wp\/v2\/pages\/198"}],"wp:attachment":[{"href":"http:\/\/www.franchouille.fr\/testsr\/wp-json\/wp\/v2\/media?parent=619"}],"curies":[{"name":"wp","href":"https:\/\/api.w.org\/{rel}","templated":true}]}}