{"id":615,"date":"2016-04-03T20:53:44","date_gmt":"2016-04-03T19:53:44","guid":{"rendered":"http:\/\/www.franchouille.fr\/shadowrun\/?page_id=615"},"modified":"2016-04-03T20:53:44","modified_gmt":"2016-04-03T19:53:44","slug":"monde-de-shadowrun","status":"publish","type":"page","link":"http:\/\/www.franchouille.fr\/testsr\/aides-de-jeu\/monde-de-shadowrun\/","title":{"rendered":"Monde de Shadowrun"},"content":{"rendered":"<h1><a href=\"http:\/\/www.franchouille.fr\/shadowrun\/aides-de-jeu\/monde-de-shadowrun\/dictionnaire-de-sperethiel\/\">Le Dictionnaire de Sperethie<\/a>l<\/h1>\n<p>par <strong>The Ancient Files<\/strong><\/p>\n<p>Une courte pr\u00e9sentation de la langue elfique, le Sperethiel, au travers de son histoire, de sa grammaire et d&rsquo;un dictionnaire succinct. Compil\u00e9 par un amateur des rapprochements entre Earthdawn et Shadowrun, il pr\u00e9sente des notions \u00e0 la fois communes au Quatri\u00e8me et au Sixi\u00e8me Monde.<\/p>\n<h1><a href=\"http:\/\/www.franchouille.fr\/shadowrun\/aides-de-jeu\/monde-de-shadowrun\/glossaire-nippon\/\">Glossaire nippon<\/a><\/h1>\n<p>par <strong>Bobba<\/strong>, et publi\u00e9 par <strong>David Lasry<\/strong><\/p>\n<p>Le manga demeure pour vous obscur ? Vous cherchez vous aussi \u00e0 donner une teinte l\u00e9g\u00e8rement japanisante \u00e0 vos corporatistes et autres Yakuzas ? \u00ab\u00a0ja ne, omae, tu es \u00e0 la bonne adresse&#8230;\u00a0\u00bb<\/p>\n<p>Un article collaboratif sur le vocabulaire japonais pour Shadowrun, pour joueurs et meneurs de jeu.<\/p>\n<h1><a href=\"http:\/\/www.franchouille.fr\/shadowrun\/aides-de-jeu\/monde-de-shadowrun\/les-guerres-du-desert\/\">Guerres du d\u00e9sert<\/a><\/h1>\n<p>par <strong>John Schmidt, Rob Boyle<\/strong> et publi\u00e9 sur <a href=\"http:\/\/shadowrun.fr\">shadowrun.fr<\/a> par <strong>J\u00e9r\u00e9mie Bouillon<\/strong><\/p>\n<p>Bon nombre de PNJ \u2013 et de PJ \u2013 ont des liens avec les fameuses \u00ab\u00a0Guerres du d\u00e9sert\u00a0\u00bb ( <em>Desert Wars<\/em> ), ou en sont des \u00ab\u00a0v\u00e9t\u00e9rans\u00a0\u00bb. Mais sans avoir d&rsquo;informations pr\u00e9cises sur ce quelles sont exactement. C&rsquo;est d\u00e9sormais corrig\u00e9, avec cette traduction fran\u00e7aise int\u00e9grale de la section du m\u00eame nom tir\u00e9e du suppl\u00e9ment <strong>Target: Wastelands<\/strong>.<\/p>\n<p>Humains et cycles de magie<\/p>\n<h1><a href=\"http:\/\/www.franchouille.fr\/shadowrun\/sr-inspi\/nouvelles\/humains_et_cycles_de_magie\/\">Humains et cycles de magie<\/a><\/h1>\n<p>par <strong>Jordan Weisman<\/strong>, traduit par <strong>Thomas Moreau<\/strong><\/p>\n<p>Discours donn\u00e9 par Ehran le Scribe lors du d\u00eener des <acronym title=\"Young Elven Technologists\">YET<\/acronym> en 2050 expliquant sa th\u00e9orie sur la variations du niveau de magie dans l&rsquo;histoire.<\/p>\n<h1><a href=\"http:\/\/www.franchouille.fr\/shadowrun\/aides-de-jeu\/monde-de-shadowrun\/infectes-the-infected\/\">Les infect\u00e9s<\/a><\/h1>\n<p>Traduction fran\u00e7aise partielle de l\u2019article <a href=\"http:\/\/ancientfiles.dumpshock.com\/HMHVV.htm\">The Infected<\/a>, par <strong>David Garnarat<\/strong><\/p>\n<p>Une description du Virus Vampirique Humain Meta-Humain et de ses variantes, ainsi que ses effets sur les diff\u00e9rents m\u00e9ta-types.<\/p>\n<p>Document orginal : <a href=\"http:\/\/ancientfiles.dumpshock.com\/HMHVV.htm\">The Infected<\/a><\/p>\n<h1><a href=\"http:\/\/www.franchouille.fr\/shadowrun\/monde-carceral-2070\/\">Le monde carc\u00e9ral dans les ann\u00e9es 2070<\/a><\/h1>\n<p>par <strong>Julien Le Marinier<\/strong> <strong>Deus<\/strong><\/p>\n<p>\u00c0 quoi ressemble une prison en 2070\u00a0? Comment incarc\u00e9rer un mage ou un technomancien\u00a0? En quoi les nouvelles technologies ont-elles modifi\u00e9 la donne\u00a0? Autant de questions qui reviennent souvent dans les fils de discussion ici et ailleurs. Je ne pr\u00e9tends pas d\u00e9tenir la v\u00e9rit\u00e9 ultime sur le sujet, mais je me suis pench\u00e9 sur le sujet afin d\u2019en faire un r\u00e9sum\u00e9 aussi respectueux du canon que possible. J\u2019ai probablement oubli\u00e9 des choses ou mal interpr\u00e9t\u00e9 quelques \u00e9l\u00e9ments. N\u2019h\u00e9sitez donc pas \u00e0 commenter ce texte pour l\u2019am\u00e9liorer et l\u2019enrichir\u00a0! Et merci \u00e0 tous ceux qui, d\u2019une fa\u00e7on ou d\u2019une autre, ont particip\u00e9 \u00e0 ce travail.<\/p>\n<h1><a href=\"http:\/\/www.franchouille.fr\/shadowrun\/aides-de-jeu\/monde-de-shadowrun\/particularites-pour-pnj\/\">Particularit\u00e9s pour PNJ<\/a><\/h1>\n<p>Par <strong>J\u00e9r\u00e9mie Bouillon<\/strong><\/p>\n<p>Vos PNJ sont toujours les m\u00eames ? Voi\u00e7i une liste de tout un tas de particularit\u00e9s, tics et habitudes pour rehausser un peu tout \u00e7a. Vos joueurs n&rsquo;oublieront plus jamais ces personnages qu&rsquo;ils soient de simples arch\u00e9types, des contacts, ou de simples personnages non-joueur !<\/p>\n<h1><a href=\"http:\/\/www.franchouille.fr\/shadowrun\/aides-de-jeu\/monde-de-shadowrun\/le-renard-et-les-chiens\/\">Le Renard et les chiens<\/a><\/h1>\n<p>par <strong>C. Paul \u00ab\u00a0Granite\u00a0\u00bb Douglas,<\/strong> traduit par <strong>Julien Le Marinier<\/strong><\/p>\n<p>Sans arrangeur, un runner n&rsquo;est grand chose&#8230; Mais mieux vaut bien conna\u00eetre celui qui vous envoie au feu si vous ne voulez pas en revenir entre quatre planches ! Cet article l\u00e8ve le voile sur le m\u00e9tier peu connu d&rsquo;arrangeur.<\/p>\n<h1><a href=\"http:\/\/www.franchouille.fr\/shadowrun\/aides-de-jeu\/monde-de-shadowrun\/jetez-vos-sins\/\">SIN &#8211; Jetez vos sins !<\/a><\/h1>\n<p>Qu&rsquo;est-ce qu&rsquo;un SIN ? Quelles informations constituent un SIN ? Quelle est la diff\u00e9rence entre un SIN et un cr\u00e9ditube ? Comment obtenir une identit\u00e9 falsifi\u00e9e ? Autant d&rsquo;informations que tout bon runner devrait conna\u00eetre avant de sortir de sa planque.<\/p>\n","protected":false},"excerpt":{"rendered":"<p>Le Dictionnaire de Sperethiel par The Ancient Files Une courte pr\u00e9sentation de la langue elfique, le Sperethiel, au travers de son histoire, de sa grammaire et d&rsquo;un dictionnaire succinct. Compil\u00e9 par un amateur des rapprochements entre Earthdawn et Shadowrun, il pr\u00e9sente des notions \u00e0 la fois communes au Quatri\u00e8me et au Sixi\u00e8me Monde. Glossaire nippon [&hellip;]<\/p>\n","protected":false},"author":1,"featured_media":0,"parent":284,"menu_order":0,"comment_status":"closed","ping_status":"closed","template":"","meta":{"footnotes":""},"class_list":["post-615","page","type-page","status-publish","hentry"],"_links":{"self":[{"href":"http:\/\/www.franchouille.fr\/testsr\/wp-json\/wp\/v2\/pages\/615","targetHints":{"allow":["GET"]}}],"collection":[{"href":"http:\/\/www.franchouille.fr\/testsr\/wp-json\/wp\/v2\/pages"}],"about":[{"href":"http:\/\/www.franchouille.fr\/testsr\/wp-json\/wp\/v2\/types\/page"}],"author":[{"embeddable":true,"href":"http:\/\/www.franchouille.fr\/testsr\/wp-json\/wp\/v2\/users\/1"}],"replies":[{"embeddable":true,"href":"http:\/\/www.franchouille.fr\/testsr\/wp-json\/wp\/v2\/comments?post=615"}],"version-history":[{"count":0,"href":"http:\/\/www.franchouille.fr\/testsr\/wp-json\/wp\/v2\/pages\/615\/revisions"}],"up":[{"embeddable":true,"href":"http:\/\/www.franchouille.fr\/testsr\/wp-json\/wp\/v2\/pages\/284"}],"wp:attachment":[{"href":"http:\/\/www.franchouille.fr\/testsr\/wp-json\/wp\/v2\/media?parent=615"}],"curies":[{"name":"wp","href":"https:\/\/api.w.org\/{rel}","templated":true}]}}