{"id":601,"date":"2016-04-03T17:46:31","date_gmt":"2016-04-03T16:46:31","guid":{"rendered":"http:\/\/www.franchouille.fr\/shadowrun\/?page_id=601"},"modified":"2016-04-03T17:46:31","modified_gmt":"2016-04-03T16:46:31","slug":"regles-du-jeu","status":"publish","type":"page","link":"http:\/\/www.franchouille.fr\/testsr\/aides-de-jeu\/regles-du-jeu\/","title":{"rendered":"R\u00e8gles du jeu"},"content":{"rendered":"<h2><a href=\"http:\/\/www.franchouille.fr\/shadowrun\/aides-de-jeu\/regles-du-jeu\/694-2\/\">\u00c9cran &#8211; Visuel d&rsquo;\u00e9cran Wellington<\/a><\/h2>\n<p>par <strong>J\u00e9r\u00e9mie Bouillon<\/strong><\/p>\n<p>Un visuel sobre et type \u00ab\u00a0r\u00e9aliste\u00a0\u00bb pour \u00e9cran personnalis\u00e9 de MJ.<\/p>\n<h2><a href=\"http:\/\/www.franchouille.fr\/shadowrun\/aides-de-jeu\/regles-du-jeu\/table-distances-de-deplacement\/\">Table des distances de d\u00e9placement<\/a><\/h2>\n<p>par <strong>Pierre Avignon<\/strong><\/p>\n<p>R\u00e9capitulatif sous forme de tableau des distances que peuvent parcourir PJ et PNJ au cours d&rsquo;une passe d&rsquo;initiative.<\/p>\n<h2><a href=\"http:\/\/www.franchouille.fr\/shadowrun\/aides-de-jeu\/regles-du-jeu\/tables-de-probabilites-sr4\/\">Tables de probabilit\u00e9s pour SR4<\/a><\/h2>\n<p>par <strong>Elo\u00efc Thivant<\/strong><\/p>\n<p>Table r\u00e9sumant les probabilit\u00e9s de faire un nombre de succ\u00e8s donn\u00e9 \u00e0 Shadowrun 4 pour un lancer de n d\u00e9s, en HTML ou PDF<\/p>\n<h1>Shadowrun 3<\/h1>\n<h2><a href=\"http:\/\/www.franchouille.fr\/shadowrun\/aides-de-jeu\/regles-du-jeu\/shadowrun-3-guide-rapide-dinitiation-francais\/\"><img loading=\"lazy\" decoding=\"async\" class=\"alignleft\" title=\"Introduction au Guide d'initiation rapide \u00a9FanPro et Thomas Moreaux pour la version fran\u00e7aise\" src=\"http:\/\/shadowrun.fr\/images\/70.jpg\" alt=\"Introduction au Guide d'initiation rapide \u00a9FanPro et Thomas Moreaux pour la version fran\u00e7aise\" width=\"150\" height=\"207\" \/>Shadowrun 3 : guide rapide d&rsquo;initiation en fran\u00e7ais<\/a><\/h2>\n","protected":false},"excerpt":{"rendered":"<p>\u00c9cran &#8211; Visuel d&rsquo;\u00e9cran Wellington par J\u00e9r\u00e9mie Bouillon Un visuel sobre et type \u00ab\u00a0r\u00e9aliste\u00a0\u00bb pour \u00e9cran personnalis\u00e9 de MJ. Table des distances de d\u00e9placement par Pierre Avignon R\u00e9capitulatif sous forme de tableau des distances que peuvent parcourir PJ et PNJ au cours d&rsquo;une passe d&rsquo;initiative. Tables de probabilit\u00e9s pour SR4 par Elo\u00efc Thivant Table r\u00e9sumant [&hellip;]<\/p>\n","protected":false},"author":1,"featured_media":0,"parent":284,"menu_order":0,"comment_status":"closed","ping_status":"closed","template":"","meta":{"footnotes":""},"class_list":["post-601","page","type-page","status-publish","hentry"],"_links":{"self":[{"href":"http:\/\/www.franchouille.fr\/testsr\/wp-json\/wp\/v2\/pages\/601","targetHints":{"allow":["GET"]}}],"collection":[{"href":"http:\/\/www.franchouille.fr\/testsr\/wp-json\/wp\/v2\/pages"}],"about":[{"href":"http:\/\/www.franchouille.fr\/testsr\/wp-json\/wp\/v2\/types\/page"}],"author":[{"embeddable":true,"href":"http:\/\/www.franchouille.fr\/testsr\/wp-json\/wp\/v2\/users\/1"}],"replies":[{"embeddable":true,"href":"http:\/\/www.franchouille.fr\/testsr\/wp-json\/wp\/v2\/comments?post=601"}],"version-history":[{"count":0,"href":"http:\/\/www.franchouille.fr\/testsr\/wp-json\/wp\/v2\/pages\/601\/revisions"}],"up":[{"embeddable":true,"href":"http:\/\/www.franchouille.fr\/testsr\/wp-json\/wp\/v2\/pages\/284"}],"wp:attachment":[{"href":"http:\/\/www.franchouille.fr\/testsr\/wp-json\/wp\/v2\/media?parent=601"}],"curies":[{"name":"wp","href":"https:\/\/api.w.org\/{rel}","templated":true}]}}