{"id":589,"date":"2007-02-16T17:07:52","date_gmt":"2007-02-16T16:07:52","guid":{"rendered":"http:\/\/www.franchouille.fr\/shadowrun\/?page_id=589"},"modified":"2007-02-16T17:07:52","modified_gmt":"2007-02-16T16:07:52","slug":"run-after-run","status":"publish","type":"page","link":"http:\/\/www.franchouille.fr\/testsr\/sr-inspi\/nouvelles\/run-after-run\/","title":{"rendered":"Run after run"},"content":{"rendered":"<p>\u00ab\u00a0Quelqu\u2019un a command\u00e9 des pizzas ?\u00a0\u00bb<\/p>\n<p>Cookie \u00e9tait assise sur les genoux de Takros. Une fen\u00eatre de r\u00e9alit\u00e9 augment\u00e9e s\u00e9parait la \u00ab\u00a0face\u00a0\u00bb elfe de son compagnon ork visiblement contrari\u00e9 d\u2019avoir \u00e9t\u00e9 interrompu en pleine \u00ab\u00a0n\u00e9gociation\u00a0\u00bb. Le petit appartement de Takros \u00e9tait sobre mais confortable. La musique n\u00e9o-m\u00e9tal allemande faisait vibrer sa cage thoracique autant que les caissons de basse et couvrait presque enti\u00e8rement le son de sa voix. Mais les voisins ne s\u2019\u00e9taient jamais plains gr\u00e2ce \u00e0 l\u2019isolation \u00ab\u00a0maison\u00a0\u00bb \u00e9labor\u00e9e par Takros\u2026 \u00e0 l\u2019aide d\u2019esprits de l\u2019air.<\/p>\n<p>\u00ab\u00a0Volker ?\u00a0\u00bb<\/p>\n<p>L\u2019elfe \u00e9crasa sa paume sur le visage entreprenant de Takros et se retourna vers leur derni\u00e8re recrue. Bien que la coop\u00e9ration fut difficile au d\u00e9but, Cookie ne mit pas longtemps \u00e0 appr\u00e9cier le professionnalisme et la rigueur toute germanique de leur expert en armement europ\u00e9en. Bien qu\u2019il soit oppos\u00e9 \u00e0 toute modification cybern\u00e9tique et tout implant bioware, Volker n\u2019avait pas son pareil pour vous loger une balle entre les deux yeux, quelque soit la situation. Simple et efficace, comme il disait. Pr\u00e9sentement occup\u00e9 \u00e0 nettoyer le canon de son Ares Pr\u00e9dator IV finement cisel\u00e9, la question lui arracha un regard interrogateur et une r\u00e9ponse n\u00e9gative.<\/p>\n<p>\u2013 Laisse moi v\u00e9rifier, lui dit Takros en se d\u00e9gageant de la petite poigne de l\u2019elfe. Il marmonna quelque chose et sentit la pr\u00e9sence fantomatique des deux esprits veilleurs attach\u00e9s \u00e0 ce lieu r\u00e9pondre \u00e0 son appel.<\/p>\n<p>\u2013 Plut\u00f4t bien \u00e9quip\u00e9s pour des livreurs de pizzas. Vous en avez command\u00e9 combien ? douze ? Parce que \u00e7a se bouscule en bas.<\/p>\n<p>Cookie se leva d\u2019un bond et attrapa son com link sur la table. La fen\u00eatre de r\u00e9alit\u00e9 augment\u00e9e mise en attente se ferma d\u2019elle m\u00eame.<\/p>\n<p>\u2013 Putain on est grill\u00e9 ! Qu\u2019est ce qui a merd\u00e9 ? Qu\u2019est ce qui a merd\u00e9 bon sang !<\/p>\n<p>\u2013 On verra \u00e7a plus tard ! Volker ! Remonte tes joujous, c\u2019est plus l\u2019heure du m\u00e9nage.<\/p>\n<p>Volker \u00e9tait d\u00e9j\u00e0 \u00e0 la fen\u00eatre. Son Ares pr\u00e9dator IV \u00e0 sa ceinture et son AK-97 en main.<\/p>\n<p>\u2013 Je vois rien dehors, rien d\u2019apparent en tout cas.<\/p>\n<p>Takros esquissa un petit sourire. Volker avait vraiment un accent de merde, m\u00eame pour un ork du Texas.<\/p>\n<p>\u2013 Ils sont six. D\u2019autres runners probablement. Il y en a un en train de s\u2019installer dans l\u2019immeuble en face et un au coin de la rue. Les autres sont encore en bas. Il y a deux trolls parmi eux.<\/p>\n<p>\u2013 Qu\u2019est ce qu\u2019on fait ? j\u2019arrive pas \u00e0 me servir de mon com link, encore un de ces putain de technomancien ! Faut vraiment qu\u2019on pense \u00e0 recruter un de ces types. En attendant il va falloir qu\u2019on leur botte le cul pour d\u00e9bloquer le r\u00e9seau.<\/p>\n<p>Takros s\u2019avan\u00e7a vers Cookie et pris sa t\u00eate entre ses grosses mains.<\/p>\n<p>\u2013 Toi ma ch\u00e9rie tu bottes le cul de personne et tu t\u2019en vas, compris ? Tache de trouver qui nous a balanc\u00e9. N\u2019essaye pas de nous re contacter, nos communications ne sont plus s\u00fbres. C\u2019est moi qui te retrouverai.<\/p>\n<p>\u2013 A\u00efe !<\/p>\n<p>Takros retira sa main avec un cheveu violet entre les doigts. Il l\u2019enroula d\u00e9licatement et le glissa dans une petite bourse en cuir pendue \u00e0 sa ceinture.<\/p>\n<p>Cookie se glissa hors de l\u2019\u00e9treinte de l\u2019ork, se posta pr\u00e8s de la porte d\u2019entr\u00e9e et d\u00e9gaina son Fichetti Security 600.<\/p>\n<p>\u2013 Dans tes r\u00eaves mon gros ! tu me mettras pas sur la touche aussi facilement. J\u2019ai pas besoin qu\u2019on s\u2019occupe de moi et puis je te rappelle que j\u2019ai sept fois ton \u00e2ge ! Je pourrais \u00eatre ton arri\u00e8re arri\u00e8re arri\u00e8re arri\u00e8re grand m\u00e8re bordel !<\/p>\n<p>Volker haussa un sourcil.<\/p>\n<p>\u2013 Elles sont toutes comme \u00e7a ? Ou c\u2019est juste la profession ?<\/p>\n<p>\u2013 Non c\u2019est juste Cookie.<\/p>\n<p>Takros esquissa un petit sourire et ouvrit son esprit au monde astral. Les lieux lui \u00e9taient familiers car ici se trouvait sa loge chamanique. Il ne savait pas qui \u00e9taient ces types et combien on les payait pour cette run mais il fallait \u00eatre soit compl\u00e8tement cingl\u00e9 soit compl\u00e8tement fou pour acculer un chaman Loup dans sa tani\u00e8re. Takros allait leur en donner pour leur argent. Il ferma les yeux et se mit \u00e0 psalmodier doucement. La force de son Totem affluait en lui, lui imposant ses odeurs, ses images, ses sensations, tel un chant lancinant \u00e0 l\u2019intensit\u00e9 croissante. Certains des anneaux et des piercings qu\u2019il portait sur lui se mirent \u00e0 chauffer doucement, r\u00e9v\u00e9lant par la m\u00eame leur nature li\u00e9e au monde astral. Lorsqu\u2019il ouvrit les yeux il croisa le regard de Cookie et sentit sa surprise : ses pupilles, ses babines retrouss\u00e9es. Cookie savait, elle avait d\u00e9j\u00e0 vu le masque. Mais Cookie ne l\u2019avait jamais vu comme aujourd\u2019hui.<\/p>\n<p>\u00ab\u00a0Achtung !\u00a0\u00bb<\/p>\n<p>Takros entendit la grenade fumig\u00e8ne casser la vitre et rebondir sur le plancher bien avant le cri d\u2019alerte de Volker. Celui-ci avait d\u00e9j\u00e0 plac\u00e9 son filtre \u00e0 gaz sur son visage, le faisant ressembler \u00e0 un ancien Shocktruppen de s\u00e9rie B europ\u00e9enne. Cookie quand a elle commen\u00e7ait juste \u00e0 \u00e9carquiller les yeux. Les six esprits se mat\u00e9rialis\u00e8rent simultan\u00e9ment \u00e0 la demande de leur invocateur. Takros les remercia de leur diligence et leur demanda leur soutien afin de d\u00e9fendre son territoire et sa meute ce \u00e0 quoi ils acc\u00e9d\u00e8rent. Deux d\u2019entre eux \u00e9taient deux immenses loups noirs \u00e0 deux t\u00eates, d\u2019au moins un m\u00e8tre au garrot. Ils se d\u00e9tourn\u00e8rent de Takros et s\u2019\u00e9lanc\u00e8rent vers la porte. Traversant le mur de part et d\u2019autre de la femme elfe, Takros les devina s\u2019engouffrer dans l\u2019escalier. Cookie se sentit soulev\u00e9e du sol et projet\u00e9e par la fen\u00eatre qu\u2019elle fracassa en hurlant, illuminant la nuit d\u2019une myriade d\u2019\u00e9clats argent\u00e9s. L\u2019air \u00e9tait chaud autour d\u2019elle et ce n\u2019est qu\u2019au bout de plusieurs secondes qu\u2019elle prit conscience qu\u2019elle ne tombait pas. Elle traversait le ciel en ligne droite vers une destination que seule Takros et l\u2019esprit de l\u2019air qui l\u2019entourait connaissait. Elle mit trente secondes de plus \u00e0 arr\u00eater de le maudire, bien malgr\u00e9 elle.<\/p>\n<p>Takros d\u00e9crocha une grosse hache d\u2019arme du mur. Volker arma son AK-97. Deux \u00e9normes blocs de marbre et de granit s\u2019anim\u00e8rent et vinrent se placer \u00e0 leur cot\u00e9. Le dernier esprit disparut de leur vue. Takros jette un dernier coup d\u2019\u0153il \u00e0 son appartement et s\u2019avan\u00e7a \u00e0 son tour vers la porte qu\u2019il enfon\u00e7a d\u2019un coup de pied. Pour un Chaman le pass\u00e9, le pr\u00e9sent et le futur sont aussi changeants que les flux magiques qui saturent notre monde. Pour un Chaman loup, le futur est toujours tr\u00e8s simple et le pr\u00e9sent une attente interminable qui le s\u00e9pare de son prochain combat.<\/p>\n<p>\u00ab\u00a0Ok Volker. Allons faire p\u00e9ter la caution de ce putain d\u2019appartement.\u00a0\u00bb<\/p>\n","protected":false},"excerpt":{"rendered":"<p>\u00ab\u00a0Quelqu\u2019un a command\u00e9 des pizzas ?\u00a0\u00bb Cookie \u00e9tait assise sur les genoux de Takros. Une fen\u00eatre de r\u00e9alit\u00e9 augment\u00e9e s\u00e9parait la \u00ab\u00a0face\u00a0\u00bb elfe de son compagnon ork visiblement contrari\u00e9 d\u2019avoir \u00e9t\u00e9 interrompu en pleine \u00ab\u00a0n\u00e9gociation\u00a0\u00bb. Le petit appartement de Takros \u00e9tait sobre mais confortable. La musique n\u00e9o-m\u00e9tal allemande faisait vibrer sa cage thoracique autant que [&hellip;]<\/p>\n","protected":false},"author":1,"featured_media":0,"parent":198,"menu_order":0,"comment_status":"closed","ping_status":"closed","template":"","meta":{"footnotes":""},"class_list":["post-589","page","type-page","status-publish","hentry"],"_links":{"self":[{"href":"http:\/\/www.franchouille.fr\/testsr\/wp-json\/wp\/v2\/pages\/589","targetHints":{"allow":["GET"]}}],"collection":[{"href":"http:\/\/www.franchouille.fr\/testsr\/wp-json\/wp\/v2\/pages"}],"about":[{"href":"http:\/\/www.franchouille.fr\/testsr\/wp-json\/wp\/v2\/types\/page"}],"author":[{"embeddable":true,"href":"http:\/\/www.franchouille.fr\/testsr\/wp-json\/wp\/v2\/users\/1"}],"replies":[{"embeddable":true,"href":"http:\/\/www.franchouille.fr\/testsr\/wp-json\/wp\/v2\/comments?post=589"}],"version-history":[{"count":0,"href":"http:\/\/www.franchouille.fr\/testsr\/wp-json\/wp\/v2\/pages\/589\/revisions"}],"up":[{"embeddable":true,"href":"http:\/\/www.franchouille.fr\/testsr\/wp-json\/wp\/v2\/pages\/198"}],"wp:attachment":[{"href":"http:\/\/www.franchouille.fr\/testsr\/wp-json\/wp\/v2\/media?parent=589"}],"curies":[{"name":"wp","href":"https:\/\/api.w.org\/{rel}","templated":true}]}}