{"id":518,"date":"2007-07-03T22:15:28","date_gmt":"2007-07-03T21:15:28","guid":{"rendered":"http:\/\/www.franchouille.fr\/shadowrun\/?page_id=518"},"modified":"2007-07-03T22:15:28","modified_gmt":"2007-07-03T21:15:28","slug":"sr4-sprites-recapitulatif-caracteristiques","status":"publish","type":"page","link":"http:\/\/www.franchouille.fr\/testsr\/aides-de-jeu\/matrice\/sr4-sprites-recapitulatif-caracteristiques\/","title":{"rendered":"SR4 &#8211; Sprites : r\u00e9capitulatif et caract\u00e9ristiques"},"content":{"rendered":"<p style=\"text-align: left\">Voici, sur le mod\u00e9le du tableau des caract\u00e9ristiques des esprits fait par <strong>Archaos<\/strong>, un petit tableau qui r\u00e9capitule les principales informations concernant les sprites de la Matrice.<\/p>\n<p style=\"text-align: center\"><a href=\"http:\/\/www.franchouille.fr\/testsr\/files\/2016\/03\/Sprite.pdf\" rel=\"\">Sprite<\/a><\/p>\n<p style=\"text-align: left\">J&rsquo;ai pris en compte les modifications des <a href=\"http:\/\/www.franchouille.fr\/testsr\/files\/2010\/09\/SR4A-Errata.pdf\" rel=\"\">errata 4.1<\/a>. Et je le tiendrais \u00e0 jour en fonction des futures errata. Aussi n&rsquo;h\u00e9sitez pas \u00e0 me signaler toutes erreurs que j&rsquo;aurai pu commettre. Merci.<\/p>\n","protected":false},"excerpt":{"rendered":"<p>Voici, sur le mod\u00e9le du tableau des caract\u00e9ristiques des esprits fait par Archaos, un petit tableau qui r\u00e9capitule les principales informations concernant les sprites de la Matrice. Sprite J&rsquo;ai pris en compte les modifications des errata 4.1. Et je le tiendrais \u00e0 jour en fonction des futures errata. Aussi n&rsquo;h\u00e9sitez pas \u00e0 me signaler toutes [&hellip;]<\/p>\n","protected":false},"author":1,"featured_media":0,"parent":331,"menu_order":0,"comment_status":"closed","ping_status":"closed","template":"","meta":{"footnotes":""},"class_list":["post-518","page","type-page","status-publish","hentry"],"_links":{"self":[{"href":"http:\/\/www.franchouille.fr\/testsr\/wp-json\/wp\/v2\/pages\/518","targetHints":{"allow":["GET"]}}],"collection":[{"href":"http:\/\/www.franchouille.fr\/testsr\/wp-json\/wp\/v2\/pages"}],"about":[{"href":"http:\/\/www.franchouille.fr\/testsr\/wp-json\/wp\/v2\/types\/page"}],"author":[{"embeddable":true,"href":"http:\/\/www.franchouille.fr\/testsr\/wp-json\/wp\/v2\/users\/1"}],"replies":[{"embeddable":true,"href":"http:\/\/www.franchouille.fr\/testsr\/wp-json\/wp\/v2\/comments?post=518"}],"version-history":[{"count":0,"href":"http:\/\/www.franchouille.fr\/testsr\/wp-json\/wp\/v2\/pages\/518\/revisions"}],"up":[{"embeddable":true,"href":"http:\/\/www.franchouille.fr\/testsr\/wp-json\/wp\/v2\/pages\/331"}],"wp:attachment":[{"href":"http:\/\/www.franchouille.fr\/testsr\/wp-json\/wp\/v2\/media?parent=518"}],"curies":[{"name":"wp","href":"https:\/\/api.w.org\/{rel}","templated":true}]}}