{"id":425,"date":"2016-03-22T23:31:30","date_gmt":"2016-03-22T22:31:30","guid":{"rendered":"http:\/\/www.franchouille.fr\/shadowrun\/?page_id=425"},"modified":"2016-03-22T23:31:30","modified_gmt":"2016-03-22T22:31:30","slug":"fiches-de-personnage","status":"publish","type":"page","link":"http:\/\/www.franchouille.fr\/testsr\/aides-de-jeu\/fiches-de-personnage\/","title":{"rendered":"Fiches de personnage"},"content":{"rendered":"<h1>Shadowrun 4<\/h1>\n<h2><a href=\"http:\/\/www.franchouille.fr\/shadowrun\/aides-de-jeu\/fiches-de-personnage\/archetypes-livre-de-base-sr4-prets-a-imprimer\/\">SR 4 &#8211; Arch\u00e9types du livre de base SR4 pr\u00eats \u00e0 imprimer<\/a><\/h2>\n<p>Par <strong>Morph\u00e9e, the Joker<\/strong><\/p>\n<h2><a href=\"http:\/\/www.franchouille.fr\/shadowrun\/aides-de-jeu\/fiches-de-personnage\/sr4-archetypes-jouables-pret-a-imprimer\/\">SR4 arch\u00e9types jouables pr\u00eat \u00e0 imprimer<\/a><\/h2>\n<p class=\"articleInfos\">par <strong>Ghislain Bonotte<\/strong>.<\/p>\n<p class=\"articleInfos\">Article mis \u00e0 disposition sous licence <em>Copyright FanPro et Black Book \u00c9ditions<\/em>.<\/p>\n<p class=\"articleInfos\">L&rsquo;article est d\u00e9clar\u00e9 comme <em>officiel et canon<\/em>, cela veut dire qu&rsquo;il a \u00e9t\u00e9 \u00e9crit, valid\u00e9 et g\u00e9n\u00e9ralement publi\u00e9 par un auteur et l&rsquo;\u00e9diteur officiel de Shadowrun. Attention toutefois, si il est traduit, la <em>traduction<\/em> en elle-m\u00eame n&rsquo;est pas forc\u00e9ment officielle.<\/p>\n<h2><a href=\"http:\/\/www.franchouille.fr\/shadowrun\/aides-de-jeu\/fiches-de-personnage\/dossier-de-personnage-ismo-sr4\/\">Dossier de personnage SR4<\/a><\/h2>\n<p>Par <strong>Ismo<\/strong><\/p>\n<p>&nbsp;<\/p>\n<h1>Shadowrun 3<\/h1>\n<h2><a href=\"http:\/\/www.franchouille.fr\/shadowrun\/aides-de-jeu\/fiches-de-personnage\/fiche-de-personnages-sr3-wordman\/\">Fiches de personnages par Wordman<\/a><\/h2>\n<p>Miroir fran\u00e7ais de la fiche de personnage SR3 par Wordman, en anglais, au format Adobe Acrobat PDF.<\/p>\n","protected":false},"excerpt":{"rendered":"<p>Shadowrun 4 SR 4 &#8211; Arch\u00e9types du livre de base SR4 pr\u00eats \u00e0 imprimer Par Morph\u00e9e, the Joker SR4 arch\u00e9types jouables pr\u00eat \u00e0 imprimer par Ghislain Bonotte. Article mis \u00e0 disposition sous licence Copyright FanPro et Black Book \u00c9ditions. L&rsquo;article est d\u00e9clar\u00e9 comme officiel et canon, cela veut dire qu&rsquo;il a \u00e9t\u00e9 \u00e9crit, valid\u00e9 et [&hellip;]<\/p>\n","protected":false},"author":1,"featured_media":0,"parent":284,"menu_order":0,"comment_status":"closed","ping_status":"closed","template":"","meta":{"footnotes":""},"class_list":["post-425","page","type-page","status-publish","hentry"],"_links":{"self":[{"href":"http:\/\/www.franchouille.fr\/testsr\/wp-json\/wp\/v2\/pages\/425","targetHints":{"allow":["GET"]}}],"collection":[{"href":"http:\/\/www.franchouille.fr\/testsr\/wp-json\/wp\/v2\/pages"}],"about":[{"href":"http:\/\/www.franchouille.fr\/testsr\/wp-json\/wp\/v2\/types\/page"}],"author":[{"embeddable":true,"href":"http:\/\/www.franchouille.fr\/testsr\/wp-json\/wp\/v2\/users\/1"}],"replies":[{"embeddable":true,"href":"http:\/\/www.franchouille.fr\/testsr\/wp-json\/wp\/v2\/comments?post=425"}],"version-history":[{"count":0,"href":"http:\/\/www.franchouille.fr\/testsr\/wp-json\/wp\/v2\/pages\/425\/revisions"}],"up":[{"embeddable":true,"href":"http:\/\/www.franchouille.fr\/testsr\/wp-json\/wp\/v2\/pages\/284"}],"wp:attachment":[{"href":"http:\/\/www.franchouille.fr\/testsr\/wp-json\/wp\/v2\/media?parent=425"}],"curies":[{"name":"wp","href":"https:\/\/api.w.org\/{rel}","templated":true}]}}