{"id":387,"date":"2008-06-25T22:43:05","date_gmt":"2008-06-25T21:43:05","guid":{"rendered":"http:\/\/www.franchouille.fr\/shadowrun\/?page_id=387"},"modified":"2008-06-25T22:43:05","modified_gmt":"2008-06-25T21:43:05","slug":"archetypes-livre-de-base-sr4-prets-a-imprimer","status":"publish","type":"page","link":"http:\/\/www.franchouille.fr\/testsr\/aides-de-jeu\/fiches-de-personnage\/archetypes-livre-de-base-sr4-prets-a-imprimer\/","title":{"rendered":"Arch\u00e9types du livre de base SR4 pr\u00eats \u00e0 imprimer"},"content":{"rendered":"<p>Pour initier de nouveaux joueurs, il vaut mieux avoir des<strong> persos pr\u00e9-tir\u00e9s<\/strong> sous la main, histoire de ne pas se prendre la t\u00eate avec la cr\u00e9ation (et ne pas faire peur \u00e0 un nouveau joueur).<\/p>\n<p>Pour \u00e7a, les <strong>arch\u00e9types du livre de base<\/strong> de <em>Shadowrun<\/em> sont parfaits. Mais il reste quand m\u00eame \u00e0 les recopier sur une fiche de perso, ce qui peut s&rsquo;av\u00e9rer long et fastidieux.<\/p>\n<p>Voici donc sous format PDF des <strong>fiches de persos pr\u00e9-remplies<\/strong> pr\u00e9sentant ces arch\u00e9types. Il n&rsquo;y a plus qu&rsquo;\u00e0 imprimer&#8230;<\/p>\n<p>Vous trouverez aussi, \u00e0 la fin de l&rsquo;article, une compilation des arch\u00e9types pour vous faciliter la vie&#8230;<\/p>\n<p>Pour en savoir plus, n&rsquo;h\u00e9sitez pas \u00e0 jeter un \u0153il sur le site de <a href=\"http:\/\/sentiersdemagamance.fr\/\"><em>les Sentiers de Magamance<\/em><\/a>.<\/p>\n<h1>T\u00e9l\u00e9charger les fiches<\/h1>\n<figure id=\"attachment_388\" aria-describedby=\"caption-attachment-388\" style=\"width: 120px\" class=\"wp-caption aligncenter\"><a href=\"http:\/\/www.franchouille.fr\/testsr\/files\/2008\/06\/Arch\u00e9type-Adepte-Pistolero.pdf\" rel=\"attachment wp-att-388\"><img loading=\"lazy\" decoding=\"async\" class=\"wp-image-388 size-full\" src=\"http:\/\/www.franchouille.fr\/testsr\/files\/2016\/03\/Adepte-pistolero-icone.jpg\" alt=\"Adepte pistolero - icone\" width=\"120\" height=\"120\" \/><\/a><figcaption id=\"caption-attachment-388\" class=\"wp-caption-text\">Adepte pistolero<\/figcaption><\/figure>\n<figure id=\"attachment_389\" aria-describedby=\"caption-attachment-389\" style=\"width: 120px\" class=\"wp-caption aligncenter\"><a href=\"http:\/\/www.franchouille.fr\/testsr\/files\/2008\/06\/Arch\u00e9type-Brute.pdf\" rel=\"attachment wp-att-389\"><img loading=\"lazy\" decoding=\"async\" class=\"wp-image-389 size-full\" src=\"http:\/\/www.franchouille.fr\/testsr\/files\/2016\/03\/Brute-Icone.jpg\" alt=\"Brute - Icone\" width=\"120\" height=\"120\" \/><\/a><figcaption id=\"caption-attachment-389\" class=\"wp-caption-text\">Brute<\/figcaption><\/figure>\n<figure id=\"attachment_390\" aria-describedby=\"caption-attachment-390\" style=\"width: 120px\" class=\"wp-caption aligncenter\"><a href=\"http:\/\/www.franchouille.fr\/testsr\/files\/2008\/06\/Arch\u00e9type-Chamane-urbaine-troll.pdf\" rel=\"attachment wp-att-390\"><img loading=\"lazy\" decoding=\"async\" class=\"wp-image-390 size-full\" src=\"http:\/\/www.franchouille.fr\/testsr\/files\/2016\/03\/Chamane-des-rues-troll-Icone.jpg\" alt=\"Chamane des rues troll - Icone\" width=\"120\" height=\"120\" \/><\/a><figcaption id=\"caption-attachment-390\" class=\"wp-caption-text\">Chamane des rues troll<\/figcaption><\/figure>\n<figure id=\"attachment_391\" aria-describedby=\"caption-attachment-391\" style=\"width: 120px\" class=\"wp-caption aligncenter\"><a href=\"http:\/\/www.franchouille.fr\/testsr\/files\/2008\/06\/Arch\u00e9type-Chamane-\u00e9co-radicale.pdf\" rel=\"attachment wp-att-391\"><img loading=\"lazy\" decoding=\"async\" class=\"wp-image-391 size-full\" src=\"http:\/\/www.franchouille.fr\/testsr\/files\/2016\/03\/Chamane-\u00e9co-radicale-Icone.jpg\" alt=\"Chamane \u00e9co-radicale - Icone\" width=\"120\" height=\"120\" \/><\/a><figcaption id=\"caption-attachment-391\" class=\"wp-caption-text\">Chamane \u00e9co-radicale<\/figcaption><\/figure>\n<figure id=\"attachment_392\" aria-describedby=\"caption-attachment-392\" style=\"width: 120px\" class=\"wp-caption aligncenter\"><a href=\"http:\/\/www.franchouille.fr\/testsr\/files\/2008\/06\/Arch\u00e9type-Chasseur-de-primes.pdf\" rel=\"attachment wp-att-392\"><img loading=\"lazy\" decoding=\"async\" class=\"wp-image-392 size-full\" src=\"http:\/\/www.franchouille.fr\/testsr\/files\/2016\/03\/Chasseur-de-primes-icone.jpg\" alt=\"Chasseur de primes - icone\" width=\"120\" height=\"120\" \/><\/a><figcaption id=\"caption-attachment-392\" class=\"wp-caption-text\">Chasseur de primes<\/figcaption><\/figure>\n<figure id=\"attachment_393\" aria-describedby=\"caption-attachment-393\" style=\"width: 120px\" class=\"wp-caption aligncenter\"><a href=\"http:\/\/www.franchouille.fr\/testsr\/files\/2008\/06\/Arch\u00e9type-Contrebandi\u00e8re.pdf\" rel=\"attachment wp-att-393\"><img loading=\"lazy\" decoding=\"async\" class=\"wp-image-393 size-full\" src=\"http:\/\/www.franchouille.fr\/testsr\/files\/2016\/03\/Contrebandi\u00e8re-Icone.jpg\" alt=\"Contrebandi\u00e8re - Icone\" width=\"120\" height=\"120\" \/><\/a><figcaption id=\"caption-attachment-393\" class=\"wp-caption-text\">Contrebandi\u00e8re<\/figcaption><\/figure>\n<figure id=\"attachment_394\" aria-describedby=\"caption-attachment-394\" style=\"width: 120px\" class=\"wp-caption aligncenter\"><a href=\"http:\/\/www.franchouille.fr\/testsr\/files\/2008\/06\/Arch\u00e9type-Detective-de-l-occulte.pdf\" rel=\"attachment wp-att-394\"><img loading=\"lazy\" decoding=\"async\" class=\"wp-image-394 size-full\" src=\"http:\/\/www.franchouille.fr\/testsr\/files\/2016\/03\/D\u00e9tective-de-locculte-Icone.jpg\" alt=\"D\u00e9tective de l'occulte - Icone\" width=\"120\" height=\"120\" \/><\/a><figcaption id=\"caption-attachment-394\" class=\"wp-caption-text\">D\u00e9tective de l&rsquo;occulte<\/figcaption><\/figure>\n<figure id=\"attachment_395\" aria-describedby=\"caption-attachment-395\" style=\"width: 120px\" class=\"wp-caption aligncenter\"><a href=\"http:\/\/www.franchouille.fr\/testsr\/files\/2008\/06\/Arch\u00e9type-Face-nain.pdf\" rel=\"attachment wp-att-395\"><img loading=\"lazy\" decoding=\"async\" class=\"wp-image-395 size-full\" src=\"http:\/\/www.franchouille.fr\/testsr\/files\/2016\/03\/Face-nain-Icone.jpg\" alt=\"Face nain - Icone\" width=\"120\" height=\"120\" \/><\/a><figcaption id=\"caption-attachment-395\" class=\"wp-caption-text\">Face nain<\/figcaption><\/figure>\n<figure id=\"attachment_396\" aria-describedby=\"caption-attachment-396\" style=\"width: 120px\" class=\"wp-caption aligncenter\"><a href=\"http:\/\/www.franchouille.fr\/testsr\/files\/2008\/06\/Arch\u00e9type-Ganger-ork.pdf\" rel=\"attachment wp-att-396\"><img loading=\"lazy\" decoding=\"async\" class=\"wp-image-396 size-full\" src=\"http:\/\/www.franchouille.fr\/testsr\/files\/2016\/03\/Ganger-Icone.jpg\" alt=\"Ganger - Icone\" width=\"120\" height=\"120\" \/><\/a><figcaption id=\"caption-attachment-396\" class=\"wp-caption-text\">Ganger<\/figcaption><\/figure>\n<figure id=\"attachment_397\" aria-describedby=\"caption-attachment-397\" style=\"width: 120px\" class=\"wp-caption aligncenter\"><a href=\"http:\/\/www.franchouille.fr\/testsr\/files\/2008\/06\/Arch\u00e9type-Hacker.pdf\" rel=\"attachment wp-att-397\"><img loading=\"lazy\" decoding=\"async\" class=\"wp-image-397 size-full\" src=\"http:\/\/www.franchouille.fr\/testsr\/files\/2016\/03\/Hacker-Icone.jpg\" alt=\"Hacker - Icone\" width=\"120\" height=\"120\" \/><\/a><figcaption id=\"caption-attachment-397\" class=\"wp-caption-text\">Hacker<\/figcaption><\/figure>\n<figure id=\"attachment_398\" aria-describedby=\"caption-attachment-398\" style=\"width: 120px\" class=\"wp-caption aligncenter\"><a href=\"http:\/\/www.franchouille.fr\/testsr\/files\/2008\/06\/Arch\u00e9type-Mage-de-combat.pdf\" rel=\"attachment wp-att-398\"><img loading=\"lazy\" decoding=\"async\" class=\"wp-image-398 size-full\" src=\"http:\/\/www.franchouille.fr\/testsr\/files\/2016\/03\/Mage-de-combat-elfe-Icone.jpg\" alt=\"Mage de combat elfe - Icone\" width=\"120\" height=\"120\" \/><\/a><figcaption id=\"caption-attachment-398\" class=\"wp-caption-text\">Mage de combat elfe<\/figcaption><\/figure>\n<figure id=\"attachment_399\" aria-describedby=\"caption-attachment-399\" style=\"width: 120px\" class=\"wp-caption aligncenter\"><a href=\"http:\/\/www.franchouille.fr\/testsr\/files\/2008\/06\/Arch\u00e9type-Rigger-de-drones-nain.pdf\" rel=\"attachment wp-att-399\"><img loading=\"lazy\" decoding=\"async\" class=\"wp-image-399 size-full\" src=\"http:\/\/www.franchouille.fr\/testsr\/files\/2016\/03\/Rigger-de-drones-Icone.jpg\" alt=\"Rigger de drones - Icone\" width=\"120\" height=\"120\" \/><\/a><figcaption id=\"caption-attachment-399\" class=\"wp-caption-text\">Rigger de drones<\/figcaption><\/figure>\n<figure id=\"attachment_400\" aria-describedby=\"caption-attachment-400\" style=\"width: 120px\" class=\"wp-caption aligncenter\"><a href=\"http:\/\/www.franchouille.fr\/testsr\/files\/2008\/06\/Arch\u00e9type-Sp\u00e9cialiste-des-armes.pdf\" rel=\"attachment wp-att-400\"><img loading=\"lazy\" decoding=\"async\" class=\"wp-image-400 size-full\" src=\"http:\/\/www.franchouille.fr\/testsr\/files\/2016\/03\/Sp\u00e9cialiste-des-armes-elfe-Icone.jpg\" alt=\"Sp\u00e9cialiste des armes elfe - Icone\" width=\"120\" height=\"120\" \/><\/a><figcaption id=\"caption-attachment-400\" class=\"wp-caption-text\">Sp\u00e9cialiste des armes elfe<\/figcaption><\/figure>\n<figure id=\"attachment_401\" aria-describedby=\"caption-attachment-401\" style=\"width: 120px\" class=\"wp-caption aligncenter\"><a href=\"http:\/\/www.franchouille.fr\/testsr\/files\/2008\/06\/Arch\u00e9type-Sp\u00e9cialiste-des-op\u00e9rations-clandestines.pdf\" rel=\"attachment wp-att-401\"><img loading=\"lazy\" decoding=\"async\" class=\"wp-image-401 size-full\" src=\"http:\/\/www.franchouille.fr\/testsr\/files\/2016\/03\/Sp\u00e9cialiste-en-infiltration-Icone.jpg\" alt=\"Sp\u00e9cialiste en infiltration - Icone\" width=\"120\" height=\"120\" \/><\/a><figcaption id=\"caption-attachment-401\" class=\"wp-caption-text\">Sp\u00e9cialiste en infiltration<\/figcaption><\/figure>\n<figure id=\"attachment_402\" aria-describedby=\"caption-attachment-402\" style=\"width: 120px\" class=\"wp-caption aligncenter\"><a href=\"http:\/\/www.franchouille.fr\/testsr\/files\/2008\/06\/Arch\u00e9type-Street-Samoura\u00ef.pdf\" rel=\"attachment wp-att-402\"><img loading=\"lazy\" decoding=\"async\" class=\"wp-image-402 size-full\" src=\"http:\/\/www.franchouille.fr\/testsr\/files\/2016\/03\/Street-Samourai-Icone.jpg\" alt=\"Street Samourai - Icone\" width=\"120\" height=\"120\" \/><\/a><figcaption id=\"caption-attachment-402\" class=\"wp-caption-text\">Street Samourai<\/figcaption><\/figure>\n<figure id=\"attachment_403\" aria-describedby=\"caption-attachment-403\" style=\"width: 120px\" class=\"wp-caption aligncenter\"><a href=\"http:\/\/www.franchouille.fr\/testsr\/files\/2008\/06\/Arch\u00e9type-Technomancienne.pdf\" rel=\"attachment wp-att-403\"><img loading=\"lazy\" decoding=\"async\" class=\"wp-image-403 size-full\" src=\"http:\/\/www.franchouille.fr\/testsr\/files\/2016\/03\/Technomancienne-Icone.jpg\" alt=\"Technomancienne - Icone\" width=\"120\" height=\"120\" \/><\/a><figcaption id=\"caption-attachment-403\" class=\"wp-caption-text\">Technomancienne<\/figcaption><\/figure>\n<p style=\"text-align: center\"><em><strong>Remerciements<\/strong><\/em><\/p>\n<p>Merci \u00e0 <a href=\"http:\/\/www.black-book-editions.fr\/\">Black Book Editions <\/a> pour m&rsquo;avoir permis d&rsquo;utiliser leur <em><a href=\"http:\/\/www.black-book-editions.fr\/?site_id=9&amp;download_id=18\">fiche de personnage inscriptible<\/a><\/em> pour publier ces arch\u00e9types, et encore merci pour leur enthousiasme.<\/p>\n","protected":false},"excerpt":{"rendered":"<p>Pour initier de nouveaux joueurs, il vaut mieux avoir des persos pr\u00e9-tir\u00e9s sous la main, histoire de ne pas se prendre la t\u00eate avec la cr\u00e9ation (et ne pas faire peur \u00e0 un nouveau joueur). Pour \u00e7a, les arch\u00e9types du livre de base de Shadowrun sont parfaits. Mais il reste quand m\u00eame \u00e0 les recopier [&hellip;]<\/p>\n","protected":false},"author":1,"featured_media":0,"parent":425,"menu_order":0,"comment_status":"closed","ping_status":"closed","template":"","meta":{"footnotes":""},"class_list":["post-387","page","type-page","status-publish","hentry"],"_links":{"self":[{"href":"http:\/\/www.franchouille.fr\/testsr\/wp-json\/wp\/v2\/pages\/387","targetHints":{"allow":["GET"]}}],"collection":[{"href":"http:\/\/www.franchouille.fr\/testsr\/wp-json\/wp\/v2\/pages"}],"about":[{"href":"http:\/\/www.franchouille.fr\/testsr\/wp-json\/wp\/v2\/types\/page"}],"author":[{"embeddable":true,"href":"http:\/\/www.franchouille.fr\/testsr\/wp-json\/wp\/v2\/users\/1"}],"replies":[{"embeddable":true,"href":"http:\/\/www.franchouille.fr\/testsr\/wp-json\/wp\/v2\/comments?post=387"}],"version-history":[{"count":0,"href":"http:\/\/www.franchouille.fr\/testsr\/wp-json\/wp\/v2\/pages\/387\/revisions"}],"up":[{"embeddable":true,"href":"http:\/\/www.franchouille.fr\/testsr\/wp-json\/wp\/v2\/pages\/425"}],"wp:attachment":[{"href":"http:\/\/www.franchouille.fr\/testsr\/wp-json\/wp\/v2\/media?parent=387"}],"curies":[{"name":"wp","href":"https:\/\/api.w.org\/{rel}","templated":true}]}}