{"id":331,"date":"2016-03-20T16:12:30","date_gmt":"2016-03-20T15:12:30","guid":{"rendered":"http:\/\/www.franchouille.fr\/shadowrun\/?page_id=331"},"modified":"2016-03-20T16:12:30","modified_gmt":"2016-03-20T15:12:30","slug":"matrice","status":"publish","type":"page","link":"http:\/\/www.franchouille.fr\/testsr\/aides-de-jeu\/matrice\/","title":{"rendered":"Matrice"},"content":{"rendered":"<h2>Shadowrun 4<\/h2>\n<p>Comprendre la matrice dans SR 4 : <a href=\"http:\/\/www.franchouille.fr\/shadowrun\/premiere-description-de-matrice-fil-2-0-de-sr4\/\">une premi\u00e8re description de la matrice dans SR4<\/a><\/p>\n<h3><a href=\"http:\/\/www.franchouille.fr\/shadowrun\/aides-de-jeu\/matrice\/sr4-hacking-recapitulatif\/\">Hacking : le r\u00e9capitulatif<\/a><\/h3>\n<h2><a href=\"http:\/\/www.franchouille.fr\/shadowrun\/aides-de-jeu\/matrice\/sr4-sprites-recapitulatif-caracteristiques\/\">Sprites : le r\u00e9capitulatif<\/a><\/h2>\n","protected":false},"excerpt":{"rendered":"<p>Shadowrun 4 Comprendre la matrice dans SR 4 : une premi\u00e8re description de la matrice dans SR4 Hacking : le r\u00e9capitulatif Sprites : le r\u00e9capitulatif<\/p>\n","protected":false},"author":1,"featured_media":0,"parent":284,"menu_order":0,"comment_status":"closed","ping_status":"closed","template":"","meta":{"footnotes":""},"class_list":["post-331","page","type-page","status-publish","hentry"],"_links":{"self":[{"href":"http:\/\/www.franchouille.fr\/testsr\/wp-json\/wp\/v2\/pages\/331","targetHints":{"allow":["GET"]}}],"collection":[{"href":"http:\/\/www.franchouille.fr\/testsr\/wp-json\/wp\/v2\/pages"}],"about":[{"href":"http:\/\/www.franchouille.fr\/testsr\/wp-json\/wp\/v2\/types\/page"}],"author":[{"embeddable":true,"href":"http:\/\/www.franchouille.fr\/testsr\/wp-json\/wp\/v2\/users\/1"}],"replies":[{"embeddable":true,"href":"http:\/\/www.franchouille.fr\/testsr\/wp-json\/wp\/v2\/comments?post=331"}],"version-history":[{"count":0,"href":"http:\/\/www.franchouille.fr\/testsr\/wp-json\/wp\/v2\/pages\/331\/revisions"}],"up":[{"embeddable":true,"href":"http:\/\/www.franchouille.fr\/testsr\/wp-json\/wp\/v2\/pages\/284"}],"wp:attachment":[{"href":"http:\/\/www.franchouille.fr\/testsr\/wp-json\/wp\/v2\/media?parent=331"}],"curies":[{"name":"wp","href":"https:\/\/api.w.org\/{rel}","templated":true}]}}