{"id":286,"date":"2016-03-20T15:18:13","date_gmt":"2016-03-20T14:18:13","guid":{"rendered":"http:\/\/www.franchouille.fr\/shadowrun\/?page_id=286"},"modified":"2016-03-20T15:18:13","modified_gmt":"2016-03-20T14:18:13","slug":"scenarios","status":"publish","type":"page","link":"http:\/\/www.franchouille.fr\/testsr\/aides-de-jeu\/scenarios\/","title":{"rendered":"Sc\u00e9narios"},"content":{"rendered":"<h1>SR5<\/h1>\n<p>&nbsp;<\/p>\n<p>&nbsp;<\/p>\n<h1>SR4 et pr\u00e9c\u00e9dents<\/h1>\n<h2><a href=\"http:\/\/www.franchouille.fr\/shadowrun\/aides-de-jeu\/scenarios\/sr4a-scenario-3-petits-tours-cadavre\/\">3 petits tours pour un cadavre<\/a><\/h2>\n<h2><a href=\"http:\/\/www.franchouille.fr\/shadowrun\/aides-de-jeu\/scenarios\/aube-rouge-peur-bleu\/\">Aube rouge et Peur bleu<\/a><\/h2>\n<p>Par <strong>Romaric Chartier \u00ab\u00a0Fallen\u00a0\u00bb<br \/>\n<\/strong><\/p>\n<p>Bimbo, la c\u00e9l\u00e8bre actrice de la s\u00e9rie \u00ab\u00a0Mad, Shark et Bimbo \u00a9\u00a0\u00bb a disparu entre deux sc\u00e8nes lors du tournage\u2026 Peut-\u00eatre est-ce un kidnapping ? Le producteur est pr\u00eat \u00e0 tout pour la retrouver au plus vite !<\/p>\n<h2><a href=\"http:\/\/www.franchouille.fr\/shadowrun\/aides-de-jeu\/scenarios\/conversion-de-campagne-2050-60-vers-2070\/\">Conversion de campagne 2050-60 vers 2070<\/a><\/h2>\n<h1><a href=\"http:\/\/www.franchouille.fr\/shadowrun\/aides-de-jeu\/scenarios\/ondes-de-choc\/\">Onde de choc &#8211; <cite lang=\"de\">Schockwellen<\/cite> <\/a><\/h1>\n<p><img loading=\"lazy\" decoding=\"async\" class=\"alignleft\" title=\"Ondes de choc\" src=\"http:\/\/shadowrun.fr\/images\/106.jpg\" alt=\"Ondes de choc\" width=\"150\" height=\"205\" \/><\/p>\n<p>par <strong>Lars Blumenstein et Tilo H\u00f6rter<\/strong> et publi\u00e9 sur <a href=\"http:\/\/shadowrun.fr\">shadowrun.fr<\/a> par <strong>Anthony Bruno<\/strong><\/p>\n<p class=\"articleInfos\">Article mis \u00e0 disposition sous licence <em>Copyright Ombres Port\u00e9es sous licence Fantasy Production GmbH<\/em>.<\/p>\n<p class=\"articleInfos\">L&rsquo;article est d\u00e9clar\u00e9 comme <em>officiel et canon<\/em>, cela veut dire qu&rsquo;il a \u00e9t\u00e9 \u00e9crit, valid\u00e9 et g\u00e9n\u00e9ralement publi\u00e9 par un auteur et l&rsquo;\u00e9diteur officiel de Shadowrun. Attention toutefois, si il est traduit, la <em>traduction<\/em> en elle-m\u00eame n&rsquo;est pas forc\u00e9ment officielle.<\/p>\n<p>&nbsp;<\/p>\n","protected":false},"excerpt":{"rendered":"<p>SR5 &nbsp; &nbsp; SR4 et pr\u00e9c\u00e9dents 3 petits tours pour un cadavre Aube rouge et Peur bleu Par Romaric Chartier \u00ab\u00a0Fallen\u00a0\u00bb Bimbo, la c\u00e9l\u00e8bre actrice de la s\u00e9rie \u00ab\u00a0Mad, Shark et Bimbo \u00a9\u00a0\u00bb a disparu entre deux sc\u00e8nes lors du tournage\u2026 Peut-\u00eatre est-ce un kidnapping ? Le producteur est pr\u00eat \u00e0 tout pour la retrouver [&hellip;]<\/p>\n","protected":false},"author":1,"featured_media":0,"parent":284,"menu_order":0,"comment_status":"closed","ping_status":"closed","template":"","meta":{"footnotes":""},"class_list":["post-286","page","type-page","status-publish","hentry"],"_links":{"self":[{"href":"http:\/\/www.franchouille.fr\/testsr\/wp-json\/wp\/v2\/pages\/286","targetHints":{"allow":["GET"]}}],"collection":[{"href":"http:\/\/www.franchouille.fr\/testsr\/wp-json\/wp\/v2\/pages"}],"about":[{"href":"http:\/\/www.franchouille.fr\/testsr\/wp-json\/wp\/v2\/types\/page"}],"author":[{"embeddable":true,"href":"http:\/\/www.franchouille.fr\/testsr\/wp-json\/wp\/v2\/users\/1"}],"replies":[{"embeddable":true,"href":"http:\/\/www.franchouille.fr\/testsr\/wp-json\/wp\/v2\/comments?post=286"}],"version-history":[{"count":0,"href":"http:\/\/www.franchouille.fr\/testsr\/wp-json\/wp\/v2\/pages\/286\/revisions"}],"up":[{"embeddable":true,"href":"http:\/\/www.franchouille.fr\/testsr\/wp-json\/wp\/v2\/pages\/284"}],"wp:attachment":[{"href":"http:\/\/www.franchouille.fr\/testsr\/wp-json\/wp\/v2\/media?parent=286"}],"curies":[{"name":"wp","href":"https:\/\/api.w.org\/{rel}","templated":true}]}}