{"id":262,"date":"2010-01-09T14:51:57","date_gmt":"2010-01-09T13:51:57","guid":{"rendered":"http:\/\/www.franchouille.fr\/shadowrun\/?page_id=262"},"modified":"2010-01-09T14:51:57","modified_gmt":"2010-01-09T13:51:57","slug":"sr4-errata-magie-ombres","status":"publish","type":"page","link":"http:\/\/www.franchouille.fr\/testsr\/sr-saga\/gammes-v-1-a-4\/sr4-errata-magie-ombres\/","title":{"rendered":"SR4 &#8211; Errata &#8211; La Magie des Ombres"},"content":{"rendered":"<p>Quand un livre est \u00e9crit ou traduit, relu, puis mis en page et enfin imprim\u00e9, des erreurs se produisent&#8230; c&rsquo;est malheureusement in\u00e9vitable. C&rsquo;est pourquoi nous compilons toutes les erreurs relev\u00e9es (principalement via <em><a href=\"http:\/\/shadowrun.fr\/forums\/viewforum.php?id=18\">nos forums d&rsquo;errata<\/a><\/em>) et apportons les corrections n\u00e9cessaires.<\/p>\n<p>Chaque erratum est normalement identifi\u00e9 par un num\u00e9ro de version, pour que vous puissiez vous y retrouver.<\/p>\n<h2>La Magie des Ombres<\/h2>\n<p>Premier errata du suppl\u00e9ment sur la magie <strong>Shadowrun, Quatri\u00e8me \u00e9dition<\/strong>. Version maquett\u00e9e au format PDF.<\/p>\n<p><a href=\"http:\/\/www.franchouille.fr\/testsr\/files\/2016\/03\/SR4-Errata-Magie-des-Ombres.pdf\"><img loading=\"lazy\" decoding=\"async\" class=\"aligncenter\" src=\"http:\/\/www.black-book-editions.fr\/img_produit\/9\/XL\/49.jpg\" alt=\"\" width=\"120\" height=\"160\" \/><\/a><\/p>\n","protected":false},"excerpt":{"rendered":"<p>Quand un livre est \u00e9crit ou traduit, relu, puis mis en page et enfin imprim\u00e9, des erreurs se produisent&#8230; c&rsquo;est malheureusement in\u00e9vitable. C&rsquo;est pourquoi nous compilons toutes les erreurs relev\u00e9es (principalement via nos forums d&rsquo;errata) et apportons les corrections n\u00e9cessaires. Chaque erratum est normalement identifi\u00e9 par un num\u00e9ro de version, pour que vous puissiez vous [&hellip;]<\/p>\n","protected":false},"author":1,"featured_media":0,"parent":233,"menu_order":0,"comment_status":"closed","ping_status":"closed","template":"","meta":{"footnotes":""},"class_list":["post-262","page","type-page","status-publish","hentry"],"_links":{"self":[{"href":"http:\/\/www.franchouille.fr\/testsr\/wp-json\/wp\/v2\/pages\/262","targetHints":{"allow":["GET"]}}],"collection":[{"href":"http:\/\/www.franchouille.fr\/testsr\/wp-json\/wp\/v2\/pages"}],"about":[{"href":"http:\/\/www.franchouille.fr\/testsr\/wp-json\/wp\/v2\/types\/page"}],"author":[{"embeddable":true,"href":"http:\/\/www.franchouille.fr\/testsr\/wp-json\/wp\/v2\/users\/1"}],"replies":[{"embeddable":true,"href":"http:\/\/www.franchouille.fr\/testsr\/wp-json\/wp\/v2\/comments?post=262"}],"version-history":[{"count":0,"href":"http:\/\/www.franchouille.fr\/testsr\/wp-json\/wp\/v2\/pages\/262\/revisions"}],"up":[{"embeddable":true,"href":"http:\/\/www.franchouille.fr\/testsr\/wp-json\/wp\/v2\/pages\/233"}],"wp:attachment":[{"href":"http:\/\/www.franchouille.fr\/testsr\/wp-json\/wp\/v2\/media?parent=262"}],"curies":[{"name":"wp","href":"https:\/\/api.w.org\/{rel}","templated":true}]}}