{"id":233,"date":"2016-03-19T22:35:53","date_gmt":"2016-03-19T21:35:53","guid":{"rendered":"http:\/\/www.franchouille.fr\/shadowrun\/?page_id=233"},"modified":"2016-03-19T22:35:53","modified_gmt":"2016-03-19T21:35:53","slug":"gammes-v-1-a-4","status":"publish","type":"page","link":"http:\/\/www.franchouille.fr\/testsr\/sr-saga\/gammes-v-1-a-4\/","title":{"rendered":"Gammes V 1 \u00e0 4"},"content":{"rendered":"<h1>Shadowrun 4<\/h1>\n<h2>Guide d&rsquo;initiation rapide<\/h2>\n<ul>\n<li><a href=\"http:\/\/www.black-book-editions.fr\/contenu\/file\/GRI_Joueur.pdf\">Version joueur<\/a><\/li>\n<li><a href=\"http:\/\/www.black-book-editions.fr\/contenu\/file\/GRI_Meneur%20de%20jeu.pdf\">Version meneur de jeu<\/a><\/li>\n<\/ul>\n<h2><a href=\"http:\/\/www.franchouille.fr\/shadowrun\/sr-saga\/gammes-v-1-a-4\/sr4-faq-institutionnelle\/\">FAQ institutionnelle de SR4<\/a><\/h2>\n<h2><a href=\"http:\/\/www.franchouille.fr\/shadowrun\/sr-saga\/gammes-v-1-a-4\/sr4-faq-jeu-supplements-vf\/\">Errata SR4<\/a><\/h2>\n<h2><a href=\"http:\/\/www.franchouille.fr\/shadowrun\/sr-saga\/gammes-v-1-a-4\/sr4-errata-magie-ombres\/\">Errata La Magie des ombres<\/a><\/h2>\n<p><a href=\"http:\/\/www.franchouille.fr\/testsr\/files\/2016\/03\/60_sr4_06_tables.pdf\" rel=\"\">Magie des ombres &#8211; Tables r\u00e9capitulatives<\/a><\/p>\n<h2><a href=\"http:\/\/www.franchouille.fr\/shadowrun\/sr-saga\/gammes-v-1-a-4\/target-matrix\/\">Target Matrix<\/a><\/h2>\n<h1><a href=\"http:\/\/www.franchouille.fr\/shadowrun\/sr-saga\/gammes-v-1-a-4\/testament-de-dunkelzahn-version-annotee\/\">Le testament de Dunkelzahn &#8211; Version annot\u00e9e<\/a><\/h1>\n<p>Le testament de Dunkelzahn &#8211; ou du moins sa partie public &#8211; tel qu&rsquo;il avait \u00e9t\u00e9 publi\u00e9 par Captain Chaos sur Shadowland auquel a \u00e9t\u00e9 ajout\u00e9 les commentaires de <a href=\"http:\/\/ancientfiles.dumpshock.com\/\">The Ancient Files<\/a> un passionn\u00e9 qui a recrois\u00e9 les informations des diff\u00e9rents suppl\u00e9ments et romans parus pour Shadowrun, donnant ainsi un \u00e9clairage nouveau au testament. Traduction fran\u00e7aise.<\/p>\n<h1>Shadowrun 2<\/h1>\n<h2>Corporate Shadowfiles<\/h2>\n<h2><a href=\"http:\/\/www.franchouille.fr\/shadowrun\/harlequin\/\">Harlequin<\/a><\/h2>\n<h2><a href=\"http:\/\/www.franchouille.fr\/shadowrun\/sr-saga\/gammes-v-1-a-4\/prime-runner\/\">Prime Runner<\/a><\/h2>\n<h3><a href=\"http:\/\/www.franchouille.fr\/shadowrun\/sr-saga\/gammes-v-1-a-4\/threats\/\">Threats<\/a><\/h3>\n<p>&nbsp;<\/p>\n<h1>Earthdawn : suppl\u00e9ments transposables<\/h1>\n<p><a href=\"http:\/\/www.franchouille.fr\/testsr\/files\/2016\/04\/Earthdawn-Dragons.jpg\" rel=\"attachment wp-att-858\"><img loading=\"lazy\" decoding=\"async\" class=\"wp-image-858  alignleft\" src=\"http:\/\/www.franchouille.fr\/testsr\/files\/2016\/04\/Earthdawn-Dragons-295x300.jpg\" alt=\"Earthdawn - Dragons\" width=\"150\" height=\"153\" srcset=\"http:\/\/www.franchouille.fr\/testsr\/files\/2016\/04\/Earthdawn-Dragons-295x300.jpg 295w, http:\/\/www.franchouille.fr\/testsr\/files\/2016\/04\/Earthdawn-Dragons.jpg 534w\" sizes=\"auto, (max-width: 150px) 100vw, 150px\" \/><\/a><a href=\"http:\/\/www.franchouille.fr\/shadowrun\/earthdawn-dragons-sourcebook\/\">Earthdawn Dragons sourcebook<\/a><\/p>\n","protected":false},"excerpt":{"rendered":"<p>Shadowrun 4 Guide d&rsquo;initiation rapide Version joueur Version meneur de jeu FAQ institutionnelle de SR4 Errata SR4 Errata La Magie des ombres Magie des ombres &#8211; Tables r\u00e9capitulatives Target Matrix Le testament de Dunkelzahn &#8211; Version annot\u00e9e Le testament de Dunkelzahn &#8211; ou du moins sa partie public &#8211; tel qu&rsquo;il avait \u00e9t\u00e9 publi\u00e9 par [&hellip;]<\/p>\n","protected":false},"author":1,"featured_media":0,"parent":209,"menu_order":0,"comment_status":"closed","ping_status":"closed","template":"","meta":{"footnotes":""},"class_list":["post-233","page","type-page","status-publish","hentry"],"_links":{"self":[{"href":"http:\/\/www.franchouille.fr\/testsr\/wp-json\/wp\/v2\/pages\/233","targetHints":{"allow":["GET"]}}],"collection":[{"href":"http:\/\/www.franchouille.fr\/testsr\/wp-json\/wp\/v2\/pages"}],"about":[{"href":"http:\/\/www.franchouille.fr\/testsr\/wp-json\/wp\/v2\/types\/page"}],"author":[{"embeddable":true,"href":"http:\/\/www.franchouille.fr\/testsr\/wp-json\/wp\/v2\/users\/1"}],"replies":[{"embeddable":true,"href":"http:\/\/www.franchouille.fr\/testsr\/wp-json\/wp\/v2\/comments?post=233"}],"version-history":[{"count":0,"href":"http:\/\/www.franchouille.fr\/testsr\/wp-json\/wp\/v2\/pages\/233\/revisions"}],"up":[{"embeddable":true,"href":"http:\/\/www.franchouille.fr\/testsr\/wp-json\/wp\/v2\/pages\/209"}],"wp:attachment":[{"href":"http:\/\/www.franchouille.fr\/testsr\/wp-json\/wp\/v2\/media?parent=233"}],"curies":[{"name":"wp","href":"https:\/\/api.w.org\/{rel}","templated":true}]}}