{"id":198,"date":"2005-05-09T21:53:17","date_gmt":"2005-05-09T20:53:17","guid":{"rendered":"http:\/\/www.franchouille.fr\/shadowrun\/?page_id=198"},"modified":"2005-05-09T21:53:17","modified_gmt":"2005-05-09T20:53:17","slug":"nouvelles","status":"publish","type":"page","link":"http:\/\/www.franchouille.fr\/testsr\/sr-inspi\/nouvelles\/","title":{"rendered":"Nouvelles"},"content":{"rendered":"<h1><a href=\"http:\/\/www.franchouille.fr\/shadowrun\/sr-inspi\/nouvelles\/affaires-africaines\/\">Affaires africaines<\/a><\/h1>\n<p>par <strong>Gaspard L\u00e9pine<\/strong><\/p>\n<p>\u00ab\u00a0Le p\u00e8re Saulnier s\u2019attardait dans son \u00e9glise en cette fin de dimanche apr\u00e8s-midi. Il avait finit de ranger le ch\u0153ur apr\u00e8s l\u2019office du matin. Il m\u00e9ditait assis dans son si\u00e8ge. La lumi\u00e8re qui entrait par le vitrail qui tenait lieu de mur du fond avait les accents chauds de cette fin d\u2019automne. Baign\u00e9 dans la clart\u00e9, ses pens\u00e9es tourn\u00e9es vers Dieu, il sursauta au moment ou la porte donnant sur la sacristie s\u2019ouvrit.\u00a0\u00bb<\/p>\n<h1><a href=\"http:\/\/www.franchouille.fr\/shadowrun\/sr-inspi\/nouvelles\/lavenement-du-tigre\/\">L&rsquo;av\u00e8nement du Tigre<\/a><\/h1>\n<p>par <strong>David \u00ab Zero Cool \u00bb Lasry<\/strong><\/p>\n<p><strong>Nouvelle gagnante &#8211; deuxi\u00e8me place &#8211; du \u00ab\u00a0concours Shadowrun.fr No\u00ebl 2006\u00a0\u00bb.<\/strong><\/p>\n<p><strong>[12\/02\/2070 &#8211; 17:37:05 UTC] Hong-Kong, \u00eele de tsing Yi, h\u00f4tel Dynasty mansion, chambre 4<\/strong><\/p>\n<p>\u00ab\u00a0L\u2019ann\u00e9e du Tigre de m\u00e9tal. C\u2019est \u00e0 \u00e7a que je r\u00e9fl\u00e9chissais dans le silence masqu\u00e9 par la ventilation, torse nu, assis sur cette chose que les propri\u00e9taires de cette cha\u00eene d\u2019h\u00f4tel inf\u00e2me osaient appeler un lit. Remarquez, pour un runner en fin de carri\u00e8re, le d\u00e9cor \u00e9tait parfait. J\u2019avais connu des cellules plus reluisantes, l\u2019air conditionn\u00e9 \u00e9tait naus\u00e9abond et n\u2019arrivait pas tout \u00e0 fait \u00e0 rafra\u00eechir cette moiteur qui collait \u00e0 tous les pores de la peau, bien que ce f\u00fbt plus supportable \u00e0 cette \u00e9poque de l\u2019ann\u00e9e&#8230;\u00a0\u00bb<\/p>\n<h1><a href=\"http:\/\/www.franchouille.fr\/shadowrun\/brise-glace\/\">Brise-glace<\/a><\/h1>\n<p>par <strong>Vincent Pogam<\/strong><\/p>\n<p>\u00ab\u00a0Deep Blue et moi, on devait organiser un Gauntlet, c&rsquo;est-\u00e0-dire une op\u00e9ration de vente au march\u00e9 noir en trois \u00e9tapes : acqu\u00e9rir un monopole sur une marchandise rare et d\u2019un prix moyen, faire grimper artificiellement la demande, vendre lorsque le prix cr\u00e8ve le plafond. La partie difficile, comme toujours, c\u2019\u00e9tait d\u2019agir sur la demande\u2026\u00a0\u00bb<\/p>\n<h1><a href=\"http:\/\/www.franchouille.fr\/shadowrun\/sr-inspi\/nouvelles\/le-chasseur-et-sa-proie\/\">Le Chasseur et sa Proie<\/a><\/h1>\n<p><a href=\"http:\/\/www.franchouille.fr\/shadowrun\/sr-inspi\/nouvelles\/hunter-and-prey\/\">Texte VO : Hunter &amp; Prey<\/a><\/p>\n<p>Traduction fran\u00e7aise de <strong>Hunter and Prey<\/strong>, nouvelle de Tom Dowd \u00e9crite en 1992, faisant suite aux \u00e9v\u00e9nements de la campagne Harlequin.<\/p>\n<h1><a href=\"http:\/\/www.franchouille.fr\/shadowrun\/sr-inspi\/nouvelles\/the-duelists\/\">The Duelists<\/a><\/h1>\n<p><em>En anglais<\/em><\/p>\n<p>Nouvelle \u00e9crite par Diane Piron-Gelman et Robert Cruz, d&rsquo;apr\u00e8s une histoire de Jonathan Szeto et publi\u00e9e dans le suppl\u00e9ment Rigger 2 en 1997.<\/p>\n<h1><a href=\"http:\/\/www.franchouille.fr\/shadowrun\/sr-inspi\/nouvelles\/dunkelzahn-dragon-mediatique\/\">Dunkelzahn : Dragon m\u00e9diatique<\/a><\/h1>\n<p>par <strong>Tom Dowd<\/strong>, et traduit par <strong>Julien Le Marinier<\/strong><\/p>\n<p>Lorsque que Dunkelzahn, le grand dragon, fait son apparition en 2012 \u00e0 Denver, il cr\u00e9e l&rsquo;\u00e9v\u00e8nement en acceptant de donner une interview.<\/p>\n<p>Quelques d\u00e9cennies plus tard, un journaliste se penche sur ce dragon si fascin\u00e9 par la m\u00e9tahumanit\u00e9, qu&rsquo;il a cr\u00e9\u00e9 sa propre \u00e9mission tridi et s&rsquo;est adjoint les services d&rsquo;un interpr\u00e8te.<\/p>\n<p>&nbsp;<\/p>\n<h1><a href=\"http:\/\/www.franchouille.fr\/shadowrun\/sr-inspi\/nouvelles\/entretien-avec-un-dragon\/\">Entretien avec un dragon<\/a><\/h1>\n<p>Traduction fran\u00e7aise de <strong>Wyrm&rsquo;s Talk<\/strong>, nouvelle de Tom Dowd \u00e9crite en 1991, faisant suite aux \u00e9v\u00e9nements de la campagne <strong>Harlequin<\/strong>.<\/p>\n<h1><a href=\"http:\/\/www.franchouille.fr\/shadowrun\/sr-inspi\/nouvelles\/fait-comme-un-rat\/\">Fait comme un rat<\/a><\/h1>\n<p>par <strong>Alexandre Clavel<\/strong><\/p>\n<p>\u00ab\u00a0\u00c0 40 m\u00e8tres de l\u00e0, un jeune homme franchit le coin de la rue en tr\u00e9buchant. Arriv\u00e9 sur la chauss\u00e9e oppos\u00e9e, ses jambes le trahissent. Il tombe sur le trottoir et semble avoir du mal \u00e0 se relever. Il est trop loin et la rue est trop mal \u00e9clair\u00e9e pour qu\u2019il soit possible de se faire une id\u00e9e exacte de son \u00e9tat. Un \u00e9trange bruit sort de sa bouche, un claquement sourd qui ressemble \u00e0 des dents s\u2019entrechoquant.\u00a0\u00bb<\/p>\n<h1><a href=\"http:\/\/www.franchouille.fr\/shadowrun\/sr-inspi\/nouvelles\/sur-le-fil-du-rasoir\/\">Sur le fil du Rasoir<\/a><\/h1>\n<p>par <strong>Stephen Gabriel<\/strong>, traduit par <strong>Julien Le Marinier<\/strong><\/p>\n<p>Survivre dans les ombres n&rsquo;est pas une mince affaire ! Un runner \u00e0 la retraite donne quelques conseils \u00e0 la jeune g\u00e9n\u00e9ration pour lui \u00e9viter de commettre des erreurs qui lui seraient fatales.<\/p>\n<h1><a href=\"http:\/\/www.franchouille.fr\/shadowrun\/sr-inspi\/nouvelles\/french-touch\/\">French Touch<\/a><\/h1>\n<p>par <strong>Anthony Bruno<\/strong><\/p>\n<p>Une nouvelle officielle et canon, sur les Ombres fran\u00e7aises&#8230;<\/p>\n<p><em>Samedi 11 ao\u00fbt 2063 \u2013 02:35<\/em><\/p>\n<p>La nuit \u00e9tait d\u2019un noir de jais, mais l\u2019autoroute \u00e9tait bien \u00e9clair\u00e9e, et l\u2019Eurocar Westwind filait \u00e0 plus de cent cinquante \u00e0 l\u2019heure sur l\u2019A50. Son conducteur aurait tr\u00e8s volontiers pouss\u00e9 un peu plus les gaz, mais la Gendarmerie avait b\u00e2ti sa r\u00e9putation sur sa capacit\u00e9 \u00e0 s\u00e9vir sur les excit\u00e9s de la route : il y avait eu trop de riggers d\u00e9jant\u00e9s sur les routes de la Riviera ces derni\u00e8res ann\u00e9es, qui foutaient le bordel dans le trafic parfois dense. Ce n\u2019\u00e9tait pas bon pour l\u2019image de la France, et en plus \u00e7a faisait fuir les touristes.<\/p>\n<h1><a href=\"http:\/\/www.franchouille.fr\/shadowrun\/sr-inspi\/nouvelles\/lhomme-aux-plans\/\">L\u2019homme aux plans<\/a><\/h1>\n<p>par <strong>Dave Barton,<\/strong> traduit par <strong>Julien Le Marinier<\/strong><\/p>\n<p>L\u2019homme aux plans est la traduction de la nouvelle <a href=\"http:\/\/www.shadowrunrpg.com\/fiction\/fiction12_plans.shtml\"><cite lang=\"en\">The Man with the Plans<\/cite><\/a> \u00e9crite par Dave Barton, parue en anglais sur le site officiel de Shadowrun (Article mis \u00e0 disposition sous licence <em>Copyright FanPro).<\/em><\/p>\n<p>Au large de Vancouver, sur un vieux bateau de p\u00eache, un contrebandier emm\u00e8ne un groupe de shadowrunners \u00e0 la rencontre d&rsquo;Arty Skunk, l&rsquo;homme qui r\u00e8gne sur le Marais, une ancienne ville aujourd&rsquo;hui sous les eaux.<\/p>\n<h1><a href=\"http:\/\/www.franchouille.fr\/shadowrun\/sr-inspi\/nouvelles\/humains_et_cycles_de_magie\/\">Humains et cycles de magie<\/a><\/h1>\n<p>par <strong>Jordan Weisman<\/strong>, traduit par <strong>Thomas Moreau<\/strong><\/p>\n<p>Discours donn\u00e9 par Ehran le Scribe lors du d\u00eener des <acronym title=\"Young Elven Technologists\">YET<\/acronym> en 2050 expliquant sa th\u00e9orie sur la variations du niveau de magie dans l&rsquo;histoire.<\/p>\n<h1><a href=\"http:\/\/www.franchouille.fr\/shadowrun\/sr-inspi\/nouvelles\/indian-trip\/\">Indian Trip<\/a><\/h1>\n<p>par <strong>Gabriel F\u00e9raud<\/strong><\/p>\n<p><strong>Nouvelle gagnante &#8211; troisi\u00e8me place &#8211; du \u00ab\u00a0concours Shadowrun.fr No\u00ebl 2006\u00a0\u00bb<\/strong><\/p>\n<p>\u00ab\u00a0Le Red Arrow est un club tendance, mais surtout tendance Peau-rouge. Le Visage-p\u00e2le ici n\u2019est pas le bienvenu, s\u2019il ne fait pas un effort de pr\u00e9sentation, d\u2019adaptation. Croyez-moi, y a aussi bien des poseurs indiens ork qu\u2019elfe. Y a toujours des gens pour d\u00e9sirer \u00eatre autre chose qu\u2019eux-m\u00eames. Moi, c\u2019est le genre de domaine qui a fait ma r\u00e9putation.\u00a0\u00bb<\/p>\n<h1><a href=\"http:\/\/www.franchouille.fr\/shadowrun\/jean-martin-mage-independant-sixieme-monde\/\">Jean Martin, mage ind\u00e9pendant du Sixi\u00e8me Monde<\/a><\/h1>\n<p>par <strong>Archaos<\/strong><\/p>\n<p>\u00ab\u00a0Il est 6h30, le module simsens de mon commlink cyber me r\u00e9veille avec les bais\u00e9s de mon \u00e9pouse (que j\u2019ai enregistr\u00e9s pendant un de nos \u00e9bats amoureux). Elle dort encore, c\u2019est moi qui m\u2019occupe des petits monstres ce matin. Apr\u00e8s avoir activ\u00e9 ma vision thermo, je me l\u00e8ve doucement pour ne pas la r\u00e9veiller.\u00a0\u00bb<\/p>\n<h1><a href=\"http:\/\/www.franchouille.fr\/shadowrun\/sr-inspi\/nouvelles\/jouvence\/\">Jouvence<\/a><\/h1>\n<p>par <strong>Alexandre Clavel<\/strong><\/p>\n<p>\u00ab\u00a0L\u2019ombre colle son dos au mur, habitude prise en regardant de vieux sims, un de ceux o\u00f9 le sc\u00e9nario primait encore sur la r\u00e9alisation. D\u2019un geste qui deviendra, lui aussi, une habitude, l\u2019homme place une cigarette au coin de sa bouche. L\u2019attente est plus longue que pr\u00e9vue mais sa patience est r\u00e9compens\u00e9e avec l\u2019arriv\u00e9e du fixer. Igor Tichentko signale sa pr\u00e9sence en allumant sa clope positionn\u00e9e depuis longtemps d\u00e9j\u00e0. Le contact se rapproche visiblement ravi de d\u00e9couvrir \u201ccet enfant ayant grandi pendant les Euro-guerres\u201d.\u00a0\u00bb<\/p>\n<h1><a href=\"http:\/\/www.franchouille.fr\/shadowrun\/mission-improbable\/\">Mission improbable<\/a><\/h1>\n<p><em>en V.O.\u00a0<\/em><a href=\"http:\/\/www.franchouille.fr\/shadowrun\/sr-inspi\/nouvelles\/mission-improbable-vo\/\">Mission Improbable<\/a><\/p>\n<p>par <strong>Diane Piron-Gelman, Robert Cruz<\/strong><\/p>\n<p>Un interfac\u00e9 est embauch\u00e9 pour r\u00e9cup\u00e9rer un paquet sur une \u00eele des Salish Shides. \u00c0 priori, il s&rsquo;agit d&rsquo;une mission simple. Mais rapidement, le pilote s&rsquo;aper\u00e7oit que ce run lui r\u00e9serve quelques surprises.<\/p>\n<h1><a href=\"http:\/\/www.franchouille.fr\/shadowrun\/sr-inspi\/nouvelles\/mona-plus-belle-nuit\/\">Mona est plus belle la nuit<\/a><\/h1>\n<p>par <strong>Bertrand Debeaux<\/strong><\/p>\n<p><strong>Nouvelle gagnante &#8211; premi\u00e8re place &#8211; du \u00ab\u00a0concours Shadowrun.fr No\u00ebl 2006\u00a0\u00bb.<\/strong><\/p>\n<p>\u00ab\u00a0La nuit \u00e9tait bien avanc\u00e9e, il pleuvait depuis des heures.<br \/>\nMona faisait du phishing entre Downtown East et Brownside, elle travaillait pour Ringo, depuis quatre ans. Elle utilisait la r\u00e9alit\u00e9 augment\u00e9e pour accroc&#8230;\u00a0\u00bb<\/p>\n<h1><a href=\"http:\/\/www.franchouille.fr\/shadowrun\/sr-inspi\/nouvelles\/a-night-in-the-life\/\">A Night in The Life<\/a><\/h1>\n<p>Nouvelle de Diane Piron-Gelman et Robert Cruz, d&rsquo;apr\u00e8s une histoire de Jonathan Szeto et publi\u00e9e dans le suppl\u00e9ment ??Rigger 2?? en 1997.<\/p>\n<h1><a href=\"http:\/\/www.franchouille.fr\/shadowrun\/sr-inspi\/nouvelles\/lombre-dune-preuve\/\">Pas l&rsquo;ombre d&rsquo;une preuve\u2026<\/a><\/h1>\n<p>par <strong>Sylvain Caron<\/strong><\/p>\n<p>\u00ab\u00a0On sait que tu le connais ! Et tu vas nous dire ce que tu sais sur lui !\u00a0\u00bb<\/p>\n<p>\u00ab\u00a0Silence. Dans la petite pi\u00e8ce sombre et surchauff\u00e9e du b\u00e2timent principal de la Lone Star \u00e0 Seattle, cela faisait pr\u00e8s de deux heures que l\u2019inspecteur sp\u00e9cial Declan Smith interrogeait Frank Bayle. Dans cette affaire de meurtre, il avait re\u00e7u toute latitude de sa direction et il esp\u00e9rait la faire avancer rapidement. L\u2019elfe qu\u2019il avait en face de lui \u00e9tait sa meilleure piste et peut \u00eatre sa seule chance d\u2019en apprendre plus sur le d\u00e9nomm\u00e9 Walther Withdraw, dont on avait retrouv\u00e9 l\u2019ADN sur le lieu du crime.\u00a0\u00bb<\/p>\n<h1><a href=\"http:\/\/www.franchouille.fr\/shadowrun\/sr-inspi\/nouvelles\/passe-simple\/\">Pass\u00e9 simple<\/a><\/h1>\n<p>par <strong>Beno\u00eet Delarce<\/strong><\/p>\n<p>\u00ab\u00a0M\u00e9m\u00e9 Th\u00e9i\u00e8re \u00e9tait assise dans son fauteuil style renaissance de velours bordeaux. Elle \u00e9tait calme et sereine. Elle habitait dans un vieil appartement de Puyallup City et devait sa tranquillit\u00e9 au respect que cette vieille femme fran\u00e7aise inspirait \u00e0 Don Gianelli. M\u00e9m\u00e9 Th\u00e9i\u00e8re \u00e9tait dans sa quatre vingt neuvi\u00e8me ann\u00e9e, \u00e2ge des plus respectables pour une Norm.\u00a0\u00bb<\/p>\n<h1><a href=\"http:\/\/www.franchouille.fr\/shadowrun\/sr-inspi\/nouvelles\/post-mortem\/\">Post Mortem<\/a><\/h1>\n<p><a href=\"http:\/\/www.franchouille.fr\/shadowrun\/sr-inspi\/nouvelles\/post-mortem-vo\/\">Texte V.O. : Post Mortem<\/a><\/p>\n<p>Nouvelle \u00e9crite par Tom Dowd en 1997. Elle fait suite aux \u00e9v\u00e8nements d\u00e9crit dans <strong>Harlequin<\/strong> et surtout la trilogie du <strong>C\u0153ur de Dragon<\/strong> ainsi que <strong>Portfolio of a Dragon<\/strong>, et met en sc\u00e8ne deux elfes \u00ab dou\u00e9s \u00bb qui \u00e9taient ennemis il n\u2019y a pas si longtemps.<\/p>\n<h1><a href=\"http:\/\/www.franchouille.fr\/shadowrun\/sr-inspi\/nouvelles\/rapt-suite-fin\/\">Le Rapt<\/a><\/h1>\n<p>par <strong>Bertrand Debeaux<\/strong><\/p>\n<p>Essai romanc\u00e9 d&rsquo;une partie de SR4, <strong>The Grab<\/strong>, issu des <em>Shadowrun missions<\/em> du site officiel. Vous reconna\u00eetrez deux arch\u00e9types du livre de base SR4, le mage de combat elfe et l&rsquo;adepte pistolero.<\/p>\n<p>Ne lisez pas si vous voulez jouer <strong>Le Rapt<\/strong> \/ <strong>The Grab<\/strong>.<\/p>\n<h1><a href=\"http:\/\/www.franchouille.fr\/shadowrun\/sr-inspi\/nouvelles\/rex-tremendae\/\">Rex Tremendae<\/a><\/h1>\n<p><em>En anglais<\/em><\/p>\n<p>Nouvelle de Tom Dowd qui est en fait le premier chapitre du roman <strong>Le pion de la nuit<\/strong>, et met en sc\u00e8ne un changement brutal dans la direction d&rsquo;un certain policlub europ\u00e9en.<\/p>\n<h1><a href=\"http:\/\/www.franchouille.fr\/shadowrun\/run-after-run\/\">Run after run<\/a><\/h1>\n<p>par <strong>Wilfried \u00ab Senjak \u00bb Bosson<\/strong><\/p>\n<p>\u00ab\u00a0Quelqu\u2019un a command\u00e9 des pizzas ?<\/p>\n<p>\u00ab\u00a0Cookie \u00e9tait assise sur les genoux de Takros. Une fen\u00eatre de r\u00e9alit\u00e9 augment\u00e9e s\u00e9parait la \u00ab\u00a0face\u00a0\u00bb elfe de son compagnon ork visiblement contrari\u00e9 d\u2019avoir \u00e9t\u00e9 interrompu en pleine \u00ab\u00a0n\u00e9gociation\u00a0\u00bb. Le petit appartement de Takros \u00e9tait sobre mais confortable. La musique n\u00e9o-m\u00e9tal allemande faisait vibrer sa cage thoracique autant que les caissons de basse et couvrait presque enti\u00e8rement le son de sa voix.\u00a0\u00bb<\/p>\n<h1><a href=\"http:\/\/www.franchouille.fr\/shadowrun\/sr-inspi\/nouvelles\/strip-and-play-introduction\/\">Strip and play<\/a><\/h1>\n<p><strong>Strip and Play<\/strong> est la premi\u00e8re mission propos\u00e9e \u00e0 mes joueurs sur SR4.<\/p>\n<p>Les joueurs et leurs personnages sont des d\u00e9butants. Cette introduction pose les bases du d\u00e9roulement de cette premi\u00e8re course dans les Ombres&#8230; que j&rsquo;esp\u00e8re vous raconter si cela suscite votre int\u00e9r\u00eat !<\/p>\n<h1><a href=\"http:\/\/www.franchouille.fr\/shadowrun\/sr-inspi\/nouvelles\/la-table\/\">La table<\/a><\/h1>\n<p>par <strong>Julien Le Marinier \u00ab\u00a0Deus\u00a0\u00bb<\/strong><\/p>\n<p>\u00ab\u00a0Quand Ray et son pote d\u00e9barqu\u00e8rent au Twister, je compris tout de suite qu\u2019ils n\u2019\u00e9taient pas venus pour le plaisir de boire un verre avec moi. Ray avait son regard des mauvais jours, un regard fuyant. Son pote, lui, faisait carr\u00e9ment la gueule. Il n\u2019avait pas besoin de \u00e7a pour \u00eatre intimidant. Bien qu\u2019humain, il \u00e9tait taill\u00e9 sur le mod\u00e8le ork. Ses mains, larges comme des battoirs, \u00e9taient agit\u00e9es d\u2019un tic nerveux r\u00e9gulier. Abus de Novacoke ou de BTL ? Allez savoir.\u00a0\u00bb<\/p>\n<h2><a href=\"http:\/\/www.franchouille.fr\/shadowrun\/sr-inspi\/nouvelles\/technobabel-chapitre-29\/\">Technobabel chapitre 29<\/a><\/h2>\n<p>par <strong>Steve Kenson<\/strong>, traduit par <strong>J\u00e9r\u00e9mie Bouillon<\/strong><\/p>\n<p>Traduction synth\u00e9tique du 29\u00e8me chapitre du roman <strong>Technobabel<\/strong> de Steve Kenson, qui met en sc\u00e8ne deux cr\u00e9atures majeures des secrets et intrigues du 6\u00e8me Monde.<\/p>\n<h2><a href=\"http:\/\/www.franchouille.fr\/shadowrun\/sr-inspi\/nouvelles\/ombre-parmi-ombres-interlude\/\">Une ombre parmi les ombres<\/a><\/h2>\n<p>Jack s\u2019avan\u00e7a vers la grande baie vitr\u00e9e qui lui offrait une vue panoramique sur la Metroplexe de Seattle. Un verre de vin a la main, il avait d\u00e9cid\u00e9 de mettre depuis peu un terme \u00e0 ses activit\u00e9s nocturnes.<\/p>\n<h1><a href=\"http:\/\/www.franchouille.fr\/shadowrun\/sr-inspi\/nouvelles\/576-2\/\">Vieux os<\/a><\/h1>\n<p><strong>Vieux os<\/strong> est la traduction de la nouvelle <a href=\"http:\/\/shadowrunrpg.com\/fiction\/fiction11_oldbones.shtml\">Old bones<\/a> \u00e9crite par Jennifer Harding, parue en anglais sur le site officiel de Shadowrun.<\/p>\n<p>L&rsquo;extraction est la sp\u00e9cialit\u00e9 de Roan et de son \u00e9quipe. Mais pour une fois, ni la cible, ni le lieu ne sont habituels. Ils d\u00e9cident n\u00e9anmoins d&rsquo;accepter, sans se douter de l&rsquo;ampleur des ennuis qui les attendent.<\/p>\n<h1><a href=\"http:\/\/www.franchouille.fr\/shadowrun\/sr-inspi\/nouvelles\/voix_du_passe\/\">Voix du pass\u00e9<\/a><\/h1>\n<p><a href=\"http:\/\/www.franchouille.fr\/shadowrun\/sr-inspi\/nouvelles\/voices-of-the-past\/\"><img loading=\"lazy\" decoding=\"async\" class=\"alignleft\" title=\"Harlequin is back \u00a9Brom\" src=\"http:\/\/shadowrun.fr\/images\/22.jpg\" alt=\"Harlequin is back \u00a9Brom\" width=\"150\" height=\"142\" \/>Texte V.O. : Voices From The Past<\/a><\/p>\n<p>par <strong>Tom Dowd<\/strong><\/p>\n<p><strong>Les voix du pass\u00e9<\/strong> est la traduction du prologue de la campagne <strong>Harlequin&rsquo;s back<\/strong>. Harlequin, passablement saoul, engage une curieuse conversation avec un interlocuteur improbable.<\/p>\n<h1><a href=\"http:\/\/www.franchouille.fr\/shadowrun\/sr-inspi\/nouvelles\/volte-face\/\">Volte-face<\/a><\/h1>\n<p>par <strong>R. King-Nitschke<\/strong> et traduit par <strong>Julien Le Marinier<\/strong>.<\/p>\n<p>Quand Zack et son \u00e9quipe sont embauch\u00e9s par un Johnson tout droit sorti de la Jet Set, ils ne se doutent pas un seul instant que l&rsquo;appartement qu&rsquo;ils ont pour mission de saccager leur r\u00e9serve une surprise de taille.<\/p>\n","protected":false},"excerpt":{"rendered":"<p>Affaires africaines par Gaspard L\u00e9pine \u00ab\u00a0Le p\u00e8re Saulnier s\u2019attardait dans son \u00e9glise en cette fin de dimanche apr\u00e8s-midi. Il avait finit de ranger le ch\u0153ur apr\u00e8s l\u2019office du matin. Il m\u00e9ditait assis dans son si\u00e8ge. La lumi\u00e8re qui entrait par le vitrail qui tenait lieu de mur du fond avait les accents chauds de cette [&hellip;]<\/p>\n","protected":false},"author":1,"featured_media":0,"parent":194,"menu_order":0,"comment_status":"closed","ping_status":"closed","template":"","meta":{"footnotes":""},"class_list":["post-198","page","type-page","status-publish","hentry"],"_links":{"self":[{"href":"http:\/\/www.franchouille.fr\/testsr\/wp-json\/wp\/v2\/pages\/198","targetHints":{"allow":["GET"]}}],"collection":[{"href":"http:\/\/www.franchouille.fr\/testsr\/wp-json\/wp\/v2\/pages"}],"about":[{"href":"http:\/\/www.franchouille.fr\/testsr\/wp-json\/wp\/v2\/types\/page"}],"author":[{"embeddable":true,"href":"http:\/\/www.franchouille.fr\/testsr\/wp-json\/wp\/v2\/users\/1"}],"replies":[{"embeddable":true,"href":"http:\/\/www.franchouille.fr\/testsr\/wp-json\/wp\/v2\/comments?post=198"}],"version-history":[{"count":0,"href":"http:\/\/www.franchouille.fr\/testsr\/wp-json\/wp\/v2\/pages\/198\/revisions"}],"up":[{"embeddable":true,"href":"http:\/\/www.franchouille.fr\/testsr\/wp-json\/wp\/v2\/pages\/194"}],"wp:attachment":[{"href":"http:\/\/www.franchouille.fr\/testsr\/wp-json\/wp\/v2\/media?parent=198"}],"curies":[{"name":"wp","href":"https:\/\/api.w.org\/{rel}","templated":true}]}}