{"id":191,"date":"2010-10-17T20:22:26","date_gmt":"2010-10-17T19:22:26","guid":{"rendered":"http:\/\/www.franchouille.fr\/shadowrun\/?page_id=191"},"modified":"2010-10-17T20:22:26","modified_gmt":"2010-10-17T19:22:26","slug":"strip-and-play-introduction","status":"publish","type":"page","link":"http:\/\/www.franchouille.fr\/testsr\/sr-inspi\/nouvelles\/strip-and-play-introduction\/","title":{"rendered":"Strip and Play (Introduction)"},"content":{"rendered":"<p>Tout se jouait ce soir. Cette premi\u00e8re course dans les Ombres serait couronn\u00e9e de succ\u00e8s. Elle pourrait tout autant \u00eatre leur derni\u00e8re balade.<\/p>\n<p>Le vieil orc au sourire moqueur les avait rassembl\u00e9s deux nuits auparavant. Un simple message que le filtre anti-spam de leur commlink n\u2019avait pas jug\u00e9 bon d\u2019arr\u00eater. Une heure, un lieu.<\/p>\n<p>Chacun s\u2019\u00e9tait pr\u00e9par\u00e9 avec attention, veillant \u00e0 respecter les quelques consignes glan\u00e9es \u00e0 l&rsquo;occasion d\u2019une recherche dans les coins d\u00e9tourn\u00e9s de la Matrice. Laisser l\u2019artillerie lourde \u00e0 la maison mais pr\u00e9voir tout de m\u00eame une mauvaise surprise. Arriver \u00e0 l\u2019heure tout en ayant rep\u00e9r\u00e9 les lieux. Avoir l\u2019air d\u00e9contract\u00e9 bien qu\u2019il s\u2019agisse, de fait, d\u2019un vrai bapt\u00eame du feu.<\/p>\n<p>Les blogueurs du Nexus n\u2019avaient en revanche pas mentionn\u00e9 la pluie chaude et l\u00e9g\u00e8rement acide qui coulait sournoisement au creux de la veste en kevlar. Ni la contraction d\u2019estomac, empreinte d\u2019un frisson glac\u00e9, lorsqu\u2019un v\u00e9hicule blind\u00e9 de la Lone Star s\u2019arr\u00eatait au feu juste derri\u00e8re vous, avant de tourner \u00e0 la prochaine \u00e0 droite.<\/p>\n<p>Seul le nain \u00e9tait arriv\u00e9 en retard, mais les grenades rouill\u00e9es \u00e0 sa ceinture avaient incit\u00e9 les autres \u00e0 garder pour eux tout \u00e9ventuel reproche. Ils ne s\u2019\u00e9taient encore jamais crois\u00e9s, ni ne s\u2019\u00e9taient trouv\u00e9s dans une telle situation. Chacun avait tent\u00e9 d\u2019\u00eatre discret lorsqu\u2019il avait d\u00e9visag\u00e9 ses futurs comparses.<\/p>\n<p>Le silence avait perdur\u00e9 jusqu\u2019au grincement qui les fit sursauter. Ils avanc\u00e8rent, maladroits et g\u00ean\u00e9s, dans la pi\u00e8ce d\u00e9sormais accessible. Le contraste \u00e9tait saisissant. La crasse du couloir et les fissures des murs couverts de tags avaient c\u00e9d\u00e9 la place au luxe clinquant d\u2019un bureau digne d\u2019un cadre sup\u00e9rieur de Horizon.<\/p>\n<p>La suite se passa simplement, comme si basculer dans les Ombres \u00e9tait finalement chose facile. Le briefing termin\u00e9, ils se r\u00e9unirent autour d\u2019un verre, dans un bar o\u00f9 ils n\u2019auraient jamais os\u00e9 poser les pieds quelques jours plus t\u00f4t. Il disposait de quarante-huit heures pour faire connaissance et apprendre \u00e0 fonctionner ensemble.<\/p>\n<p>Ils verraient cette nuit s\u2019ils avaient bien travaill\u00e9.<\/p>\n","protected":false},"excerpt":{"rendered":"<p>Tout se jouait ce soir. Cette premi\u00e8re course dans les Ombres serait couronn\u00e9e de succ\u00e8s. Elle pourrait tout autant \u00eatre leur derni\u00e8re balade. Le vieil orc au sourire moqueur les avait rassembl\u00e9s deux nuits auparavant. Un simple message que le filtre anti-spam de leur commlink n\u2019avait pas jug\u00e9 bon d\u2019arr\u00eater. Une heure, un lieu. Chacun [&hellip;]<\/p>\n","protected":false},"author":1,"featured_media":0,"parent":198,"menu_order":0,"comment_status":"closed","ping_status":"closed","template":"","meta":{"footnotes":""},"class_list":["post-191","page","type-page","status-publish","hentry"],"_links":{"self":[{"href":"http:\/\/www.franchouille.fr\/testsr\/wp-json\/wp\/v2\/pages\/191","targetHints":{"allow":["GET"]}}],"collection":[{"href":"http:\/\/www.franchouille.fr\/testsr\/wp-json\/wp\/v2\/pages"}],"about":[{"href":"http:\/\/www.franchouille.fr\/testsr\/wp-json\/wp\/v2\/types\/page"}],"author":[{"embeddable":true,"href":"http:\/\/www.franchouille.fr\/testsr\/wp-json\/wp\/v2\/users\/1"}],"replies":[{"embeddable":true,"href":"http:\/\/www.franchouille.fr\/testsr\/wp-json\/wp\/v2\/comments?post=191"}],"version-history":[{"count":0,"href":"http:\/\/www.franchouille.fr\/testsr\/wp-json\/wp\/v2\/pages\/191\/revisions"}],"up":[{"embeddable":true,"href":"http:\/\/www.franchouille.fr\/testsr\/wp-json\/wp\/v2\/pages\/198"}],"wp:attachment":[{"href":"http:\/\/www.franchouille.fr\/testsr\/wp-json\/wp\/v2\/media?parent=191"}],"curies":[{"name":"wp","href":"https:\/\/api.w.org\/{rel}","templated":true}]}}