{"id":115,"date":"2016-03-12T22:31:31","date_gmt":"2016-03-12T21:31:31","guid":{"rendered":"http:\/\/www.franchouille.fr\/shadowrun\/?page_id=115"},"modified":"2016-03-12T22:31:31","modified_gmt":"2016-03-12T21:31:31","slug":"credits-site-ressources","status":"publish","type":"page","link":"http:\/\/www.franchouille.fr\/testsr\/a-propos\/credits-site-ressources\/","title":{"rendered":"Cr\u00e9dits du site et des ressources"},"content":{"rendered":"<p>h2. Cr\u00e9dits<\/p>\n<p>Les images d&rsquo;habillage du site sont \u00a9Dave Dorman pour celle du c\u00e2bl\u00e9, \u00a9Tom Baxa pour celle du troll.<\/p>\n<p>Les icones sont originellement cr\u00e9\u00e9es par \u00ab\u00a0Kevin Potts\u00a0\u00bb:http:\/\/www.graphicpush.com.<\/p>\n<p>h2. Remerciements<\/p>\n<p>Rien ne se cr\u00e9\u00e9 \u00e0 partir du vide, et \u00ab\u00a0shadowrun.fr\u00a0\u00bb:http:\/\/shadowrun.fr n&rsquo;\u00e9chappe pas \u00e0 la r\u00e8gle. Nous avons beaucoup de personnes \u00e0 remercier :<\/p>\n<p>\u00ab\u00a0Dean Allen\u00a0\u00bb:http:\/\/www.textism.com\/about\/, \u00ab\u00a0Alex Shiels\u00a0\u00bb:http:\/\/thresholdstate.com\/, \u00ab\u00a0Pedro Palaz\u00f3n\u00a0\u00bb:http:\/\/kusor.net\/, \u00ab\u00a0Jason Hoffman\u00a0\u00bb:http:\/\/textdrive.com\/, \u00ab\u00a0Romuald\u00a0\u00bb:http:\/\/ckkoshi.free.fr\/, \u00ab\u00a0Adam Jury\u00a0\u00bb:http:\/\/www.talkinabout.com\/, \u00ab\u00a0Rob Sable\u00a0\u00bb:http:\/\/www.wilshireone.com\/, \u00ab\u00a0Thierry Doizon\u00a0\u00bb:http:\/\/www.barontieri.com\/, \u00ab\u00a0Michael Manfre\u00a0\u00bb:http:\/\/manfre.net\/, \u00ab\u00a0Robert Wetzlmayr\u00a0\u00bb:http:\/\/awasteofwords.com\/.<\/p>\n<p>Bien sur, nous tenons aussi \u00e0 remercier les b\u00eata-testeurs du site, qui ont t\u00e9m\u00e9rairement mis leur sant\u00e9 oculaire en danger en s&rsquo;aventurant sur les premi\u00e8res versions des pages. Et en particulier : \u00ab\u00a0Julien Lemarinier\u00a0\u00bb:http:\/\/shadowrun.fr\/forums\/profile.php?id=8, \u00ab\u00a0SkyDancer\u00a0\u00bb:http:\/\/shadowrun.fr\/forums\/profile.php?id=10, \u00ab\u00a0Thomas Moreau\u00a0\u00bb:http:\/\/shadowrun.fr\/forums\/profile.php?id=4, \u00ab\u00a0SkarnKa\u00a0\u00bb:http:\/\/shadowrun.fr\/forums\/profile.php?id=5.<\/p>\n","protected":false},"excerpt":{"rendered":"<p>h2. Cr\u00e9dits Les images d&rsquo;habillage du site sont \u00a9Dave Dorman pour celle du c\u00e2bl\u00e9, \u00a9Tom Baxa pour celle du troll. Les icones sont originellement cr\u00e9\u00e9es par \u00ab\u00a0Kevin Potts\u00a0\u00bb:http:\/\/www.graphicpush.com. h2. Remerciements Rien ne se cr\u00e9\u00e9 \u00e0 partir du vide, et \u00ab\u00a0shadowrun.fr\u00a0\u00bb:http:\/\/shadowrun.fr n&rsquo;\u00e9chappe pas \u00e0 la r\u00e8gle. Nous avons beaucoup de personnes \u00e0 remercier : \u00ab\u00a0Dean Allen\u00a0\u00bb:http:\/\/www.textism.com\/about\/, [&hellip;]<\/p>\n","protected":false},"author":1,"featured_media":0,"parent":82,"menu_order":0,"comment_status":"closed","ping_status":"closed","template":"","meta":{"footnotes":""},"class_list":["post-115","page","type-page","status-publish","hentry"],"_links":{"self":[{"href":"http:\/\/www.franchouille.fr\/testsr\/wp-json\/wp\/v2\/pages\/115","targetHints":{"allow":["GET"]}}],"collection":[{"href":"http:\/\/www.franchouille.fr\/testsr\/wp-json\/wp\/v2\/pages"}],"about":[{"href":"http:\/\/www.franchouille.fr\/testsr\/wp-json\/wp\/v2\/types\/page"}],"author":[{"embeddable":true,"href":"http:\/\/www.franchouille.fr\/testsr\/wp-json\/wp\/v2\/users\/1"}],"replies":[{"embeddable":true,"href":"http:\/\/www.franchouille.fr\/testsr\/wp-json\/wp\/v2\/comments?post=115"}],"version-history":[{"count":0,"href":"http:\/\/www.franchouille.fr\/testsr\/wp-json\/wp\/v2\/pages\/115\/revisions"}],"up":[{"embeddable":true,"href":"http:\/\/www.franchouille.fr\/testsr\/wp-json\/wp\/v2\/pages\/82"}],"wp:attachment":[{"href":"http:\/\/www.franchouille.fr\/testsr\/wp-json\/wp\/v2\/media?parent=115"}],"curies":[{"name":"wp","href":"https:\/\/api.w.org\/{rel}","templated":true}]}}