{"id":110,"date":"2016-03-12T22:30:06","date_gmt":"2016-03-12T21:30:06","guid":{"rendered":"http:\/\/www.franchouille.fr\/shadowrun\/?page_id=110"},"modified":"2016-03-12T22:30:06","modified_gmt":"2016-03-12T21:30:06","slug":"flux-de-donnees-disponibles","status":"publish","type":"page","link":"http:\/\/www.franchouille.fr\/testsr\/a-propos\/flux-de-donnees-disponibles\/","title":{"rendered":"Les flux de donn\u00e9es disponibles"},"content":{"rendered":"<p>h2. Mais c&rsquo;est quoi ?<\/p>\n<p>Les flux de donn\u00e9es XML (g\u00e9n\u00e9ralement appel\u00e9s \u00ab\u00a0RSS(Really Simple Syndication)\u00a0\u00bb:http:\/\/fr.wikipedia.org\/wiki\/Really_simple_syndication) sont une mani\u00e8re qu&rsquo;\u00e0 un site web d&rsquo;exporter son contenu brut \u00e0 d&rsquo;autres sites, d&rsquo;autres logiciels.<\/p>\n<p>Leur utilisation courante est d&rsquo;avoir un site web &#8211; ou un logiciel &#8211; central dans lequel vous notez tous les flux auxquels vous voulez vous abonner. Ensuite, d\u00e8s que vous ouvrez ce site ou ce logiciel, vous \u00eates automatiquement inform\u00e9 des nouveaut\u00e9s sur les sites qui vous int\u00e9ressent, et vous pouvez savoir ce qui a \u00e9t\u00e9 rajout\u00e9 pour savoir si cela vous int\u00e9resse ou non.<\/p>\n<p>C&rsquo;est tr\u00e8s simple \u00e0 utiliser, et extr\u00eamement utile quand on consulte r\u00e9guli\u00e8rement beaucoup de sites.<\/p>\n<p>h2. Les flux disponibles<\/p>\n<p>Nous supportons les deux grands protocoles de transmission, le RSS et l&rsquo;Atom. Si vous n&rsquo;avez pas de pr\u00e9f\u00e9rence, prenez l&rsquo;un ou l&rsquo;autre ils sont globalement \u00e9quivalents. Voici la liste des flux disponibles :<\/p>\n<p>* L&rsquo;ensemble du contenu du site web, au format \u00ab\u00a0RSS\u00a0\u00bb:http:\/\/shadowrun.fr\/rss\/ ou \u00ab\u00a0Atom\u00a0\u00bb:http:\/\/shadowrun.fr\/atom\/.<br \/>\n* Les discussions les plus actives sur nos forums en \u00ab\u00a0RSS\u00a0\u00bb:http:\/\/shadowrun.fr\/forums\/extern.php?action=active&amp;type=RSS.<br \/>\n* Uniquement les \u00ab\u00a0actualit\u00e9s\u00a0\u00bb:\/actualite du site, au format \u00ab\u00a0RSS\u00a0\u00bb:http:\/\/shadowrun.fr\/?rss=10&amp;section=actualite ou \u00ab\u00a0Atom\u00a0\u00bb:http:\/\/shadowrun.fr\/?atom=10&amp;section=actualite.<br \/>\n* Uniquement les \u00ab\u00a0articles de fond\u00a0\u00bb:\/article du site, au format \u00ab\u00a0RSS\u00a0\u00bb:http:\/\/shadowrun.fr\/?rss=10&amp;section=article ou \u00ab\u00a0Atom\u00a0\u00bb:http:\/\/shadowrun.fr\/?atom=10&amp;section=article<br \/>\n* Les liens vers d&rsquo;autres sites Shadowrun en fran\u00e7ais au format &lt;txp:link_feed_link label=\u00a0\u00bbRSS\u00a0\u00bb category=\u00a0\u00bbShadowrun-en-francais\u00a0\u00bb limit=\u00a0\u00bb10&Prime; \/&gt;.<\/p>\n<p>h2. Marques-pages dynamiques<\/p>\n<p>Si vous disposez d&rsquo;un navigateur web moderne, comme par exemple \u00ab\u00a0Firefox\u00a0\u00bb:http:\/\/www.mozilla-europe.org\/fr\/products\/firefox\/ vous verrez sur notre site (et bien d&rsquo;autres) appara\u00eetre dans la barre en bas de la fen\u00eatre de votre navigateur l&rsquo;ic\u00f4ne &lt;img src=\u00a0\u00bbhttp:\/\/www.mozilla-europe.org\/fr\/products\/firefox\/live-bookmarks\/rss.png\u00a0\u00bb alt=\u00a0\u00bbRSS\u00a0\u00bb title=\u00a0\u00bbIc\u00f4ne RSS\u00a0\u00bb style=\u00a0\u00bbfloat:none;margin:0;\u00a0\u00bb \/&gt; qui indique que des flux XML sont disponibles.<\/p>\n<p>Il vous suffit alors de cliquer sur l&rsquo;ic\u00f4ne pour voir les principaux flux existants, et choisir celui ou ceux qui vous int\u00e9ressent. Le flux sera alors cr\u00e9\u00e9 comme marque-page (favoris, \u00ab\u00a0%[en]bookmark%\u00a0\u00bb) et sera automatiquement mis \u00e0 jour directement dans votre navigateur chaque fois que vous cliquerez sur le marque-page. On peut difficilement faire plus simple.<\/p>\n<p>Pour plus d&rsquo;informations sur cette fonction, nous vous conseillons de lire la \u00ab\u00a0page Mozilla\u00a0\u00bb:http:\/\/www.mozilla-europe.org\/fr\/products\/firefox\/live-bookmarks\/ sur cette fonctionnalit\u00e9.<\/p>\n<p>h2. Autres moyens d&rsquo;y acc\u00e9der<\/p>\n<p>Il existe des dizaines (voir des centaines) de logiciels divers et vari\u00e9s, et de site web pour utiliser ces \u00ab\u00a0flux\u00a0\u00bb. Un bon site, test\u00e9 et approuv\u00e9&amp;, gratuit et en fran\u00e7ais est par exemple \u00ab\u00a0Bloglines\u00a0\u00bb:http:\/\/www.bloglines.com\/?Lang=french. En vous y inscrivant et en y notant les flux de vos sites favoris, vous n&rsquo;aurez qu&rsquo;une page \u00e0 consulter pour voir en un coup d&rsquo;\u0153il toutes vos actualit\u00e9s et nouveaut\u00e9s, sur mesure.<\/p>\n","protected":false},"excerpt":{"rendered":"<p>h2. Mais c&rsquo;est quoi ? Les flux de donn\u00e9es XML (g\u00e9n\u00e9ralement appel\u00e9s \u00ab\u00a0RSS(Really Simple Syndication)\u00a0\u00bb:http:\/\/fr.wikipedia.org\/wiki\/Really_simple_syndication) sont une mani\u00e8re qu&rsquo;\u00e0 un site web d&rsquo;exporter son contenu brut \u00e0 d&rsquo;autres sites, d&rsquo;autres logiciels. Leur utilisation courante est d&rsquo;avoir un site web &#8211; ou un logiciel &#8211; central dans lequel vous notez tous les flux auxquels vous voulez [&hellip;]<\/p>\n","protected":false},"author":1,"featured_media":0,"parent":82,"menu_order":0,"comment_status":"closed","ping_status":"closed","template":"","meta":{"footnotes":""},"class_list":["post-110","page","type-page","status-publish","hentry"],"_links":{"self":[{"href":"http:\/\/www.franchouille.fr\/testsr\/wp-json\/wp\/v2\/pages\/110","targetHints":{"allow":["GET"]}}],"collection":[{"href":"http:\/\/www.franchouille.fr\/testsr\/wp-json\/wp\/v2\/pages"}],"about":[{"href":"http:\/\/www.franchouille.fr\/testsr\/wp-json\/wp\/v2\/types\/page"}],"author":[{"embeddable":true,"href":"http:\/\/www.franchouille.fr\/testsr\/wp-json\/wp\/v2\/users\/1"}],"replies":[{"embeddable":true,"href":"http:\/\/www.franchouille.fr\/testsr\/wp-json\/wp\/v2\/comments?post=110"}],"version-history":[{"count":0,"href":"http:\/\/www.franchouille.fr\/testsr\/wp-json\/wp\/v2\/pages\/110\/revisions"}],"up":[{"embeddable":true,"href":"http:\/\/www.franchouille.fr\/testsr\/wp-json\/wp\/v2\/pages\/82"}],"wp:attachment":[{"href":"http:\/\/www.franchouille.fr\/testsr\/wp-json\/wp\/v2\/media?parent=110"}],"curies":[{"name":"wp","href":"https:\/\/api.w.org\/{rel}","templated":true}]}}