{"id":107,"date":"2016-03-12T22:27:24","date_gmt":"2016-03-12T21:27:24","guid":{"rendered":"http:\/\/www.franchouille.fr\/shadowrun\/?page_id=107"},"modified":"2016-03-12T22:27:24","modified_gmt":"2016-03-12T21:27:24","slug":"mentions-legales-copyright","status":"publish","type":"page","link":"http:\/\/www.franchouille.fr\/testsr\/a-propos\/mentions-legales-copyright\/","title":{"rendered":"Mentions l\u00e9gales et copyright"},"content":{"rendered":"<h1>Propri\u00e9t\u00e9 de Shadowrun<\/h1>\n<p>Shadowrun \u2122 est un jeu qui appartient \u00e0 Topps Company Inc., d\u00e9velopp\u00e9 et publi\u00e9 en anglais par \u00ab\u00a0Catalyst Game Labs\u00a0\u00bb:http:\/\/catalystgamelabs.com\/, un label de \u00ab\u00a0InMediaRes Productions, LLC\u00a0\u00bb:http:\/\/www.imrpro.com\/. Il est publi\u00e9 en fran\u00e7ais par \u00ab\u00a0Black Book \u00c9ditions\u00a0\u00bb:http:\/\/www.blackbookeditions.fr. Le site \u00ab\u00a0shadowrun.fr\u00a0\u00bb:http:\/\/shadowrun.fr est un site amateur, destin\u00e9 \u00e0 faire la promotion du jeu, il ne challenge pas Topps Company Inc. qui reste le seul et unique propri\u00e9taire du jeu et de la marque ??Shadowrun?? \u2122.<\/p>\n<p>!\/images\/125.png (Topps)! !\/images\/141.png (Catalyst Game Labs)! !\/images\/124.png (Black Book \u00c9ditions)!<\/p>\n<h1>\nAutorisation du site<\/h1>\n<p>Topps Company Inc. est l&rsquo;unique d\u00e9tenteur l\u00e9gal des noms, logo, illustrations, graphismes, marques, photographies, sons, vid\u00e9os et\/ou de tout le mat\u00e9riel propri\u00e9taire utilis\u00e9 en connexion avec le jeu de r\u00f4le Shadowrun. Topps Company Inc. a autoris\u00e9 l&rsquo;\u00e9quipe de \u00ab\u00a0shadowrun.fr\u00a0\u00bb:http:\/\/shadowrun.fr \u00e0 utiliser ces noms, logos, illustrations, graphismes, marques et\/ou tout mat\u00e9riel du jeu Shadowrun \u00e0 des fins de promotion et d&rsquo;information sur son site web \u00ab\u00a0shadowrun.fr\u00a0\u00bb:http:\/\/shadowrun.fr\u00a0 mais n&rsquo;endosse aucune responsabilit\u00e9 l\u00e9gale et n&rsquo;est affili\u00e9 avec le site \u00ab\u00a0shadowrun.fr\u00a0\u00bb:http:\/\/shadowrun.fr d&rsquo;aucune fa\u00e7on officielle quelle qu&rsquo;elle soit.<\/p>\n<h1>\nContenu original<\/h1>\n<p>Le contenu original est d\u00e9fini comme tout contenu du site qui n&rsquo;a pas \u00e9t\u00e9 au pr\u00e9alable publi\u00e9 par une autre entit\u00e9, principalement mais non limit\u00e9 \u00e0 FASA, FanPro ou Catalyst Game Labs. Ce contenu est l&rsquo;unique et totale propri\u00e9t\u00e9 de leur(s) auteur(s) ; \u00ab\u00a0shadowrun.fr\u00a0\u00bb:http:\/\/shadowrun.fr n&rsquo;est qu&rsquo;un interm\u00e9diaire technique qui am\u00e8ne ce contenu \u00e0 la vue de tous.<\/p>\n<p>Ce contenu original peut \u00eatre r\u00e9utilis\u00e9 ou non, publi\u00e9 ailleurs ou non, selon le choix de l&rsquo;auteur qui publie ce contenu sur le site \u00ab\u00a0shadowrun.fr\u00a0\u00bb:http:\/\/shadowrun.fr au moment de sa mise en ligne. Les termes exacts d&rsquo;utilisations sont g\u00e9n\u00e9ralement explicit\u00e9s dans la licence d&rsquo;utilisation pr\u00e9cis\u00e9e sur le contenu original, par exemple mais non limit\u00e9 aux licences \u00ab\u00a0Art Libre\u00a0\u00bb:http:\/\/artlibre.org\/, \u00ab\u00a0GNU Free Documentation License\u00a0\u00bb:http:\/\/www.gnu.org\/copyleft\/fdl.html, \u00ab\u00a0Creative Commons\u00a0\u00bb:http:\/\/fr.creativecommons.org\/. Si vous avez le moindre doute sur les utilisations possibles et les modalit\u00e9s d&rsquo;utilisation d&rsquo;une ressource, n&rsquo;h\u00e9sitez pas \u00e0 contacter son auteur ou \u00ab\u00a0le responsable du site\u00a0\u00bb:http:\/\/shadowrun.fr\/contact.<\/p>\n<h1>Charte de publication<\/h1>\n<p>Toute personne publiant un contenu &#8211; quel qu&rsquo;il soit &#8211; sur ce site accepte pleinement et sans restriction la &lt;cite&gt;&lt;txp:zem_link href=\u00a0\u00bb91&Prime; \/&gt;&lt;\/cite&gt;.<\/p>\n<h1>\nComp\u00e9tences l\u00e9gislatives<\/h1>\n<p>Les serveurs de ce site sont h\u00e9berg\u00e9s \u00e0 en r\u00e9gion parisienne en France, les juridictions fran\u00e7aises et europ\u00e9ennes sont donc applicables.<\/p>\n<h1>Acc\u00e8s et rectifications<\/h1>\n<p>Ce site respecte les mentions l\u00e9gales obligatoires et respecte la \u00ab\u00a0loi n\u00b0 78-17 du 6 Janvier 1978\u00a0\u00bb:http:\/\/www.cnil.fr\/index.php?id=301 (modifi\u00e9e) relative \u00e0 l&rsquo;informatique, aux fichiers et aux libert\u00e9s.<\/p>\n<p>Basiquement, cela veut dire que vous pouvez demander \u00e0 savoir ce que nous savons sur vous, et dans certains cas \u00e0 voir ces informations rectifi\u00e9es, voir effac\u00e9es. Dans la limite du raisonnable, aussi bien sur les motivations que sur les possibilit\u00e9s techniques (comme le pr\u00e9voit le cadre l\u00e9gislatif et judiciaire).<\/p>\n<p>Voici ce que nous savons sur vous, enfin ce que nos ordinateurs savent sur vous :<\/p>\n<p>* Quand vous vous connectez \u00e0 n&rsquo;importe quel partie du site, notre h\u00e9bergeur enregistre un fichier journal avec : la date et l&rsquo;heure, votre IP, \u00e9ventuellement l&rsquo;adresse DNS inverse correspondante, la page ou le programme demand\u00e9, et le r\u00e9f\u00e9rant HTTP, et votre logiciel client tel qu&rsquo;il se d\u00e9clare. Leur dur\u00e9e de conservation est g\u00e9r\u00e9e par l&rsquo;h\u00e9bergeur, et se conforme \u00e0 la l\u00e9gislation en vigueur.<br \/>\n* Le logiciel employ\u00e9 par nous enregistre parfois (selon sa configuration du moment) \u00e9galement ces informations.<br \/>\n* Certains parties du site (en particulier les forums, les commentaires d&rsquo;articles, le module de r\u00e9daction d&rsquo;articles) mettent en place un cookie chez vous avec des informations pour s\u00e9curiser l&rsquo;acc\u00e8s et faciliter votre navigation. Vous pouvez librement effacer ces cookies, ils sont tous sous le domaine globale *shadowrun.fr* et donc facilement identifiables. Leur dur\u00e9e de vie apr\u00e8s leur derni\u00e8re utilisation est g\u00e9n\u00e9ralement de un an, mais vous pouvez les effacer quand vous le souhaitez.<br \/>\n* Certaines parties du site vous proposent d&rsquo;enregistrer des informations personnelles (en particulier les forums et le module de r\u00e9daction d&rsquo;articles). Ces informations ne sont enregistr\u00e9es que par un acte volontaire de votre part. Leur dur\u00e9e de conservation maximale est aussi longtemps que vous le souhaitez, il suffit d&rsquo;un petit email pour que nous vous effacions.<\/p>\n<p>Il est important de noter que 95% (si ce n&rsquo;est beaucoup plus) des sites internet enregistrent aussi toutes ces informations, nous ne sommes en rien diff\u00e9rent de la plupart des sites que vous visitez quotidiennement ; nous choisissons seulement de vous informer clairement sur la question.<\/p>\n<p>Pour exercer votre droit d&rsquo;acc\u00e8s ou de rectification, \u00ab\u00a0contactez-nous par email\u00a0\u00bb:\/contact.<\/p>\n<p>Ce site est d\u00e9clar\u00e9 \u00e0 la CNIL sous le num\u00e9ro 1089715.<\/p>\n<h1>\nh2. Propri\u00e9taire et contact<\/h1>\n<p>Le webmaster et propri\u00e9taire du site est J\u00e9r\u00e9mie Bouillon. Vous pouvez le contacter par \u00ab\u00a0email\u00a0\u00bb:\/contact pour toute question l\u00e9gale regardant le site. En particulier si vous \u00eates l&rsquo;auteur, ou l&rsquo;ayant-droit d&rsquo;une \u0153uvre qui est ill\u00e9galement utilis\u00e9e sur le site &#8211; ce qui ne doit pas \u00eatre le cas, mais sait-on jamais &#8211; il vous suffit d&rsquo;envoyer un email avec les informations prouvant votre condition pour que l&rsquo;\u0153uvre soit imm\u00e9diatement retir\u00e9e.<\/p>\n<p>Les articles, \u0153uvres et documents du site sont eux l&rsquo;enti\u00e8re et unique propri\u00e9t\u00e9 de leur(s) auteur(s) respectif(s).Mentions l\u00e9gales et copyright<\/p>\n","protected":false},"excerpt":{"rendered":"<p>Propri\u00e9t\u00e9 de Shadowrun Shadowrun \u2122 est un jeu qui appartient \u00e0 Topps Company Inc., d\u00e9velopp\u00e9 et publi\u00e9 en anglais par \u00ab\u00a0Catalyst Game Labs\u00a0\u00bb:http:\/\/catalystgamelabs.com\/, un label de \u00ab\u00a0InMediaRes Productions, LLC\u00a0\u00bb:http:\/\/www.imrpro.com\/. Il est publi\u00e9 en fran\u00e7ais par \u00ab\u00a0Black Book \u00c9ditions\u00a0\u00bb:http:\/\/www.blackbookeditions.fr. Le site \u00ab\u00a0shadowrun.fr\u00a0\u00bb:http:\/\/shadowrun.fr est un site amateur, destin\u00e9 \u00e0 faire la promotion du jeu, il ne challenge [&hellip;]<\/p>\n","protected":false},"author":1,"featured_media":0,"parent":82,"menu_order":0,"comment_status":"closed","ping_status":"closed","template":"","meta":{"footnotes":""},"class_list":["post-107","page","type-page","status-publish","hentry"],"_links":{"self":[{"href":"http:\/\/www.franchouille.fr\/testsr\/wp-json\/wp\/v2\/pages\/107","targetHints":{"allow":["GET"]}}],"collection":[{"href":"http:\/\/www.franchouille.fr\/testsr\/wp-json\/wp\/v2\/pages"}],"about":[{"href":"http:\/\/www.franchouille.fr\/testsr\/wp-json\/wp\/v2\/types\/page"}],"author":[{"embeddable":true,"href":"http:\/\/www.franchouille.fr\/testsr\/wp-json\/wp\/v2\/users\/1"}],"replies":[{"embeddable":true,"href":"http:\/\/www.franchouille.fr\/testsr\/wp-json\/wp\/v2\/comments?post=107"}],"version-history":[{"count":0,"href":"http:\/\/www.franchouille.fr\/testsr\/wp-json\/wp\/v2\/pages\/107\/revisions"}],"up":[{"embeddable":true,"href":"http:\/\/www.franchouille.fr\/testsr\/wp-json\/wp\/v2\/pages\/82"}],"wp:attachment":[{"href":"http:\/\/www.franchouille.fr\/testsr\/wp-json\/wp\/v2\/media?parent=107"}],"curies":[{"name":"wp","href":"https:\/\/api.w.org\/{rel}","templated":true}]}}